{"id":1500,"date":"2024-08-21T00:33:35","date_gmt":"2024-08-20T22:33:35","guid":{"rendered":"https:\/\/sammler.com.pl\/?post_type=product&#038;p=1500"},"modified":"2026-01-27T14:14:50","modified_gmt":"2026-01-27T13:14:50","slug":"agrowloknina-80g-m%c2%b2-brazowa-32-m-z-uv","status":"publish","type":"product","link":"https:\/\/sammler.com.pl\/uk\/product\/\u0430\u0433\u0440\u043e\u0431\u043b\u043e\u043a-80\u0433-m\u00b2-\u043a\u043e\u0440\u0438\u0447\u043d\u0435\u0432\u0438\u0439-32-\u043c-\u0437-\u0443\u0444\/","title":{"rendered":"\u0410\u0433\u0440\u043e\u0442\u0435\u043a\u0441\u0442\u0438\u043b\u044c 80\u0433\/\u043c\u00b2 \u043a\u043e\u0440\u0438\u0447\u043d\u0435\u0432\u0438\u0439 3,2 \u043c \u0437 \u0423\u0424"},"content":{"rendered":"<h2 style=\"font-size: 1em; margin: 10px auto;\">\u041f\u0435\u0440\u0435\u0432\u0430\u0433\u0438 \u0432\u0438\u043a\u043e\u0440\u0438\u0441\u0442\u0430\u043d\u043d\u044f \u043a\u043e\u0440\u0438\u0447\u043d\u0435\u0432\u043e\u0433\u043e \u0430\u0433\u0440\u043e\u0442\u0435\u043a\u0441\u0442\u0438\u043b\u044e \u0434\u043b\u044f \u043c\u0443\u043b\u044c\u0447\u0443\u0432\u0430\u043d\u043d\u044f<\/h2>\n<p>\u0410\u0433\u0440\u043e\u0442\u0435\u043a\u0441\u0442\u0438\u043b\u044c 80\u0433\/\u043c\u00b2 \u043a\u043e\u0440\u0438\u0447\u043d\u0435\u0432\u0438\u0439 3,2 \u043c \u0437 \u0423\u0424 \u2014 \u0456\u0434\u0435\u0430\u043b\u044c\u043d\u0435 \u0440\u0456\u0448\u0435\u043d\u043d\u044f \u0434\u043b\u044f \u043c\u0443\u043b\u044c\u0447\u0443\u0432\u0430\u043d\u043d\u044f, \u044f\u043a\u0435 \u043f\u0440\u043e\u043f\u043e\u043d\u0443\u0454 \u043d\u0430\u0448\u0430 \u043a\u043e\u043c\u043f\u0430\u043d\u0456\u044f Samm\u00adler. \u0412\u0438\u043a\u043e\u0440\u0438\u0441\u0442\u043e\u0432\u0443\u044e\u0447\u0438 \u0446\u0435\u0439 \u043f\u0440\u043e\u0434\u0443\u043a\u0442, \u0432\u0438 \u043c\u043e\u0436\u0435\u0442\u0435 \u0435\u0444\u0435\u043a\u0442\u0438\u0432\u043d\u043e \u0437\u0430\u0445\u0438\u0441\u0442\u0438\u0442\u0438 \u0491\u0440\u0443\u043d\u0442 \u0432\u0456\u0434 \u043d\u0435\u0431\u0430\u0436\u0430\u043d\u0438\u0445 \u0431\u0443\u0440\u2019\u044f\u043d\u0456\u0432, \u0442\u0438\u043c \u0441\u0430\u043c\u0438\u043c \u0437\u043c\u0435\u043d\u0448\u0438\u0432\u0448\u0438 \u0447\u0430\u0441 \u0456 \u0437\u0443\u0441\u0438\u043b\u043b\u044f, \u0432\u0438\u0442\u0440\u0430\u0447\u0435\u043d\u0456 \u043d\u0430 \u0457\u0445 \u0432\u0438\u0434\u0430\u043b\u0435\u043d\u043d\u044f. \u0410\u0433\u0440\u043e\u0442\u0435\u043a\u0441\u0442\u0438\u043b\u044c \u043f\u0456\u0434\u0442\u0440\u0438\u043c\u0443\u0454 \u043e\u043f\u0442\u0438\u043c\u0430\u043b\u044c\u043d\u0438\u0439 \u0440\u0456\u0432\u0435\u043d\u044c \u0432\u043e\u043b\u043e\u0433\u043e\u0441\u0442\u0456 \u0491\u0440\u0443\u043d\u0442\u0443, \u0449\u043e \u043c\u0430\u0454 \u0432\u0438\u0440\u0456\u0448\u0430\u043b\u044c\u043d\u0435 \u0437\u043d\u0430\u0447\u0435\u043d\u043d\u044f \u0434\u043b\u044f \u0437\u0434\u043e\u0440\u043e\u0432\u043e\u0433\u043e \u0440\u043e\u0441\u0442\u0443 \u0432\u0430\u0448\u0438\u0445 \u0440\u043e\u0441\u043b\u0438\u043d. \u041a\u0440\u0456\u043c \u0442\u043e\u0433\u043e, \u0432\u0456\u043d \u043f\u0456\u0434\u0442\u0440\u0438\u043c\u0443\u0454 \u0457\u0445 \u043a\u043e\u0440\u0435\u043d\u0435\u0432\u0443 \u0441\u0438\u0441\u0442\u0435\u043c\u0443, \u0437\u043c\u0456\u0446\u043d\u044e\u044e\u0447\u0438 \u0457\u0457 \u0456 \u0434\u043e\u0437\u0432\u043e\u043b\u044f\u044e\u0447\u0438 \u0433\u043b\u0438\u0431\u0448\u0435 \u0432\u043a\u043e\u0440\u0456\u043d\u044e\u0432\u0430\u0442\u0438\u0441\u044f, \u0449\u043e, \u0432 \u0441\u0432\u043e\u044e \u0447\u0435\u0440\u0433\u0443, \u043f\u043e\u043a\u0440\u0430\u0449\u0443\u0454 \u0457\u0445 \u0440\u043e\u0437\u0432\u0438\u0442\u043e\u043a. \u0429\u0435 \u043e\u0434\u043d\u0430 \u043f\u0435\u0440\u0435\u0432\u0430\u0433\u0430 \u043f\u043e\u043b\u044f\u0433\u0430\u0454 \u0432 \u0442\u043e\u043c\u0443, \u0449\u043e \u0432\u0456\u043d \u043f\u043e\u043a\u0440\u0430\u0449\u0443\u0454 \u0435\u0441\u0442\u0435\u0442\u0438\u0447\u043d\u0438\u0439 \u0432\u0438\u0433\u043b\u044f\u0434 \u0432\u0430\u0448\u043e\u0433\u043e \u0441\u0430\u0434\u0443 \u2014 \u0430\u0433\u0440\u043e\u0442\u0435\u043a\u0441\u0442\u0438\u043b\u044c \u043d\u0430\u0434\u0430\u0454 \u0439\u043e\u043c\u0443 \u0430\u043a\u0443\u0440\u0430\u0442\u043d\u043e\u0433\u043e, \u043e\u0445\u0430\u0439\u043d\u043e\u0433\u043e \u0432\u0438\u0433\u043b\u044f\u0434\u0443, \u044f\u043a\u0438\u0439 \u043d\u0435\u043e\u0434\u043c\u0456\u043d\u043d\u043e \u043e\u0446\u0456\u043d\u0438\u0442\u044c \u0431\u0443\u0434\u044c-\u044f\u043a\u0438\u0439 \u043b\u044e\u0431\u0438\u0442\u0435\u043b\u044c \u043f\u0440\u0438\u0440\u043e\u0434\u0438. \u0412\u0438\u0440\u0456\u0431 \u043f\u0440\u043e\u043f\u0443\u0441\u043a\u0430\u0454 \u0432\u043e\u0434\u0443 \u0456 \u043f\u043e\u0432\u0456\u0442\u0440\u044f, \u0449\u043e \u0432\u0430\u0436\u043b\u0438\u0432\u043e \u0434\u043b\u044f \u0437\u0434\u043e\u0440\u043e\u0432\u043e\u0433\u043e \u043a\u043e\u0440\u0435\u043d\u0435\u0432\u043e\u0433\u043e \u0441\u0435\u0440\u0435\u0434\u043e\u0432\u0438\u0449\u0430. \u041a\u0440\u0456\u043c \u0442\u043e\u0433\u043e, \u043a\u043e\u0440\u0438\u0447\u043d\u0435\u0432\u0438\u0439 \u0430\u0433\u0440\u043e\u0442\u0435\u043a\u0441\u0442\u0438\u043b\u044c 80 \u0433\/\u043c\u00b2 3,2 \u043c \u0437 \u0423\u0424 \u0445\u0430\u0440\u0430\u043a\u0442\u0435\u0440\u0438\u0437\u0443\u0454\u0442\u044c\u0441\u044f \u0432\u0438\u0441\u043e\u043a\u043e\u044e \u043c\u0456\u0446\u043d\u0456\u0441\u0442\u044e \u0456 \u0441\u0442\u0456\u0439\u043a\u0456\u0441\u0442\u044e \u0434\u043e \u0443\u043b\u044c\u0442\u0440\u0430\u0444\u0456\u043e\u043b\u0435\u0442\u0443, \u0449\u043e \u043e\u0437\u043d\u0430\u0447\u0430\u0454, \u0449\u043e \u0432\u0456\u043d \u043f\u0440\u043e\u0441\u043b\u0443\u0436\u0438\u0442\u044c \u0434\u043e\u0432\u0433\u0438\u0439 \u0447\u0430\u0441. \u0421\u043a\u043e\u0440\u0438\u0441\u0442\u0430\u0439\u0442\u0435\u0441\u044f \u043d\u0430\u0448\u043e\u044e \u043f\u0440\u043e\u043f\u043e\u0437\u0438\u0446\u0456\u0454\u044e \u0456 \u0432\u0438\u0431\u0435\u0440\u0456\u0442\u044c \u043a\u043e\u0440\u0438\u0447\u043d\u0435\u0432\u0438\u0439 \u0430\u0433\u0440\u043e\u0442\u0435\u043a\u0441\u0442\u0438\u043b\u044c 3,2 \u043c \u0437 \u0443\u043b\u044c\u0442\u0440\u0430\u0444\u0456\u043e\u043b\u0435\u0442\u043e\u0432\u0438\u043c \u0432\u0438\u043f\u0440\u043e\u043c\u0456\u043d\u044e\u0432\u0430\u043d\u043d\u044f\u043c 80 \u0433\/\u043c\u00b2, \u0449\u043e\u0431 \u043d\u0430\u0441\u043e\u043b\u043e\u0434\u0436\u0443\u0432\u0430\u0442\u0438\u0441\u044f \u043a\u0440\u0430\u0441\u0438\u0432\u0438\u043c \u0456 \u0434\u043e\u0433\u043b\u044f\u043d\u0443\u0442\u0438\u043c \u0441\u0430\u0434\u043e\u043c.<\/p>","protected":false},"excerpt":{"rendered":"<p>Zalety stosowania agrow\u0142\u00f3kniny br\u0105zowej do \u015bci\u00f3\u0142kowania Agrow\u0142\u00f3knina 80g\/m\u00b2 br\u0105zowa 3,2 m z UV to idealne rozwi\u0105zanie do \u015bci\u00f3\u0142kowania, oferowane przez nasz\u0105 firm\u0119 Sammler. Dzi\u0119ki zastosowaniu tego produktu mo\u017cesz skutecznie chroni\u0107 gleb\u0119 przed niechcianymi chwastami, co pozwala na zmniejszenie czasu i wysi\u0142ku po\u015bwi\u0119canego na ich usuwanie. Agrow\u0142\u00f3knina utrzymuje optymalny poziom wilgotno\u015bci gleby, co ma kluczowe znaczenie [&hellip;]<\/p>\n","protected":false},"featured_media":1691,"template":"","meta":{"_acf_changed":false,"wp_typography_post_enhancements_disabled":false},"product_brand":[],"product_cat":[57,68,70,67,69],"product_tag":[],"class_list":{"0":"post-1500","1":"product","2":"type-product","3":"status-publish","4":"has-post-thumbnail","6":"product_cat-agrowloknina","7":"product_cat-agrowloknina-pod-kamienie","8":"product_cat-agrowloknina-pod-rosliny","9":"product_cat-agrowloknina-przeciw-chwastom","10":"product_cat-agrowloknina-sciolkujaca","11":"pa_gramatura-agrowloknina-p-80","13":"first","14":"instock","15":"taxable","16":"shipping-taxable","17":"purchasable","18":"product-type-variable","19":"has-default-attributes"},"acf":[],"_links":{"self":[{"href":"https:\/\/sammler.com.pl\/uk\/wp-json\/wp\/v2\/product\/1500","targetHints":{"allow":["GET"]}}],"collection":[{"href":"https:\/\/sammler.com.pl\/uk\/wp-json\/wp\/v2\/product"}],"about":[{"href":"https:\/\/sammler.com.pl\/uk\/wp-json\/wp\/v2\/types\/product"}],"wp:featuredmedia":[{"embeddable":true,"href":"https:\/\/sammler.com.pl\/uk\/wp-json\/wp\/v2\/media\/1691"}],"wp:attachment":[{"href":"https:\/\/sammler.com.pl\/uk\/wp-json\/wp\/v2\/media?parent=1500"}],"wp:term":[{"taxonomy":"product_brand","embeddable":true,"href":"https:\/\/sammler.com.pl\/uk\/wp-json\/wp\/v2\/product_brand?post=1500"},{"taxonomy":"product_cat","embeddable":true,"href":"https:\/\/sammler.com.pl\/uk\/wp-json\/wp\/v2\/product_cat?post=1500"},{"taxonomy":"product_tag","embeddable":true,"href":"https:\/\/sammler.com.pl\/uk\/wp-json\/wp\/v2\/product_tag?post=1500"}],"curies":[{"name":"wp","href":"https:\/\/api.w.org\/{rel}","templated":true}]}}