{"id":1491,"date":"2024-08-21T00:07:58","date_gmt":"2024-08-20T22:07:58","guid":{"rendered":"https:\/\/sammler.com.pl\/?post_type=product&#038;p=1491"},"modified":"2026-02-23T18:41:37","modified_gmt":"2026-02-23T17:41:37","slug":"agrowloknina-80g-m%c2%b2-brazowa-11-m-z-uv","status":"publish","type":"product","link":"https:\/\/sammler.com.pl\/uk\/product\/\u0430\u0433\u0440\u043e\u0431\u043b\u043e\u043a-80\u0433-m\u00b2-\u043a\u043e\u0440\u0438\u0447\u043d\u0435\u0432\u0438\u0439-11\u043c-\u0437-\u0443\u0444\/","title":{"rendered":"\u0410\u0433\u0440\u043e\u0442\u0435\u043a\u0441\u0442\u0438\u043b\u044c 80\u0433\/\u043c\u00b2 \u043a\u043e\u0440\u0438\u0447\u043d\u0435\u0432\u0438\u0439 1,1 \u043c \u0437 \u0423\u0424"},"content":{"rendered":"<h2 style=\"font-size: 1em; margin: 10px auto;\">\u041f\u0435\u0440\u0435\u0432\u0430\u0433\u0438 \u043a\u043e\u0440\u0438\u0447\u043d\u0435\u0432\u043e\u0433\u043e \u0430\u0433\u0440\u043e\u0442\u0435\u043a\u0441\u0442\u0438\u043b\u044e 80 \u0433\/\u043c\u00b2 \u0437 \u0443\u043b\u044c\u0442\u0440\u0430\u0444\u0456\u043e\u043b\u0435\u0442\u043e\u043c<\/h2>\n<p>\u0410\u0433\u0440\u043e\u0442\u0435\u043a\u0441\u0442\u0438\u043b\u044c \u043a\u043e\u0440\u0438\u0447\u043d\u0435\u0432\u0438\u0439 1,1 \u043c \u0437 \u0443\u043b\u044c\u0442\u0440\u0430\u0444\u0456\u043e\u043b\u0435\u0442\u043e\u0432\u0438\u043c \u043f\u043e\u043a\u0440\u0438\u0442\u0442\u044f\u043c \u0449\u0456\u043b\u044c\u043d\u0456\u0441\u0442\u044e 80 \u0433\/\u043c\u00b2 \u043c\u0430\u0454 \u0443\u043d\u0456\u043a\u0430\u043b\u044c\u043d\u0456 \u043f\u0435\u0440\u0435\u0432\u0430\u0433\u0438 \u0442\u0430 \u0432\u043b\u0430\u0441\u0442\u0438\u0432\u043e\u0441\u0442\u0456, \u044f\u043a\u0456 \u0440\u043e\u0431\u043b\u044f\u0442\u044c \u0439\u043e\u0433\u043e \u0456\u0434\u0435\u0430\u043b\u044c\u043d\u0438\u043c \u0432\u0438\u0431\u043e\u0440\u043e\u043c \u044f\u043a \u0434\u043b\u044f \u043f\u0440\u043e\u0444\u0435\u0441\u0456\u043e\u043d\u0430\u043b\u0456\u0432, \u0442\u0430\u043a \u0456 \u0434\u043b\u044f \u043b\u044e\u0431\u0438\u0442\u0435\u043b\u0456\u0432 \u0441\u0430\u0434\u0456\u0432\u043d\u0438\u0446\u0442\u0432\u0430. \u0417\u0430\u0432\u0434\u044f\u043a\u0438 \u0432\u0438\u0441\u043e\u043a\u0456\u0439 \u0449\u0456\u043b\u044c\u043d\u043e\u0441\u0442\u0456 80 \u0433\/\u043c\u00b2, \u043f\u0440\u043e\u0434\u0443\u043a\u0442 \u0432\u0438\u0440\u0456\u0437\u043d\u044f\u0454\u0442\u044c\u0441\u044f \u043d\u0430\u0434\u0437\u0432\u0438\u0447\u0430\u0439\u043d\u043e\u044e \u043c\u0456\u0446\u043d\u0456\u0441\u0442\u044e, \u0437\u0430\u0431\u0435\u0437\u043f\u0435\u0447\u0443\u044e\u0447\u0438 \u0435\u0444\u0435\u043a\u0442\u0438\u0432\u043d\u0438\u0439 \u0437\u0430\u0445\u0438\u0441\u0442 \u0491\u0440\u0443\u043d\u0442\u0443 \u0432\u0456\u0434 \u0440\u043e\u0441\u0442\u0443 \u0431\u0443\u0440\u2019\u044f\u043d\u0456\u0432 \u043d\u0430 \u0434\u043e\u0432\u0433\u0456 \u0440\u043e\u043a\u0438. \u041a\u0440\u0456\u043c \u0442\u043e\u0433\u043e, \u0441\u0442\u0456\u0439\u043a\u0456\u0441\u0442\u044c \u0434\u043e \u0443\u043b\u044c\u0442\u0440\u0430\u0444\u0456\u043e\u043b\u0435\u0442\u043e\u0432\u043e\u0433\u043e \u0432\u0438\u043f\u0440\u043e\u043c\u0456\u043d\u044e\u0432\u0430\u043d\u043d\u044f \u043e\u0437\u043d\u0430\u0447\u0430\u0454, \u0449\u043e \u0430\u0433\u0440\u043e\u0442\u0435\u043a\u0441\u0442\u0438\u043b\u044c \u043a\u043e\u0440\u0438\u0447\u043d\u0435\u0432\u0438\u0439 1,1 \u043c 80 \u0433\/\u043c\u00b2 \u043d\u0435 \u0440\u043e\u0437\u043a\u043b\u0430\u0434\u0430\u0454\u0442\u044c\u0441\u044f \u0448\u0432\u0438\u0434\u043a\u043e \u043f\u0456\u0434 \u0432\u043f\u043b\u0438\u0432\u043e\u043c \u0441\u043e\u043d\u0446\u044f, \u0449\u043e \u0437\u043d\u0430\u0447\u043d\u043e \u043f\u043e\u0434\u043e\u0432\u0436\u0443\u0454 \u0442\u0435\u0440\u043c\u0456\u043d \u0439\u043e\u0433\u043e \u0441\u043b\u0443\u0436\u0431\u0438. \u0426\u0435\u0439 \u043f\u0440\u043e\u0434\u0443\u043a\u0442 \u0432\u0456\u0434\u043c\u0456\u043d\u043d\u043e \u043f\u0456\u0434\u0442\u0440\u0438\u043c\u0443\u0454 \u043e\u043f\u0442\u0438\u043c\u0430\u043b\u044c\u043d\u0443 \u0432\u043e\u043b\u043e\u0433\u0456\u0441\u0442\u044c \u0491\u0440\u0443\u043d\u0442\u0443, \u0449\u043e \u0441\u043f\u0440\u0438\u044f\u0454 \u0437\u043c\u0456\u0446\u043d\u0435\u043d\u043d\u044e \u043a\u043e\u0440\u0435\u043d\u0435\u0432\u043e\u0457 \u0441\u0438\u0441\u0442\u0435\u043c\u0438 \u0440\u043e\u0441\u043b\u0438\u043d \u0456 \u043a\u0440\u0430\u0449\u043e\u043c\u0443 \u0440\u043e\u0437\u0432\u0438\u0442\u043a\u0443. \u0421\u0442\u0440\u0443\u043a\u0442\u0443\u0440\u0430 \u0430\u0433\u0440\u043e\u0442\u0435\u043a\u0441\u0442\u0438\u043b\u044e \u043f\u0440\u043e\u043d\u0438\u043a\u043d\u0430 \u0434\u043b\u044f \u0432\u043e\u0434\u0438 \u0456 \u043f\u043e\u0432\u0456\u0442\u0440\u044f, \u0449\u043e \u0454 \u0437\u0430\u043f\u043e\u0440\u0443\u043a\u043e\u044e \u0441\u0442\u0432\u043e\u0440\u0435\u043d\u043d\u044f \u0437\u0434\u043e\u0440\u043e\u0432\u043e\u0433\u043e \u043a\u043e\u0440\u0435\u043d\u0435\u0432\u043e\u0433\u043e \u0441\u0435\u0440\u0435\u0434\u043e\u0432\u0438\u0449\u0430. \u041a\u0440\u0456\u043c \u0442\u043e\u0433\u043e, \u043a\u043e\u0440\u0438\u0447\u043d\u0435\u0432\u0438\u0439 \u0430\u0433\u0440\u043e\u0442\u0435\u043a\u0441\u0442\u0438\u043b\u044c \u043f\u043e\u043a\u0440\u0430\u0449\u0443\u0454 \u0435\u0441\u0442\u0435\u0442\u0438\u043a\u0443 \u0441\u0430\u0434\u0443, \u0440\u043e\u0431\u043b\u044f\u0447\u0438 \u0439\u043e\u0433\u043e \u043e\u0445\u0430\u0439\u043d\u0438\u043c \u0456 \u0430\u043a\u0443\u0440\u0430\u0442\u043d\u0438\u043c. \u0421\u043a\u043e\u0440\u0438\u0441\u0442\u0430\u0439\u0442\u0435\u0441\u044f \u043f\u0435\u0440\u0435\u0432\u0430\u0433\u0430\u043c\u0438 \u0430\u0441\u043e\u0440\u0442\u0438\u043c\u0435\u043d\u0442\u0443 Samm\u00adler RecBord \u0442\u0430 \u043e\u0431\u0435\u0440\u0456\u0442\u044c \u043a\u043e\u0440\u0438\u0447\u043d\u0435\u0432\u0438\u0439 \u0430\u0433\u0440\u043e\u0442\u0435\u043a\u0441\u0442\u0438\u043b\u044c 1,1 \u043c \u0437 \u0443\u043b\u044c\u0442\u0440\u0430\u0444\u0456\u043e\u043b\u0435\u0442\u043e\u0432\u0438\u043c \u0432\u0438\u043f\u0440\u043e\u043c\u0456\u043d\u044e\u0432\u0430\u043d\u043d\u044f\u043c \u0449\u0456\u043b\u044c\u043d\u0456\u0441\u0442\u044e 80 \u0433\/\u043c\u00b2, \u0449\u043e\u0431 \u043d\u0430\u0441\u043e\u043b\u043e\u0434\u0436\u0443\u0432\u0430\u0442\u0438\u0441\u044f \u043f\u0438\u0448\u043d\u0438\u043c \u0456 \u0437\u0434\u043e\u0440\u043e\u0432\u0438\u043c \u0441\u0430\u0434\u043e\u043c, \u0432\u0456\u043b\u044c\u043d\u0438\u043c \u0432\u0456\u0434 \u0431\u0443\u0440\u2019\u044f\u043d\u0456\u0432!<\/p>","protected":false},"excerpt":{"rendered":"<p>Zalety agrow\u0142\u00f3kniny br\u0105zowej 80g\/m\u00b2 z UV Agrow\u0142\u00f3knina 80g\/m\u00b2 br\u0105zowa 1,1 m z UV zapewnia wyj\u0105tkowe korzy\u015bci i w\u0142a\u015bciwo\u015bci, kt\u00f3re czyni\u0105 j\u0105 idealnym wyborem zar\u00f3wno dla profesjonalist\u00f3w, jak i amator\u00f3w ogrodnictwa. Dzi\u0119ki wysokiej gramaturze wynosz\u0105cej 80g\/m\u00b2 produkt wyr\u00f3\u017cnia si\u0119 niezwyk\u0142\u0105 trwa\u0142o\u015bci\u0105, zapewniaj\u0105c skuteczn\u0105 ochron\u0119 gleby przed wyrastaniem chwast\u00f3w przez d\u0142ugie lata. Dodatkowo odporno\u015b\u0107 na promieniowanie UV [&hellip;]<\/p>\n","protected":false},"featured_media":1691,"template":"","meta":{"_acf_changed":false,"wp_typography_post_enhancements_disabled":false},"product_brand":[],"product_cat":[57,68,70,67,69],"product_tag":[],"class_list":{"0":"post-1491","1":"product","2":"type-product","3":"status-publish","4":"has-post-thumbnail","6":"product_cat-agrowloknina","7":"product_cat-agrowloknina-pod-kamienie","8":"product_cat-agrowloknina-pod-rosliny","9":"product_cat-agrowloknina-przeciw-chwastom","10":"product_cat-agrowloknina-sciolkujaca","11":"pa_gramatura-agrowloknina-p-80","13":"first","14":"instock","15":"taxable","16":"shipping-taxable","17":"purchasable","18":"product-type-variable","19":"has-default-attributes"},"acf":[],"_links":{"self":[{"href":"https:\/\/sammler.com.pl\/uk\/wp-json\/wp\/v2\/product\/1491","targetHints":{"allow":["GET"]}}],"collection":[{"href":"https:\/\/sammler.com.pl\/uk\/wp-json\/wp\/v2\/product"}],"about":[{"href":"https:\/\/sammler.com.pl\/uk\/wp-json\/wp\/v2\/types\/product"}],"wp:featuredmedia":[{"embeddable":true,"href":"https:\/\/sammler.com.pl\/uk\/wp-json\/wp\/v2\/media\/1691"}],"wp:attachment":[{"href":"https:\/\/sammler.com.pl\/uk\/wp-json\/wp\/v2\/media?parent=1491"}],"wp:term":[{"taxonomy":"product_brand","embeddable":true,"href":"https:\/\/sammler.com.pl\/uk\/wp-json\/wp\/v2\/product_brand?post=1491"},{"taxonomy":"product_cat","embeddable":true,"href":"https:\/\/sammler.com.pl\/uk\/wp-json\/wp\/v2\/product_cat?post=1491"},{"taxonomy":"product_tag","embeddable":true,"href":"https:\/\/sammler.com.pl\/uk\/wp-json\/wp\/v2\/product_tag?post=1491"}],"curies":[{"name":"wp","href":"https:\/\/api.w.org\/{rel}","templated":true}]}}