{"id":1461,"date":"2024-08-07T15:41:38","date_gmt":"2024-08-07T13:41:38","guid":{"rendered":"https:\/\/sammler.com.pl\/?post_type=product&#038;p=1461"},"modified":"2026-01-27T15:10:24","modified_gmt":"2026-01-27T14:10:24","slug":"agrowloknina-50g-m%c2%b2-brazowa-32-m-z-uv","status":"publish","type":"product","link":"https:\/\/sammler.com.pl\/uk\/product\/\u0430\u0433\u0440\u043e\u0431\u043b\u043e\u043a-50\u0433-m\u00b2-\u043a\u043e\u0440\u0438\u0447\u043d\u0435\u0432\u0438\u0439-32-\u043c-\u0437-\u0443\u0444\/","title":{"rendered":"\u0410\u0433\u0440\u043e\u0442\u0435\u043a\u0441\u0442\u0438\u043b\u044c 50\u0433\/\u043c\u00b2 \u043a\u043e\u0440\u0438\u0447\u043d\u0435\u0432\u0438\u0439 3,2 \u043c \u0437 \u0423\u0424"},"content":{"rendered":"<h2 style=\"font-size: 1em; margin: 10px auto;\">\u041d\u0430\u043d\u0435\u0441\u0435\u043d\u043d\u044f \u0430\u0433\u0440\u043e\u0442\u0435\u043a\u0441\u0442\u0438\u043b\u044e 50 \u0433\/\u043c\u00b2 \u043a\u043e\u0440\u0438\u0447\u043d\u0435\u0432\u043e\u0433\u043e \u043a\u043e\u043b\u044c\u043e\u0440\u0443 3,2 \u043c \u0437 \u0443\u043b\u044c\u0442\u0440\u0430\u0444\u0456\u043e\u043b\u0435\u0442\u043e\u043c<\/h2>\n<p>\u0410\u0433\u0440\u043e\u0442\u0435\u043a\u0441\u0442\u0438\u043b\u044c 50\u0433\/\u043c\u00b2 \u043a\u043e\u0440\u0438\u0447\u043d\u0435\u0432\u0438\u0439 3,2 \u043c \u0437 \u0443\u043b\u044c\u0442\u0440\u0430\u0444\u0456\u043e\u043b\u0435\u0442\u043e\u043c \u2014 \u043d\u0435\u0437\u0430\u043c\u0456\u043d\u043d\u0438\u0439 \u0456\u043d\u0441\u0442\u0440\u0443\u043c\u0435\u043d\u0442 \u0443 \u043f\u0440\u043e\u0444\u0435\u0441\u0456\u0439\u043d\u043e\u043c\u0443 \u0442\u0430 \u0430\u043c\u0430\u0442\u043e\u0440\u0441\u044c\u043a\u043e\u043c\u0443 \u0441\u0430\u0434\u0456\u0432\u043d\u0438\u0446\u0442\u0432\u0456, \u044f\u043a\u0438\u0439 \u0437\u043d\u0430\u0439\u0434\u0435 \u0448\u0438\u0440\u043e\u043a\u0435 \u0437\u0430\u0441\u0442\u043e\u0441\u0443\u0432\u0430\u043d\u043d\u044f. \u0417\u0430\u0432\u0434\u044f\u043a\u0438 \u0441\u0432\u043e\u0457\u043c \u0432\u043b\u0430\u0441\u0442\u0438\u0432\u043e\u0441\u0442\u044f\u043c \u0432\u0456\u043d \u0456\u0434\u0435\u0430\u043b\u044c\u043d\u043e \u043f\u0456\u0434\u0445\u043e\u0434\u0438\u0442\u044c \u0434\u043b\u044f \u043c\u0443\u043b\u044c\u0447\u0443\u0432\u0430\u043d\u043d\u044f \u0442\u0430 \u0437\u0430\u0445\u0438\u0441\u0442\u0443 \u0491\u0440\u0443\u043d\u0442\u0443 \u0432\u0456\u0434 \u043d\u0435\u0431\u0430\u0436\u0430\u043d\u0438\u0445 \u0431\u0443\u0440\u2019\u044f\u043d\u0456\u0432. \u0417\u0430\u0445\u0438\u0449\u0430\u044e\u0447\u0438 \u0491\u0440\u0443\u043d\u0442, \u0432\u0438 \u0441\u0442\u0432\u043e\u0440\u044e\u0454\u0442\u0435 \u0431\u0456\u043b\u044c\u0448\u0435 \u043c\u0456\u0441\u0446\u044f \u0434\u043b\u044f \u0437\u0434\u043e\u0440\u043e\u0432\u043e\u0433\u043e \u0440\u043e\u0441\u0442\u0443 \u0440\u043e\u0441\u043b\u0438\u043d \u0456 \u043f\u043e\u043a\u0440\u0430\u0449\u0443\u0454\u0442\u0435 \u0435\u0441\u0442\u0435\u0442\u0438\u0447\u043d\u0438\u0439 \u0432\u0438\u0433\u043b\u044f\u0434 \u0432\u0430\u0448\u043e\u0433\u043e \u0441\u0430\u0434\u0443. \u0410\u0433\u0440\u043e\u0442\u0435\u043a\u0441\u0442\u0438\u043b\u044c \u043a\u043e\u0440\u0438\u0447\u043d\u0435\u0432\u043e\u0433\u043e \u043a\u043e\u043b\u044c\u043e\u0440\u0443 3,2 \u043c \u0437 \u0443\u043b\u044c\u0442\u0440\u0430\u0444\u0456\u043e\u043b\u0435\u0442\u043e\u0432\u0438\u043c \u0432\u0438\u043f\u0440\u043e\u043c\u0456\u043d\u044e\u0432\u0430\u043d\u043d\u044f\u043c \u0449\u0456\u043b\u044c\u043d\u0456\u0441\u0442\u044e 50 \u0433\/\u043c\u00b2 \u0435\u0444\u0435\u043a\u0442\u0438\u0432\u043d\u043e \u043f\u0456\u0434\u0442\u0440\u0438\u043c\u0443\u0454 \u043e\u043f\u0442\u0438\u043c\u0430\u043b\u044c\u043d\u0443 \u0432\u043e\u043b\u043e\u0433\u0456\u0441\u0442\u044c \u0491\u0440\u0443\u043d\u0442\u0443, \u0449\u043e \u043c\u0430\u0454 \u0432\u0438\u0440\u0456\u0448\u0430\u043b\u044c\u043d\u0435 \u0437\u043d\u0430\u0447\u0435\u043d\u043d\u044f \u0434\u043b\u044f \u0437\u0434\u043e\u0440\u043e\u0432\u043e\u0433\u043e \u0440\u043e\u0441\u0442\u0443 \u0440\u043e\u0441\u043b\u0438\u043d. \u0419\u043e\u0433\u043e \u0441\u0442\u0440\u0443\u043a\u0442\u0443\u0440\u0430 \u0434\u043e\u0437\u0432\u043e\u043b\u044f\u0454 \u0432\u043e\u0434\u0456 \u0442\u0430 \u043f\u043e\u0432\u0456\u0442\u0440\u044e \u0432\u0456\u043b\u044c\u043d\u043e \u0446\u0438\u0440\u043a\u0443\u043b\u044e\u0432\u0430\u0442\u0438, \u0449\u043e \u0441\u043f\u0440\u0438\u044f\u0454 \u043f\u0440\u0430\u0432\u0438\u043b\u044c\u043d\u043e\u043c\u0443 \u0443\u043a\u043e\u0440\u0456\u043d\u0435\u043d\u043d\u044e \u0442\u0430 \u0437\u0430\u043e\u0445\u043e\u0447\u0443\u0454 \u0434\u0438\u043d\u0430\u043c\u0456\u0447\u043d\u0438\u0439 \u0440\u0456\u0441\u0442 \u0440\u043e\u0441\u043b\u0438\u043d. \u0417\u0430\u0445\u0438\u0441\u0442 \u0491\u0440\u0443\u043d\u0442\u0443 \u2014 \u0446\u0435 \u043d\u0435 \u0442\u0456\u043b\u044c\u043a\u0438 \u0431\u043e\u0440\u043e\u0442\u044c\u0431\u0430 \u0437 \u0431\u0443\u0440\u2019\u044f\u043d\u0430\u043c\u0438, \u0430 \u0439 \u0441\u0442\u0432\u043e\u0440\u0435\u043d\u043d\u044f \u043a\u0440\u0430\u0449\u0438\u0445 \u0443\u043c\u043e\u0432 \u0434\u043b\u044f \u0440\u043e\u0441\u043b\u0438\u043d, \u044f\u043a\u0456 \u0437\u0430\u0432\u0434\u044f\u043a\u0438 \u0430\u0433\u0440\u043e\u0442\u0435\u043a\u0441\u0442\u0438\u043b\u044e \u043e\u0442\u0440\u0438\u043c\u0443\u044e\u0442\u044c \u043a\u0440\u0430\u0449\u0456 \u0443\u043c\u043e\u0432\u0438 \u0434\u043b\u044f \u0440\u043e\u0441\u0442\u0443. \u0412\u0438\u0431\u0438\u0440\u0430\u0439\u0442\u0435 \u043d\u0430\u0448\u0443 \u043f\u0440\u043e\u0434\u0443\u043a\u0446\u0456\u044e \u0432\u0456\u0434 Samm\u00adler RecBord \u0456 \u0441\u043a\u043e\u0440\u0438\u0441\u0442\u0430\u0439\u0442\u0435\u0441\u044f \u043d\u0430\u0448\u043e\u044e \u043f\u0440\u043e\u043f\u043e\u0437\u0438\u0446\u0456\u0454\u044e!<\/p>","protected":false},"excerpt":{"rendered":"<p>Zastosowanie agrow\u0142\u00f3kniny 50g\/m\u00b2 br\u0105zowej 3,2 m z UV Agrow\u0142\u00f3knina 50g\/m\u00b2 br\u0105zowa 3,2 m z UV to niezast\u0105pione narz\u0119dzie w profesjonalnym i amatorskim ogrodnictwie, kt\u00f3re znajdzie szerokie zastosowanie. Dzi\u0119ki swoim w\u0142a\u015bciwo\u015bciom jest doskona\u0142a do \u015bci\u00f3\u0142kowania i ochrony gleby przed niepo\u017c\u0105danymi chwastami. Chroni\u0105c gleb\u0119, sprawiasz, \u017ce ro\u015bliny maj\u0105 wi\u0119cej miejsca na zdrowy rozw\u00f3j oraz zwi\u0119kszasz estetyk\u0119 ogrodu. [&hellip;]<\/p>\n","protected":false},"featured_media":1691,"template":"","meta":{"_acf_changed":false,"wp_typography_post_enhancements_disabled":false},"product_brand":[],"product_cat":[57,68,70,67,69],"product_tag":[],"class_list":{"0":"post-1461","1":"product","2":"type-product","3":"status-publish","4":"has-post-thumbnail","6":"product_cat-agrowloknina","7":"product_cat-agrowloknina-pod-kamienie","8":"product_cat-agrowloknina-pod-rosliny","9":"product_cat-agrowloknina-przeciw-chwastom","10":"product_cat-agrowloknina-sciolkujaca","11":"pa_gramatura-agrowloknina-p-50","13":"first","14":"instock","15":"taxable","16":"shipping-taxable","17":"purchasable","18":"product-type-variable","19":"has-default-attributes"},"acf":[],"_links":{"self":[{"href":"https:\/\/sammler.com.pl\/uk\/wp-json\/wp\/v2\/product\/1461","targetHints":{"allow":["GET"]}}],"collection":[{"href":"https:\/\/sammler.com.pl\/uk\/wp-json\/wp\/v2\/product"}],"about":[{"href":"https:\/\/sammler.com.pl\/uk\/wp-json\/wp\/v2\/types\/product"}],"wp:featuredmedia":[{"embeddable":true,"href":"https:\/\/sammler.com.pl\/uk\/wp-json\/wp\/v2\/media\/1691"}],"wp:attachment":[{"href":"https:\/\/sammler.com.pl\/uk\/wp-json\/wp\/v2\/media?parent=1461"}],"wp:term":[{"taxonomy":"product_brand","embeddable":true,"href":"https:\/\/sammler.com.pl\/uk\/wp-json\/wp\/v2\/product_brand?post=1461"},{"taxonomy":"product_cat","embeddable":true,"href":"https:\/\/sammler.com.pl\/uk\/wp-json\/wp\/v2\/product_cat?post=1461"},{"taxonomy":"product_tag","embeddable":true,"href":"https:\/\/sammler.com.pl\/uk\/wp-json\/wp\/v2\/product_tag?post=1461"}],"curies":[{"name":"wp","href":"https:\/\/api.w.org\/{rel}","templated":true}]}}