{"id":1448,"date":"2024-08-07T15:23:19","date_gmt":"2024-08-07T13:23:19","guid":{"rendered":"https:\/\/sammler.com.pl\/?post_type=product&#038;p=1448"},"modified":"2026-02-23T15:41:39","modified_gmt":"2026-02-23T14:41:39","slug":"agrowloknina-50g-m%c2%b2-brazowa-08-m-z-uv","status":"publish","type":"product","link":"https:\/\/sammler.com.pl\/uk\/product\/\u0430\u0433\u0440\u043e\u0431\u043b\u043e\u043a-50\u0433-m\u00b2-\u043a\u043e\u0440\u0438\u0447\u043d\u0435\u0432\u0438\u0439-08-\u043c-\u0437-\u0443\u0444\/","title":{"rendered":"\u0410\u0433\u0440\u043e\u0442\u0435\u043a\u0441\u0442\u0438\u043b\u044c 50\u0433\/\u043c\u00b2 \u043a\u043e\u0440\u0438\u0447\u043d\u0435\u0432\u0438\u0439 0,8 \u043c \u0437 \u0423\u0424"},"content":{"rendered":"<h2 style=\"font-size: 1em; margin: 10px auto;\">\u041f\u0435\u0440\u0435\u0432\u0430\u0433\u0438 \u0432\u0438\u043a\u043e\u0440\u0438\u0441\u0442\u0430\u043d\u043d\u044f \u0430\u0433\u0440\u043e\u0444\u043b\u0456\u0441\u0443 \u0432 \u0441\u0430\u0434\u0443<\/h2>\n<p>\u0410\u0433\u0440\u043e\u0442\u0435\u043a\u0441\u0442\u0438\u043b\u044c 50 \u0433\/\u043c\u00b2 \u043a\u043e\u0440\u0438\u0447\u043d\u0435\u0432\u0438\u0439 0,8 \u043c \u0437 \u0443\u043b\u044c\u0442\u0440\u0430\u0444\u0456\u043e\u043b\u0435\u0442\u043e\u043c \u2014 \u0446\u0435 \u0443\u043d\u0456\u0432\u0435\u0440\u0441\u0430\u043b\u044c\u043d\u0435 \u0440\u0456\u0448\u0435\u043d\u043d\u044f, \u044f\u043a\u0435 \u043f\u0440\u0438\u043d\u0435\u0441\u0435 \u0431\u0435\u0437\u043b\u0456\u0447 \u043f\u0435\u0440\u0435\u0432\u0430\u0433 \u0432\u0430\u0448\u043e\u043c\u0443 \u0441\u0430\u0434\u0443. \u041f\u0435\u0440\u0448 \u0437\u0430 \u0432\u0441\u0435, \u0432\u0456\u043d \u0435\u0444\u0435\u043a\u0442\u0438\u0432\u043d\u043e \u0437\u0430\u0445\u0438\u0449\u0430\u0454 \u0491\u0440\u0443\u043d\u0442 \u0432\u0456\u0434 \u0440\u043e\u0441\u0442\u0443 \u043d\u0430\u0441\u0442\u0438\u0440\u043b\u0438\u0432\u0438\u0445 \u0431\u0443\u0440\u2019\u044f\u043d\u0456\u0432, \u043f\u043e\u043b\u0435\u0433\u0448\u0443\u044e\u0447\u0438 \u0434\u043e\u0433\u043b\u044f\u0434 \u0437\u0430 \u0441\u0430\u0434\u043e\u043c \u0431\u0435\u0437 \u0432\u0438\u043a\u043e\u0440\u0438\u0441\u0442\u0430\u043d\u043d\u044f \u0445\u0456\u043c\u0456\u043a\u0430\u0442\u0456\u0432. \u041a\u0440\u0456\u043c \u0442\u043e\u0433\u043e, \u043a\u043e\u0440\u0438\u0447\u043d\u0435\u0432\u0438\u0439 \u0430\u0433\u0440\u043e\u0442\u0435\u043a\u0441\u0442\u0438\u043b\u044c 0,8 \u043c \u0437 \u0443\u043b\u044c\u0442\u0440\u0430\u0444\u0456\u043e\u043b\u0435\u0442\u043e\u0432\u0438\u043c \u0432\u0438\u043f\u0440\u043e\u043c\u0456\u043d\u044e\u0432\u0430\u043d\u043d\u044f\u043c \u0449\u0456\u043b\u044c\u043d\u0456\u0441\u0442\u044e 50 \u0433\/\u043c\u00b2 \u0434\u043e\u043f\u043e\u043c\u0430\u0433\u0430\u0454 \u043f\u0456\u0434\u0442\u0440\u0438\u043c\u0443\u0432\u0430\u0442\u0438 \u043e\u043f\u0442\u0438\u043c\u0430\u043b\u044c\u043d\u0443 \u0432\u043e\u043b\u043e\u0433\u0456\u0441\u0442\u044c \u0491\u0440\u0443\u043d\u0442\u0443, \u0449\u043e \u043c\u0430\u0454 \u0432\u0438\u0440\u0456\u0448\u0430\u043b\u044c\u043d\u0435 \u0437\u043d\u0430\u0447\u0435\u043d\u043d\u044f \u0434\u043b\u044f \u0437\u0434\u043e\u0440\u043e\u0432\u043e\u0433\u043e \u0442\u0430 \u0441\u0438\u043b\u044c\u043d\u043e\u0433\u043e \u0440\u043e\u0441\u0442\u0443 \u0440\u043e\u0441\u043b\u0438\u043d. \u041f\u0456\u0434\u0442\u0440\u0438\u043c\u043a\u0430 \u043d\u0430\u043b\u0435\u0436\u043d\u043e\u0433\u043e \u0440\u0456\u0432\u043d\u044f \u0432\u043e\u043b\u043e\u0433\u043e\u0441\u0442\u0456 \u043f\u0456\u0434\u0442\u0440\u0438\u043c\u0443\u0454 \u043a\u043e\u0440\u0435\u043d\u0435\u0432\u0443 \u0441\u0438\u0441\u0442\u0435\u043c\u0443, \u0440\u043e\u0431\u043b\u044f\u0447\u0438 \u0457\u0457 \u0431\u0456\u043b\u044c\u0448 \u0441\u0442\u0456\u0439\u043a\u043e\u044e \u0434\u043e \u043f\u043e\u0441\u0443\u0445\u0438. \u041d\u0430 \u0434\u043e\u0434\u0430\u0442\u043e\u043a \u0434\u043e \u043f\u0440\u0430\u043a\u0442\u0438\u0447\u043d\u0438\u0445 \u043f\u0435\u0440\u0435\u0432\u0430\u0433, \u043a\u043e\u0440\u0438\u0447\u043d\u0435\u0432\u0438\u0439 \u0430\u0433\u0440\u043e\u0442\u0435\u043a\u0441\u0442\u0438\u043b\u044c \u0437 \u0443\u043b\u044c\u0442\u0440\u0430\u0444\u0456\u043e\u043b\u0435\u0442\u043e\u0432\u0438\u043c \u0432\u0438\u043f\u0440\u043e\u043c\u0456\u043d\u044e\u0432\u0430\u043d\u043d\u044f\u043c 0,8 \u043c \u0449\u0456\u043b\u044c\u043d\u0456\u0441\u0442\u044e 50 \u0433\/\u043c\u00b2 \u0442\u0430\u043a\u043e\u0436 \u0437\u043d\u0430\u0447\u043d\u043e \u043f\u043e\u043a\u0440\u0430\u0449\u0443\u0454 \u0435\u0441\u0442\u0435\u0442\u0438\u043a\u0443 \u0441\u0430\u0434\u0443, \u043d\u0430\u0434\u0430\u044e\u0447\u0438 \u0439\u043e\u043c\u0443 \u043e\u0445\u0430\u0439\u043d\u043e\u0433\u043e \u0442\u0430 \u0430\u043a\u0443\u0440\u0430\u0442\u043d\u043e\u0433\u043e \u0432\u0438\u0433\u043b\u044f\u0434\u0443. \u041d\u0435\u0442\u043a\u0430\u043d\u0435 \u043f\u043e\u043b\u043e\u0442\u043d\u043e \u043f\u0440\u043e\u043f\u0443\u0441\u043a\u0430\u0454 \u0432\u043e\u0434\u0443 \u0456 \u043f\u043e\u0432\u0456\u0442\u0440\u044f, \u0449\u043e \u0441\u043f\u0440\u0438\u044f\u0454 \u0441\u0442\u0432\u043e\u0440\u0435\u043d\u043d\u044e \u0437\u0434\u043e\u0440\u043e\u0432\u043e\u0433\u043e \u043a\u043e\u0440\u0435\u043d\u0435\u0432\u043e\u0433\u043e \u0441\u0435\u0440\u0435\u0434\u043e\u0432\u0438\u0449\u0430. \u0410\u0433\u0440\u043e\u0444\u043b\u0456\u0441 \u0434\u043e\u0441\u0442\u0443\u043f\u043d\u0438\u0439 \u0432\u0456\u0434 Samm\u00adler RecBord \u0443 \u0440\u0456\u0437\u043d\u0438\u0445 \u0440\u043e\u0437\u043c\u0456\u0440\u0430\u0445, \u0449\u043e\u0431 \u0437\u0430\u0434\u043e\u0432\u043e\u043b\u044c\u043d\u0438\u0442\u0438 \u0440\u0456\u0437\u043d\u0456 \u043f\u043e\u0442\u0440\u0435\u0431\u0438 \u0441\u0430\u0434\u0443. \u0421\u043a\u043e\u0440\u0438\u0441\u0442\u0430\u0439\u0442\u0435\u0441\u044f \u043d\u0430\u0448\u0438\u043c \u0430\u0441\u043e\u0440\u0442\u0438\u043c\u0435\u043d\u0442\u043e\u043c \u0456 \u043d\u0430\u0441\u043e\u043b\u043e\u0434\u0436\u0443\u0439\u0442\u0435\u0441\u044f \u043a\u0440\u0430\u0441\u0438\u0432\u0438\u043c, \u0437\u0434\u043e\u0440\u043e\u0432\u0438\u043c \u0441\u0430\u0434\u043e\u043c \u0446\u0456\u043b\u0438\u0439 \u0440\u0456\u043a.<\/p>","protected":false},"excerpt":{"rendered":"<p>Zalety stosowania agrow\u0142\u00f3kniny w ogrodzie Agrow\u0142\u00f3knina 50g\/m\u00b2 br\u0105zowa 0,8 m z UV to wszechstronne rozwi\u0105zanie, kt\u00f3re niesie ze sob\u0105 r\u00f3\u017cnorodne zalety dla Twojego ogrodu. Przede wszystkim skutecznie zapewnia ochron\u0119 gleby przed wyrastaniem uci\u0105\u017cliwych chwast\u00f3w, co u\u0142atwia utrzymanie porz\u0105dku w ogrodzie bez konieczno\u015bci stosowania \u015brodk\u00f3w chemicznych. Dodatkowo agrow\u0142\u00f3knina 50g\/m\u00b2 br\u0105zowa 0,8 m z UV pomaga w [&hellip;]<\/p>\n","protected":false},"featured_media":1691,"template":"","meta":{"_acf_changed":false,"wp_typography_post_enhancements_disabled":false},"product_brand":[],"product_cat":[57,68,70,67,69],"product_tag":[],"class_list":{"0":"post-1448","1":"product","2":"type-product","3":"status-publish","4":"has-post-thumbnail","6":"product_cat-agrowloknina","7":"product_cat-agrowloknina-pod-kamienie","8":"product_cat-agrowloknina-pod-rosliny","9":"product_cat-agrowloknina-przeciw-chwastom","10":"product_cat-agrowloknina-sciolkujaca","11":"pa_gramatura-agrowloknina-p-50","13":"first","14":"instock","15":"taxable","16":"shipping-taxable","17":"purchasable","18":"product-type-variable","19":"has-default-attributes"},"acf":[],"_links":{"self":[{"href":"https:\/\/sammler.com.pl\/uk\/wp-json\/wp\/v2\/product\/1448","targetHints":{"allow":["GET"]}}],"collection":[{"href":"https:\/\/sammler.com.pl\/uk\/wp-json\/wp\/v2\/product"}],"about":[{"href":"https:\/\/sammler.com.pl\/uk\/wp-json\/wp\/v2\/types\/product"}],"wp:featuredmedia":[{"embeddable":true,"href":"https:\/\/sammler.com.pl\/uk\/wp-json\/wp\/v2\/media\/1691"}],"wp:attachment":[{"href":"https:\/\/sammler.com.pl\/uk\/wp-json\/wp\/v2\/media?parent=1448"}],"wp:term":[{"taxonomy":"product_brand","embeddable":true,"href":"https:\/\/sammler.com.pl\/uk\/wp-json\/wp\/v2\/product_brand?post=1448"},{"taxonomy":"product_cat","embeddable":true,"href":"https:\/\/sammler.com.pl\/uk\/wp-json\/wp\/v2\/product_cat?post=1448"},{"taxonomy":"product_tag","embeddable":true,"href":"https:\/\/sammler.com.pl\/uk\/wp-json\/wp\/v2\/product_tag?post=1448"}],"curies":[{"name":"wp","href":"https:\/\/api.w.org\/{rel}","templated":true}]}}