{"id":1424,"date":"2024-08-06T18:03:31","date_gmt":"2024-08-06T16:03:31","guid":{"rendered":"https:\/\/sammler.com.pl\/?post_type=product&#038;p=1424"},"modified":"2026-02-23T17:34:23","modified_gmt":"2026-02-23T16:34:23","slug":"agrowloknina-80g-m%c2%b2-czarna-11-m-z-uv-kopia","status":"publish","type":"product","link":"https:\/\/sammler.com.pl\/uk\/product\/80\u0433-\u0430\u0433\u0440\u043e\u0431\u043b\u043e\u043a-m\u00b2-\u0447\u043e\u0440\u043d\u0438\u0439-11\u043c-\u0437-\u0443\u043b\u044c\u0442\u0440\u0430\u0444\u0456\u043e\u043b\u0435\u0442\u043e\/","title":{"rendered":"\u0410\u0433\u0440\u043e\u0442\u0435\u043a\u0441\u0442\u0438\u043b\u044c 80\u0433\/\u043c\u00b2 \u0447\u043e\u0440\u043d\u0438\u0439 1,1 \u043c \u0437 \u0423\u0424"},"content":{"rendered":"<h2 style=\"font-size: 1em; margin: 10px auto;\">\u0423\u043d\u0456\u0432\u0435\u0440\u0441\u0430\u043b\u044c\u043d\u0435 \u0432\u0438\u043a\u043e\u0440\u0438\u0441\u0442\u0430\u043d\u043d\u044f \u0430\u0433\u0440\u043e\u0444\u043b\u0456\u0441\u0443 \u0432 \u0441\u0430\u0434\u0456\u0432\u043d\u0438\u0446\u0442\u0432\u0456<\/h2>\n<p>Agrowo\u00adven 80\u0433\/\u043c\u00b2 \u0447\u043e\u0440\u043d\u0438\u0439 1,1\u043c \u0437 \u0423\u0424 \u2014 \u0446\u0435 \u0443\u043d\u0456\u0432\u0435\u0440\u0441\u0430\u043b\u044c\u043d\u0438\u0439 \u0456\u043d\u0441\u0442\u0440\u0443\u043c\u0435\u043d\u0442, \u044f\u043a\u0438\u0439 \u0432\u0438\u043a\u043e\u0440\u0438\u0441\u0442\u043e\u0432\u0443\u0454\u0442\u044c\u0441\u044f \u0432 \u0441\u0430\u0434\u0456\u0432\u043d\u0438\u0446\u0442\u0432\u0456, \u043f\u0440\u043e\u043f\u043e\u043d\u0443\u044e\u0447\u0438 \u0440\u0456\u0437\u043d\u043e\u043c\u0430\u043d\u0456\u0442\u043d\u0456 \u0432\u0430\u0440\u0456\u0430\u043d\u0442\u0438 \u0432\u0438\u043a\u043e\u0440\u0438\u0441\u0442\u0430\u043d\u043d\u044f, \u0449\u043e\u0431 \u0437\u0440\u043e\u0431\u0438\u0442\u0438 \u0432\u0430\u0448 \u0441\u0430\u0434 \u043c\u0456\u0441\u0446\u0435\u043c \u0437\u0434\u043e\u0440\u043e\u0432\u043e\u0433\u043e \u0442\u0430 \u0435\u0441\u0442\u0435\u0442\u0438\u0447\u043d\u043e\u0433\u043e \u0440\u043e\u0441\u0442\u0443 \u0440\u043e\u0441\u043b\u0438\u043d. \u0406\u0434\u0435\u0430\u043b\u044c\u043d\u043e \u043f\u0456\u0434\u0445\u043e\u0434\u0438\u0442\u044c \u0434\u043b\u044f \u043c\u0443\u043b\u044c\u0447\u0443\u0432\u0430\u043d\u043d\u044f, \u0437\u0430\u0431\u0435\u0437\u043f\u0435\u0447\u0443\u0454 \u0435\u0444\u0435\u043a\u0442\u0438\u0432\u043d\u0438\u0439 \u0437\u0430\u0445\u0438\u0441\u0442 \u0440\u043e\u0441\u043b\u0438\u043d \u0432\u0456\u0434 \u0431\u0443\u0440\u2019\u044f\u043d\u0456\u0432, \u0431\u043b\u043e\u043a\u0443\u044e\u0447\u0438 \u0457\u0445 \u0440\u0456\u0441\u0442 \u0456 \u043c\u0456\u043d\u0456\u043c\u0456\u0437\u0443\u044e\u0447\u0438 \u043f\u043e\u0442\u0440\u0435\u0431\u0443 \u0432 \u0445\u0456\u043c\u0456\u0447\u043d\u0438\u0445 \u0433\u0435\u0440\u0431\u0456\u0446\u0438\u0434\u0430\u0445. \u0427\u043e\u0440\u043d\u0438\u0439 \u0430\u0433\u0440\u043e\u0442\u0435\u043a\u0441\u0442\u0438\u043b\u044c \u0437 \u0443\u043b\u044c\u0442\u0440\u0430\u0444\u0456\u043e\u043b\u0435\u0442\u043e\u0432\u0438\u043c \u0432\u0438\u043f\u0440\u043e\u043c\u0456\u043d\u044e\u0432\u0430\u043d\u043d\u044f\u043c \u0449\u0456\u043b\u044c\u043d\u0456\u0441\u0442\u044e 80 \u0433\/\u043c\u00b2 \u0434\u043e\u0432\u0436\u0438\u043d\u043e\u044e 1,1 \u043c \u0442\u0430\u043a\u043e\u0436 \u0434\u043e\u043f\u043e\u043c\u0430\u0433\u0430\u0454 \u043f\u0456\u0434\u0442\u0440\u0438\u043c\u0443\u0432\u0430\u0442\u0438 \u043e\u043f\u0442\u0438\u043c\u0430\u043b\u044c\u043d\u0443 \u0432\u043e\u043b\u043e\u0433\u0456\u0441\u0442\u044c \u0491\u0440\u0443\u043d\u0442\u0443, \u0449\u043e \u043c\u0430\u0454 \u0432\u0438\u0440\u0456\u0448\u0430\u043b\u044c\u043d\u0435 \u0437\u043d\u0430\u0447\u0435\u043d\u043d\u044f \u0434\u043b\u044f \u0437\u0434\u043e\u0440\u043e\u0432\u043e\u0433\u043e \u0440\u043e\u0437\u0432\u0438\u0442\u043a\u0443 \u043a\u043e\u0440\u0435\u043d\u0456\u0432 \u0456 \u0441\u0442\u0430\u0431\u0456\u043b\u044c\u043d\u043e\u0441\u0442\u0456 \u0432\u0441\u0456\u0454\u0457 \u0440\u043e\u0441\u043b\u0438\u043d\u0438. \u0417\u0430\u0432\u0434\u044f\u043a\u0438 \u0441\u0432\u043e\u0457\u043c \u0432\u043e\u0434\u043e- \u0442\u0430 \u043f\u043e\u0432\u0456\u0442\u0440\u043e\u043f\u0440\u043e\u043d\u0438\u043a\u043d\u0438\u043c \u0432\u043b\u0430\u0441\u0442\u0438\u0432\u043e\u0441\u0442\u044f\u043c \u0446\u0435\u0439 \u043f\u0440\u043e\u0434\u0443\u043a\u0442 \u0441\u043f\u0440\u0438\u044f\u0454 \u0441\u0442\u0432\u043e\u0440\u0435\u043d\u043d\u044e \u0437\u0434\u043e\u0440\u043e\u0432\u043e\u0433\u043e \u043a\u043e\u0440\u0435\u043d\u0435\u0432\u043e\u0433\u043e \u0441\u0435\u0440\u0435\u0434\u043e\u0432\u0438\u0449\u0430, \u0449\u043e, \u0432 \u0441\u0432\u043e\u044e \u0447\u0435\u0440\u0433\u0443, \u043f\u0440\u0438\u0441\u043a\u043e\u0440\u044e\u0454 \u0440\u0456\u0441\u0442 \u0440\u043e\u0441\u043b\u0438\u043d. \u0422\u0430\u043a\u0438\u043c \u0447\u0438\u043d\u043e\u043c, \u0441\u0430\u0434\u0456\u0432\u043d\u0438\u043a\u0438 \u043c\u043e\u0436\u0443\u0442\u044c \u043d\u0430\u0441\u043e\u043b\u043e\u0434\u0436\u0443\u0432\u0430\u0442\u0438\u0441\u044f \u043f\u0438\u0448\u043d\u0438\u043c\u0438 \u0442\u0430 \u0437\u0434\u043e\u0440\u043e\u0432\u0438\u043c\u0438 \u0440\u043e\u0441\u043b\u0438\u043d\u0430\u043c\u0438. \u041a\u0440\u0456\u043c \u0442\u043e\u0433\u043e, \u0430\u0433\u0440\u043e\u0442\u0435\u043a\u0441\u0442\u0438\u043b\u044c \u0437\u043d\u0430\u0447\u043d\u043e \u043f\u043e\u043a\u0440\u0430\u0449\u0443\u0454 \u0435\u0441\u0442\u0435\u0442\u0438\u043a\u0443 \u0441\u0430\u0434\u0443, \u043d\u0430\u0434\u0430\u044e\u0447\u0438 \u0439\u043e\u043c\u0443 \u043e\u0445\u0430\u0439\u043d\u043e\u0433\u043e \u0442\u0430 \u0430\u043a\u0443\u0440\u0430\u0442\u043d\u043e\u0433\u043e \u0432\u0438\u0433\u043b\u044f\u0434\u0443. \u0421\u043a\u043e\u0440\u0438\u0441\u0442\u0430\u0439\u0442\u0435\u0441\u044f \u043f\u0435\u0440\u0435\u0432\u0430\u0433\u0430\u043c\u0438 \u0430\u0441\u043e\u0440\u0442\u0438\u043c\u0435\u043d\u0442\u0443 Samm\u00adler RecBord \u0456 \u0437\u0431\u0430\u0433\u0430\u0442\u0456\u0442\u044c \u0441\u0432\u0456\u0439 \u0441\u0430\u0434 \u0446\u0438\u043c \u043d\u0435\u0437\u0430\u043c\u0456\u043d\u043d\u0438\u043c \u043f\u0440\u043e\u0434\u0443\u043a\u0442\u043e\u043c!<\/p>","protected":false},"excerpt":{"rendered":"<p>Uniwersalne zastosowanie agrow\u0142\u00f3kniny w ogrodnictwie Agrow\u0142\u00f3knina 80g\/m\u00b2 czarna 1,1 m z UV to wszechstronne narz\u0119dzie stosowane w ogrodnictwie, oferuj\u0105ce r\u00f3\u017cnorodne zastosowania, dzi\u0119ki kt\u00f3rym Tw\u00f3j ogr\u00f3d stanie si\u0119 miejscem zdrowego i estetycznego wzrostu ro\u015blin. Idealna do \u015bci\u00f3\u0142kowania, zapewnia skuteczn\u0105 ochron\u0119 ro\u015blin przed chwastami, blokuj\u0105c ich wzrost i minimalizuj\u0105c potrzeb\u0119 stosowania chemicznych \u015brodk\u00f3w chwastob\u00f3jczych. Agrow\u0142\u00f3knina 80g\/m\u00b2 czarna [&hellip;]<\/p>\n","protected":false},"featured_media":1050,"template":"","meta":{"_acf_changed":false,"wp_typography_post_enhancements_disabled":false},"product_brand":[],"product_cat":[57,68,70,67,69],"product_tag":[],"class_list":{"0":"post-1424","1":"product","2":"type-product","3":"status-publish","4":"has-post-thumbnail","6":"product_cat-agrowloknina","7":"product_cat-agrowloknina-pod-kamienie","8":"product_cat-agrowloknina-pod-rosliny","9":"product_cat-agrowloknina-przeciw-chwastom","10":"product_cat-agrowloknina-sciolkujaca","11":"pa_gramatura-agrowloknina-p-80","13":"first","14":"instock","15":"taxable","16":"shipping-taxable","17":"purchasable","18":"product-type-variable","19":"has-default-attributes"},"acf":[],"_links":{"self":[{"href":"https:\/\/sammler.com.pl\/uk\/wp-json\/wp\/v2\/product\/1424","targetHints":{"allow":["GET"]}}],"collection":[{"href":"https:\/\/sammler.com.pl\/uk\/wp-json\/wp\/v2\/product"}],"about":[{"href":"https:\/\/sammler.com.pl\/uk\/wp-json\/wp\/v2\/types\/product"}],"wp:featuredmedia":[{"embeddable":true,"href":"https:\/\/sammler.com.pl\/uk\/wp-json\/wp\/v2\/media\/1050"}],"wp:attachment":[{"href":"https:\/\/sammler.com.pl\/uk\/wp-json\/wp\/v2\/media?parent=1424"}],"wp:term":[{"taxonomy":"product_brand","embeddable":true,"href":"https:\/\/sammler.com.pl\/uk\/wp-json\/wp\/v2\/product_brand?post=1424"},{"taxonomy":"product_cat","embeddable":true,"href":"https:\/\/sammler.com.pl\/uk\/wp-json\/wp\/v2\/product_cat?post=1424"},{"taxonomy":"product_tag","embeddable":true,"href":"https:\/\/sammler.com.pl\/uk\/wp-json\/wp\/v2\/product_tag?post=1424"}],"curies":[{"name":"wp","href":"https:\/\/api.w.org\/{rel}","templated":true}]}}