{"id":409,"date":"2023-03-22T14:58:53","date_gmt":"2023-03-22T13:58:53","guid":{"rendered":"https:\/\/sammler.uxtivity.com\/?post_type=product&#038;p=409"},"modified":"2025-05-14T08:19:49","modified_gmt":"2025-05-14T06:19:49","slug":"kotwa-recbord-g-pin-16","status":"publish","type":"product","link":"https:\/\/sammler.com.pl\/ru\/product\/\u0440\u0435\u043a\u0431\u043e\u0440\u0434-\u0433-\u0448\u0442\u0438\u0444\u0442-16-\u044f\u043a\u043e\u0440\u044c\/","title":{"rendered":"\u0410\u043d\u043a\u0435\u0440 RecBord G\u2011PIN 16"},"content":{"rendered":"<p class=\"margin-bottom margin-small\">\u041f\u043b\u0430\u0441\u0442\u0438\u043a\u043e\u0432\u044b\u0435 \u0430\u043d\u043a\u0435\u0440\u044b \u2014 \u043e\u0442\u043b\u0438\u0447\u043d\u0430\u044f \u0430\u043b\u044c\u0442\u0435\u0440\u043d\u0430\u0442\u0438\u0432\u0430 \u0442\u0440\u0430\u0434\u0438\u0446\u0438\u043e\u043d\u043d\u044b\u043c \u0441\u043f\u043e\u0441\u043e\u0431\u0430\u043c \u043a\u0440\u0435\u043f\u043b\u0435\u043d\u0438\u044f \u0430\u0433\u0440\u043e\u0442\u0435\u043a\u0441\u0442\u0438\u043b\u044f \u0438\u043b\u0438 \u0430\u0433\u0440\u043e\u0432\u043e\u043b\u043e\u043a\u043d\u0430 \u043a \u0437\u0435\u043c\u043b\u0435. \u042d\u0442\u0438 \u043a\u043e\u043b\u044b\u0448\u043a\u0438 \u043e\u0441\u043e\u0431\u0435\u043d\u043d\u043e \u043f\u043e\u043b\u0435\u0437\u043d\u044b \u0432\u043e \u0432\u0440\u0435\u043c\u044f \u0441\u0438\u043b\u044c\u043d\u043e\u0433\u043e \u0432\u0435\u0442\u0440\u0430, \u043a\u043e\u0433\u0434\u0430 \u0440\u0430\u0441\u0441\u0442\u0438\u043b\u0430\u043d\u0438\u0435 \u0442\u043a\u0430\u043d\u0438 \u043d\u0430 \u0437\u0435\u043c\u043b\u0435 \u0437\u0430\u0442\u0440\u0443\u0434\u043d\u0435\u043d\u043e. \u0414\u043e\u043f\u043e\u043b\u043d\u0438\u0442\u0435\u043b\u044c\u043d\u044b\u0435 \u0437\u0443\u0431\u0446\u044b \u043d\u0430 \u043a\u043e\u043b\u044b\u0448\u043a\u0435 \u043e\u0431\u0435\u0441\u043f\u0435\u0447\u0438\u0432\u0430\u044e\u0442 \u0443\u0441\u0442\u043e\u0439\u0447\u0438\u0432\u043e\u0441\u0442\u044c \u0438 \u043f\u0440\u0435\u0434\u043e\u0442\u0432\u0440\u0430\u0449\u0430\u044e\u0442 \u0435\u0433\u043e \u0432\u044b\u0441\u043a\u0430\u043b\u044c\u0437\u044b\u0432\u0430\u043d\u0438\u0435 \u0438\u0437 \u0437\u0435\u043c\u043b\u0438. \u0411\u043e\u043b\u044c\u0448\u043e\u0439 \u0434\u0438\u0430\u043c\u0435\u0442\u0440 \u0433\u043e\u043b\u043e\u0432\u043a\u0438 \u0433\u0440\u0443\u043d\u0442\u043e\u0432\u044b\u0445 \u0430\u043d\u043a\u0435\u0440\u043e\u0432 \u043e\u0431\u0435\u0441\u043f\u0435\u0447\u0438\u0432\u0430\u0435\u0442 \u043f\u043b\u043e\u0442\u043d\u043e\u0435 \u043f\u0440\u0438\u0436\u0430\u0442\u0438\u0435 \u0437\u0430\u043a\u0440\u0435\u043f\u043b\u044f\u0435\u043c\u043e\u0433\u043e \u0438\u0437\u0434\u0435\u043b\u0438\u044f \u043a \u0437\u0435\u043c\u043b\u0435, \u044d\u0444\u0444\u0435\u043a\u0442\u0438\u0432\u043d\u043e \u043f\u0440\u0435\u0434\u043e\u0442\u0432\u0440\u0430\u0449\u0430\u044f \u0435\u0433\u043e \u043f\u043e\u0434\u044a\u0435\u043c \u0438 \u043f\u0435\u0440\u0435\u043c\u0435\u0449\u0435\u043d\u0438\u0435. \u041e\u0441\u0442\u0440\u044b\u0435 \u043a\u043e\u043d\u0446\u044b \u0434\u044e\u0431\u0435\u043b\u044f \u043f\u043e\u0437\u0432\u043e\u043b\u044f\u044e\u0442 \u043b\u0435\u0433\u043a\u043e \u0438 \u0431\u0435\u0437\u043e\u043f\u0430\u0441\u043d\u043e \u0440\u0430\u0437\u0440\u0435\u0437\u0430\u0442\u044c \u0442\u043e\u043b\u0441\u0442\u044b\u0435 \u0441\u043b\u043e\u0438 \u0430\u0433\u0440\u043e\u0442\u0435\u043a\u0441\u0442\u0438\u043b\u044f \u0438\u043b\u0438 \u044f\u0441\u0435\u043b\u044c\u043d\u043e\u0439 \u043f\u043e\u0434\u0441\u0442\u0438\u043b\u043a\u0438 \u0431\u0435\u0437 \u0438\u0441\u043f\u043e\u043b\u044c\u0437\u043e\u0432\u0430\u043d\u0438\u044f \u043d\u043e\u0436\u0430.<\/p>\n<p>\u041e\u0441\u043e\u0431\u0435\u043d\u043d\u043e\u0441\u0442\u0438 \u044f\u043a\u043e\u0440\u044f:<\/p>\n<ul>\n<li>\u043e\u0431\u0435\u0441\u043f\u0435\u0447\u0438\u0442\u044c \u043d\u0430\u0434\u0435\u0436\u043d\u043e\u0435 \u0441\u0446\u0435\u043f\u043b\u0435\u043d\u0438\u0435 \u043f\u0440\u0438\u043a\u0440\u0435\u043f\u043b\u044f\u0435\u043c\u043e\u0433\u043e \u043c\u0430\u0442\u0435\u0440\u0438\u0430\u043b\u0430 \u0441 \u043e\u0441\u043d\u043e\u0432\u0430\u043d\u0438\u0435\u043c \u0438 \u0432\u043e\u0437\u043c\u043e\u0436\u043d\u043e\u0441\u0442\u044c \u0435\u0433\u043e \u0434\u043b\u0438\u0442\u0435\u043b\u044c\u043d\u043e\u0433\u043e \u0438 \u043c\u043d\u043e\u0433\u043e\u043a\u0440\u0430\u0442\u043d\u043e\u0433\u043e \u0438\u0441\u043f\u043e\u043b\u044c\u0437\u043e\u0432\u0430\u043d\u0438\u044f<\/li>\n<li>\u043e\u0441\u0442\u0440\u043e\u043a\u043e\u043d\u0435\u0447\u043d\u044b\u0435, \u0441 \u0431\u043e\u043b\u044c\u0448\u0438\u043c \u0434\u0438\u0430\u043c\u0435\u0442\u0440\u043e\u043c \u0433\u043e\u043b\u043e\u0432\u043a\u0438, \u0447\u0442\u043e \u0437\u043d\u0430\u0447\u0438\u0442\u0435\u043b\u044c\u043d\u043e \u043e\u0431\u043b\u0435\u0433\u0447\u0430\u0435\u0442 \u0438\u0445 \u0437\u0430\u0431\u0438\u0432\u0430\u043d\u0438\u0435 \u0432 \u0437\u0435\u043c\u043b\u044e<\/li>\n<li>\u0438\u043c\u0435\u044e\u0442 \u0434\u043e\u043f\u043e\u043b\u043d\u0438\u0442\u0435\u043b\u044c\u043d\u044b\u0435 \u0437\u0443\u0431\u0446\u044b, \u043a\u043e\u0442\u043e\u0440\u044b\u0435 \u044d\u0444\u0444\u0435\u043a\u0442\u0438\u0432\u043d\u043e \u043f\u0440\u0435\u0434\u043e\u0442\u0432\u0440\u0430\u0449\u0430\u044e\u0442 \u0441\u043e\u0441\u043a\u0430\u043b\u044c\u0437\u044b\u0432\u0430\u043d\u0438\u0435 \u0441 \u043c\u0435\u0441\u0442\u0430<\/li>\n<li>\u0443\u0441\u0442\u043e\u0439\u0447\u0438\u0432\u044b \u043a \u0430\u0442\u043c\u043e\u0441\u0444\u0435\u0440\u043d\u044b\u043c \u0432\u043e\u0437\u0434\u0435\u0439\u0441\u0442\u0432\u0438\u044f\u043c \u2014 \u043b\u0443\u0447\u0448\u0435\u0435 \u0441\u043e\u043e\u0442\u043d\u043e\u0448\u0435\u043d\u0438\u0435 \u0446\u0435\u043d\u044b \u0438 \u043a\u0430\u0447\u0435\u0441\u0442\u0432\u0430<\/li>\n<\/ul>","protected":false},"excerpt":{"rendered":"<p>Plastikowe kotwy stanowi\u0105 doskona\u0142\u0105 alternatyw\u0119 dla tradycyjnych sposob\u00f3w mocowania agrow\u0142\u00f3kniny czy agrotkaniny do pod\u0142o\u017ca. Ko\u0142ki te s\u0105 szczeg\u00f3lnie pomocne podczas silnego wiatru, gdy rozk\u0142adanie tkaniny na pod\u0142o\u017cu jest utrudnione. Dodatkowe z\u0105bki na ko\u0142ku zapewniaj\u0105 stabilno\u015b\u0107 i zabezpieczaj\u0105 przed wysuni\u0119ciem si\u0119 z pod\u0142o\u017ca.Du\u017ca \u015brednica g\u0142\u00f3wki kotew gruntowych zapewnia solidne dociskanie mocowanego produktu do pod\u0142o\u017ca, co skutecznie [&hellip;]<\/p>\n","protected":false},"featured_media":410,"template":"","meta":{"_acf_changed":false,"wp_typography_post_enhancements_disabled":false},"product_brand":[],"product_cat":[82,38],"product_tag":[48,35],"class_list":{"0":"post-409","1":"product","2":"type-product","3":"status-publish","4":"has-post-thumbnail","6":"product_cat-kotwy","7":"product_cat-piny","8":"product_tag-48","9":"product_tag-obrzeza-ogrodowe","11":"first","12":"instock","13":"taxable","14":"shipping-taxable","15":"purchasable","16":"product-type-variable","17":"has-default-attributes"},"acf":[],"_links":{"self":[{"href":"https:\/\/sammler.com.pl\/ru\/wp-json\/wp\/v2\/product\/409","targetHints":{"allow":["GET"]}}],"collection":[{"href":"https:\/\/sammler.com.pl\/ru\/wp-json\/wp\/v2\/product"}],"about":[{"href":"https:\/\/sammler.com.pl\/ru\/wp-json\/wp\/v2\/types\/product"}],"wp:featuredmedia":[{"embeddable":true,"href":"https:\/\/sammler.com.pl\/ru\/wp-json\/wp\/v2\/media\/410"}],"wp:attachment":[{"href":"https:\/\/sammler.com.pl\/ru\/wp-json\/wp\/v2\/media?parent=409"}],"wp:term":[{"taxonomy":"product_brand","embeddable":true,"href":"https:\/\/sammler.com.pl\/ru\/wp-json\/wp\/v2\/product_brand?post=409"},{"taxonomy":"product_cat","embeddable":true,"href":"https:\/\/sammler.com.pl\/ru\/wp-json\/wp\/v2\/product_cat?post=409"},{"taxonomy":"product_tag","embeddable":true,"href":"https:\/\/sammler.com.pl\/ru\/wp-json\/wp\/v2\/product_tag?post=409"}],"curies":[{"name":"wp","href":"https:\/\/api.w.org\/{rel}","templated":true}]}}