{"id":394,"date":"2023-03-21T16:12:08","date_gmt":"2023-03-21T15:12:08","guid":{"rendered":"https:\/\/sammler.uxtivity.com\/?post_type=product&#038;p=394"},"modified":"2025-10-14T09:15:51","modified_gmt":"2025-10-14T07:15:51","slug":"kratka-parkingowa-recroad","status":"publish","type":"product","link":"https:\/\/sammler.com.pl\/ru\/product\/\u0440\u0435\u0448\u0435\u0442\u043a\u0430-\u0434\u043b\u044f-\u043f\u0430\u0440\u043a\u043e\u0432\u043a\u0438-\u043d\u0430-\u0431\u0435\u0437\u0434\u043e\u0440\u043e\u0436\u044c\u0435\/","title":{"rendered":"RecRoad S5 Eco Park\u00ading Grille"},"content":{"rendered":"<p>\u042d\u043a\u043e\u043b\u043e\u0433\u0438\u0447\u0435\u0441\u043a\u0430\u044f \u043f\u0430\u0440\u043a\u043e\u0432\u043e\u0447\u043d\u0430\u044f \u0440\u0435\u0448\u0435\u0442\u043a\u0430 RecRoad \u044d\u0444\u0444\u0435\u043a\u0442\u0438\u0432\u043d\u043e \u0441\u0442\u0430\u0431\u0438\u043b\u0438\u0437\u0438\u0440\u0443\u0435\u0442 \u0433\u0440\u0443\u043d\u0442. \u042d\u0442\u043e \u043e\u0442\u043b\u0438\u0447\u043d\u0430\u044f \u0437\u0430\u043c\u0435\u043d\u0430 \u0431\u0440\u0443\u0441\u0447\u0430\u0442\u043a\u0435, \u0444\u043b\u0430\u0433\u0448\u0442\u043e\u043a\u0430\u043c \u0438 \u0434\u0440\u0443\u0433\u0438\u043c \u0432\u0438\u0434\u0430\u043c \u043c\u043e\u0449\u0435\u043d\u0438\u044f.<\/p>\n<p>&nbsp;<\/p>\n<p>\u041f\u043e\u0432\u0435\u0440\u0445\u043d\u043e\u0441\u0442\u044c \u044d\u043a\u043e-\u043f\u0430\u0440\u043a\u043e\u0432\u043e\u0447\u043d\u043e\u0439 \u0440\u0435\u0448\u0435\u0442\u043a\u0438 RecRoad \u0432 \u043c\u043e\u0434\u0435\u043b\u0438 87% \u044f\u0432\u043b\u044f\u0435\u0442\u0441\u044f \u0431\u0438\u043e\u043b\u043e\u0433\u0438\u0447\u0435\u0441\u043a\u0438 \u0430\u043a\u0442\u0438\u0432\u043d\u043e\u0439. \u0411\u043b\u0430\u0433\u043e\u0434\u0430\u0440\u044f \u044d\u0442\u043e\u043c\u0443 \u0440\u0435\u0448\u0435\u0442\u043a\u0430 \u0438\u0434\u0435\u0430\u043b\u044c\u043d\u043e \u0441\u043e\u0447\u0435\u0442\u0430\u0435\u0442\u0441\u044f \u0441 \u043b\u044e\u0431\u044b\u043c \u0442\u0438\u043f\u043e\u043c \u043b\u0430\u043d\u0434\u0448\u0430\u0444\u0442\u043d\u043e\u0433\u043e \u0434\u0438\u0437\u0430\u0439\u043d\u0430, \u043e\u043f\u0442\u0438\u043c\u0438\u0437\u0438\u0440\u0443\u0435\u0442 \u0440\u0430\u0441\u0445\u043e\u0434 \u0437\u0430\u043f\u043e\u043b\u043d\u0438\u0442\u0435\u043b\u044f \u0438 \u0441\u043e\u043e\u0442\u0432\u0435\u0442\u0441\u0442\u0432\u0443\u0435\u0442 \u044d\u043a\u043e\u043b\u043e\u0433\u0438\u0447\u0435\u0441\u043a\u0438\u043c \u0442\u0435\u043d\u0434\u0435\u043d\u0446\u0438\u044f\u043c.<\/p>\n<p class=\"margin-top margin-small\"><strong>\u0411\u0438\u043e\u043b\u043e\u0433\u0438\u0447\u0435\u0441\u043a\u0438 \u0430\u043a\u0442\u0438\u0432\u043d\u0430\u044f \u043f\u043e\u0432\u0435\u0440\u0445\u043d\u043e\u0441\u0442\u044c<\/strong><\/p>\n<p class=\"margin-top margin-xsmall\"><span style=\"font-weight: 400;\">\u0411\u0438\u043e\u043b\u043e\u0433\u0438\u0447\u0435\u0441\u043a\u0438 \u0430\u043a\u0442\u0438\u0432\u043d\u044b\u0435 \u043f\u043e\u0432\u0435\u0440\u0445\u043d\u043e\u0441\u0442\u0438 \u0438\u0441\u043f\u043e\u043b\u044c\u0437\u0443\u044e\u0442\u0441\u044f \u0432 \u0441\u0430\u043c\u044b\u0445 \u0440\u0430\u0437\u043d\u044b\u0445 \u043a\u043e\u043d\u0442\u0435\u043a\u0441\u0442\u0430\u0445, \u043d\u0430\u043f\u0440\u0438\u043c\u0435\u0440, \u0432 \u0433\u043e\u0440\u043e\u0434\u0441\u043a\u0438\u0445 \u043f\u0430\u0440\u043a\u0430\u0445, \u0441\u043a\u0432\u0435\u0440\u0430\u0445, \u0430 \u0442\u0430\u043a\u0436\u0435 \u043d\u0430 \u0447\u0430\u0441\u0442\u043d\u044b\u0445 \u0443\u0447\u0430\u0441\u0442\u043a\u0430\u0445. \u041f\u0440\u0438 \u0438\u0445 \u043f\u0440\u043e\u0435\u043a\u0442\u0438\u0440\u043e\u0432\u0430\u043d\u0438\u0438 \u043d\u0435\u043e\u0431\u0445\u043e\u0434\u0438\u043c\u043e \u0443\u0447\u0438\u0442\u044b\u0432\u0430\u0442\u044c \u043c\u0435\u0441\u0442\u043d\u044b\u0435 \u043a\u043b\u0438\u043c\u0430\u0442\u0438\u0447\u0435\u0441\u043a\u0438\u0435 \u0443\u0441\u043b\u043e\u0432\u0438\u044f, \u0442\u0438\u043f \u043f\u043e\u0447\u0432\u044b, \u0430 \u0442\u0430\u043a\u0436\u0435 \u044d\u0441\u0442\u0435\u0442\u0438\u0447\u0435\u0441\u043a\u0438\u0435 \u0438 \u0444\u0443\u043d\u043a\u0446\u0438\u043e\u043d\u0430\u043b\u044c\u043d\u044b\u0435 \u043f\u0440\u0435\u0434\u043f\u043e\u0447\u0442\u0435\u043d\u0438\u044f \u043f\u043e\u043b\u044c\u0437\u043e\u0432\u0430\u0442\u0435\u043b\u0435\u0439. \u0421\u0435\u0433\u043e\u0434\u043d\u044f \u0431\u0438\u043e\u043b\u043e\u0433\u0438\u0447\u0435\u0441\u043a\u0438 \u0430\u043a\u0442\u0438\u0432\u043d\u044b\u0435 \u043f\u043e\u0432\u0435\u0440\u0445\u043d\u043e\u0441\u0442\u0438 \u044f\u0432\u043b\u044f\u044e\u0442\u0441\u044f \u0447\u0430\u0441\u0442\u044c\u044e \u0443\u0441\u0442\u043e\u0439\u0447\u0438\u0432\u043e\u0433\u043e \u0434\u0438\u0437\u0430\u0439\u043d\u0430 \u043e\u0431\u0449\u0435\u0441\u0442\u0432\u0435\u043d\u043d\u044b\u0445 \u0438 \u0447\u0430\u0441\u0442\u043d\u044b\u0445 \u043f\u0440\u043e\u0441\u0442\u0440\u0430\u043d\u0441\u0442\u0432. \u041f\u0430\u0440\u043a\u043e\u0432\u043e\u0447\u043d\u044b\u0435 \u0438 \u0433\u0430\u0437\u043e\u043d\u043d\u044b\u0435 \u0440\u0435\u0448\u0435\u0442\u043a\u0438 RecRoad \u044f\u0432\u043b\u044f\u044e\u0442\u0441\u044f \u043f\u0440\u0435\u043a\u0440\u0430\u0441\u043d\u043e\u0439 \u0430\u043b\u044c\u0442\u0435\u0440\u043d\u0430\u0442\u0438\u0432\u043e\u0439 \u0431\u0440\u0443\u0441\u0447\u0430\u0442\u043a\u0435, \u0442\u0440\u043e\u0442\u0443\u0430\u0440\u043d\u043e\u0439 \u043f\u043b\u0438\u0442\u043a\u0435 \u0438 \u0430\u0436\u0443\u0440\u043d\u043e\u043c\u0443 \u043f\u043e\u043a\u0440\u044b\u0442\u0438\u044e.<\/span><\/p>\n<p>&nbsp;<\/p>\n<p>\u041f\u043e\u0447\u0435\u043c\u0443 \u043e\u043d\u043e \u0442\u043e\u0433\u043e \u0441\u0442\u043e\u0438\u0442:<\/p>\n<ul>\n<li>\u042d\u0442\u043e \u0437\u0430\u0449\u0438\u0449\u0430\u0435\u0442 \u043e\u0442 \u0447\u0440\u0435\u0437\u043c\u0435\u0440\u043d\u043e\u0439 \u044d\u043a\u0441\u043f\u043b\u0443\u0430\u0442\u0430\u0446\u0438\u0438 \u0433\u0440\u0443\u043d\u0442\u0430 \u0438 \u0437\u043d\u0430\u0447\u0438\u0442\u0435\u043b\u044c\u043d\u043e \u043e\u0431\u043b\u0435\u0433\u0447\u0430\u0435\u0442 \u0435\u0433\u043e \u0432\u044b\u0440\u0430\u0432\u043d\u0438\u0432\u0430\u043d\u0438\u0435.<\/li>\n<li>\u041e\u043d \u0441\u043e\u0437\u0434\u0430\u043d \u0438\u0437 \u043f\u0435\u0440\u0435\u0440\u0430\u0431\u043e\u0442\u0430\u043d\u043d\u044b\u0445 \u043c\u0430\u0442\u0435\u0440\u0438\u0430\u043b\u043e\u0432, \u043d\u0435\u0442\u043e\u043a\u0441\u0438\u0447\u043d\u044b\u0445 \u0434\u043b\u044f \u043e\u043a\u0440\u0443\u0436\u0430\u044e\u0449\u0435\u0439 \u0441\u0440\u0435\u0434\u044b.<\/li>\n<li>\u0427\u0440\u0435\u0437\u0432\u044b\u0447\u0430\u0439\u043d\u043e \u0443\u0441\u0442\u043e\u0439\u0447\u0438\u0432 \u043a \u0434\u0430\u0432\u043b\u0435\u043d\u0438\u044e \u0438 \u0432\u043d\u0435\u0448\u043d\u0438\u043c \u0432\u043e\u0437\u0434\u0435\u0439\u0441\u0442\u0432\u0438\u044f\u043c (\u0432\u044b\u0441\u043e\u043a\u0438\u0435 \u0438 \u043d\u0438\u0437\u043a\u0438\u0435 \u0442\u0435\u043c\u043f\u0435\u0440\u0430\u0442\u0443\u0440\u044b, \u0445\u0438\u043c\u0438\u0447\u0435\u0441\u043a\u0438\u0435 \u0432\u0435\u0449\u0435\u0441\u0442\u0432\u0430).<\/li>\n<li>\u041b\u0435\u0433\u043a\u043e \u0441\u043e\u0431\u0438\u0440\u0430\u0435\u0442\u0441\u044f \u0438 \u0440\u0430\u0437\u0431\u0438\u0440\u0430\u0435\u0442\u0441\u044f.<\/li>\n<li>\u042d\u0441\u0442\u0435\u0442\u0438\u0447\u0435\u0441\u043a\u0438 \u043f\u0440\u0438\u044f\u0442\u043d\u044b\u0439, \u0447\u0442\u043e\u0431\u044b \u043e\u043d \u043f\u0440\u043e\u0441\u0442\u043e \u0445\u043e\u0440\u043e\u0448\u043e \u0441\u043c\u043e\u0442\u0440\u0435\u043b\u0441\u044f.<\/li>\n<\/ul>","protected":false},"excerpt":{"rendered":"<p>Eko Kratka parkingowa RecRoad skutecznie stabilizuje grunt. \u015awietnie zast\u0119puje kostk\u0119 brukow\u0105, p\u0142yty chodnikowe i inne typy nawierzchni utwardzonej. &nbsp; Powierzchnia eko kraty parkingowej RecRoad to w 87% nawierzchnia biologicznie czynna. Dzi\u0119ki temu kratka doskonale wkomponowuje si\u0119 w ka\u017cdy rodzaj zagospodarowania przestrzennego, optymalizuj\u0105c zu\u017cycie kruszywa i pozostaj\u0105c w zgodzie z proekologicznymi trendami. Nawierzchnia Biologicznie Czynna Nawierzchnie [&hellip;]<\/p>\n","protected":false},"featured_media":1030,"template":"","meta":{"_acf_changed":false,"wp_typography_post_enhancements_disabled":false},"product_brand":[],"product_cat":[71,74,73,72,44,56],"product_tag":[48,35],"class_list":{"0":"post-394","1":"product","2":"type-product","3":"status-publish","4":"has-post-thumbnail","6":"product_cat-kratki","7":"product_cat-kratki-na-podjazd","8":"product_cat-kratki-ogrodowe","9":"product_cat-kratki-parkingowe","10":"product_cat-kratki-trawnikowe","11":"product_cat-kratki-zabezpieczajace-powierzchnie","12":"product_tag-48","13":"product_tag-obrzeza-ogrodowe","15":"first","16":"instock","17":"taxable","18":"shipping-taxable","19":"purchasable","20":"product-type-simple"},"acf":[],"_links":{"self":[{"href":"https:\/\/sammler.com.pl\/ru\/wp-json\/wp\/v2\/product\/394","targetHints":{"allow":["GET"]}}],"collection":[{"href":"https:\/\/sammler.com.pl\/ru\/wp-json\/wp\/v2\/product"}],"about":[{"href":"https:\/\/sammler.com.pl\/ru\/wp-json\/wp\/v2\/types\/product"}],"wp:featuredmedia":[{"embeddable":true,"href":"https:\/\/sammler.com.pl\/ru\/wp-json\/wp\/v2\/media\/1030"}],"wp:attachment":[{"href":"https:\/\/sammler.com.pl\/ru\/wp-json\/wp\/v2\/media?parent=394"}],"wp:term":[{"taxonomy":"product_brand","embeddable":true,"href":"https:\/\/sammler.com.pl\/ru\/wp-json\/wp\/v2\/product_brand?post=394"},{"taxonomy":"product_cat","embeddable":true,"href":"https:\/\/sammler.com.pl\/ru\/wp-json\/wp\/v2\/product_cat?post=394"},{"taxonomy":"product_tag","embeddable":true,"href":"https:\/\/sammler.com.pl\/ru\/wp-json\/wp\/v2\/product_tag?post=394"}],"curies":[{"name":"wp","href":"https:\/\/api.w.org\/{rel}","templated":true}]}}