{"id":2229,"date":"2026-02-09T16:15:36","date_gmt":"2026-02-09T15:15:36","guid":{"rendered":"https:\/\/sammler.com.pl\/?post_type=product&#038;p=2229"},"modified":"2026-02-09T16:15:37","modified_gmt":"2026-02-09T15:15:37","slug":"siatka-na-krety-2-x-100-m-compact","status":"publish","type":"product","link":"https:\/\/sammler.com.pl\/ru\/product\/siatka-na-krety-2-x-100-m-compact\/","title":{"rendered":"Siat\u00adka na kre\u00adty 2 \u00d7 100 m COMPACT"},"content":{"rendered":"<p>Mod\u00adel <strong>COMPACT 2 \u00d7 100 m<\/strong> to funkcjon\u00adal\u00adna wer\u00ads\u00adja siat\u00adki o pe\u0142nej sze\u00adroko\u015b\u00adci 2 metr\u00f3w, kt\u00f3ra zosta\u0142a fab\u00adrycznie <strong>z\u0142o\u017cona na p\u00f3\u0142. <\/strong>Taka for\u00adma znacz\u0105\u00adco u\u0142atwia trans\u00adport, mag\u00ada\u00adzynowanie oraz sam pro\u00adces mon\u00adta\u017cu, szczeg\u00f3l\u00adnie w przy\u00adpad\u00adku pra\u00adcy jed\u00adnoosobowej. Po roz\u0142o\u017ce\u00adniu siat\u00adka zachowu\u00adje pe\u0142ne para\u00adme\u00adtry u\u017cytkowe stan\u00addar\u00add\u00adowego wari\u00adantu 2 m.<\/p>\n<p>Pro\u00addukt wyko\u00adnano z wytrzy\u00adma\u0142ego <strong>polipropy\u00adlenu (PP)<\/strong> \u0432\u0435\u0441 <strong>40 g\/m\u00b2<\/strong>, co zapew\u00adnia skuteczn\u0105 ochron\u0119 przed kre\u00adta\u00admi, nor\u00adni\u00adca\u00admi i inny\u00admi szkod\u00adnika\u00admi gle\u00adbowy\u00admi. Struk\u00adtu\u00adra mate\u00adri\u00ada\u0142u stanowi bari\u00ader\u0119 uniemo\u017cli\u00adwia\u00adj\u0105c\u0105 dr\u0105\u017ce\u00adnie tuneli i naruszanie powierzch\u00adni trawni\u00adka.<\/p>\n<p>Ocz\u00adka o wymi\u00adarach <strong>12 \u00d7 12 mm<\/strong> gwaran\u00adtu\u00adj\u0105 odpowied\u00adni bal\u00adans pomi\u0119dzy skuteczno\u015b\u00adci\u0105 ochrony a zachowaniem nat\u00adu\u00adral\u00adnej prze\u00adpuszczal\u00adno\u015b\u00adci gle\u00adby. Siat\u00adka nie zak\u0142\u00f3\u00adca obiegu wody ani powi\u00adetrza, co sprzy\u00adja praw\u00adid\u0142owe\u00admu roz\u00adwo\u00adjowi ro\u015blin. Mon\u00adta\u017c przy u\u017cy\u00adciu kotew ogrodowych pozwala na pewne i trwa\u0142e osadze\u00adnie mate\u00adri\u00ada\u0142u.<\/p>\n<p>Siat\u00adka COMPACT jest odpor\u00adna na promieniowanie UV, dzi\u00ada\u0142anie nawoz\u00f3w, wilgo\u0107 oraz zmi\u00adenne warun\u00adki atmos\u00adfer\u00adyczne, dzi\u0119\u00adki czemu zachowu\u00adje swo\u00adje w\u0142a\u015b\u00adci\u00adwo\u015b\u00adci przez d\u0142u\u00adgi okres u\u017cytkowa\u00adnia. To rozwi\u0105zanie pole\u00adcane osobom, kt\u00f3re oczeku\u00adj\u0105 <strong>maksy\u00admal\u00adnej wygody mon\u00adta\u017cu bez kom\u00adpro\u00admis\u00f3w jako\u015b\u00adciowych<\/strong>.<\/p>","protected":false},"excerpt":{"rendered":"<p>Model COMPACT 2 \u00d7 100 m to funkcjonalna wersja siatki o pe\u0142nej szeroko\u015bci 2 metr\u00f3w, kt\u00f3ra zosta\u0142a fabrycznie z\u0142o\u017cona na p\u00f3\u0142. Taka forma znacz\u0105co u\u0142atwia transport, magazynowanie oraz sam proces monta\u017cu, szczeg\u00f3lnie w przypadku pracy jednoosobowej. Po roz\u0142o\u017ceniu siatka zachowuje pe\u0142ne parametry u\u017cytkowe standardowego wariantu 2 m. Produkt wykonano z wytrzyma\u0142ego polipropylenu (PP) o gramaturze [&hellip;]<\/p>\n","protected":false},"featured_media":2220,"template":"","meta":{"_acf_changed":false,"wp_typography_post_enhancements_disabled":false},"product_brand":[],"product_cat":[94],"product_tag":[],"class_list":{"0":"post-2229","1":"product","2":"type-product","3":"status-publish","4":"has-post-thumbnail","6":"product_cat-siatka-na-krety","8":"first","9":"instock","10":"taxable","11":"shipping-taxable","12":"purchasable","13":"product-type-simple"},"acf":[],"_links":{"self":[{"href":"https:\/\/sammler.com.pl\/ru\/wp-json\/wp\/v2\/product\/2229","targetHints":{"allow":["GET"]}}],"collection":[{"href":"https:\/\/sammler.com.pl\/ru\/wp-json\/wp\/v2\/product"}],"about":[{"href":"https:\/\/sammler.com.pl\/ru\/wp-json\/wp\/v2\/types\/product"}],"wp:featuredmedia":[{"embeddable":true,"href":"https:\/\/sammler.com.pl\/ru\/wp-json\/wp\/v2\/media\/2220"}],"wp:attachment":[{"href":"https:\/\/sammler.com.pl\/ru\/wp-json\/wp\/v2\/media?parent=2229"}],"wp:term":[{"taxonomy":"product_brand","embeddable":true,"href":"https:\/\/sammler.com.pl\/ru\/wp-json\/wp\/v2\/product_brand?post=2229"},{"taxonomy":"product_cat","embeddable":true,"href":"https:\/\/sammler.com.pl\/ru\/wp-json\/wp\/v2\/product_cat?post=2229"},{"taxonomy":"product_tag","embeddable":true,"href":"https:\/\/sammler.com.pl\/ru\/wp-json\/wp\/v2\/product_tag?post=2229"}],"curies":[{"name":"wp","href":"https:\/\/api.w.org\/{rel}","templated":true}]}}