{"id":1436,"date":"2024-08-07T15:08:10","date_gmt":"2024-08-07T13:08:10","guid":{"rendered":"https:\/\/sammler.com.pl\/?post_type=product&#038;p=1436"},"modified":"2026-02-23T18:35:06","modified_gmt":"2026-02-23T17:35:06","slug":"agrowloknina-50g-m%c2%b2-czarna-16-m-z-uv","status":"publish","type":"product","link":"https:\/\/sammler.com.pl\/ru\/product\/\u0430\u0433\u0440\u043e\u043b\u0430\u043c\u0438\u043d\u0430\u0442-50\u0433-m\u00b2-\u0447\u0435\u0440\u043d\u044b\u0439-16\u043c-\u0441-\u0443\u0444\/","title":{"rendered":"\u0410\u0433\u0440\u043e\u0442\u0435\u043a\u0441\u0442\u0438\u043b\u044c 50 \u0433\/\u043c\u00b2 \u0447\u0435\u0440\u043d\u044b\u0439 1,6 \u043c \u0441 \u0423\u0424"},"content":{"rendered":"<h2 style=\"font-size: 1em; margin: 10px auto;\">\u041f\u0440\u0438\u043c\u0435\u043d\u0435\u043d\u0438\u0435 \u0430\u0433\u0440\u043e\u0442\u0435\u043a\u0441\u0442\u0438\u043b\u044f 50 \u0433\/\u043c\u00b2 \u0447\u0435\u0440\u043d\u044b\u0439 1,6 \u043c \u0441 \u0423\u0424<\/h2>\n<p>\u0410\u0433\u0440\u043e\u0442\u0435\u043a\u0441\u0442\u0438\u043b\u044c 50 \u0433\/\u043c\u00b2 \u0447\u0435\u0440\u043d\u044b\u0439 1,6 \u043c \u0441 \u0423\u0424 \u2014 \u0438\u0434\u0435\u0430\u043b\u044c\u043d\u043e\u0435 \u0440\u0435\u0448\u0435\u043d\u0438\u0435 \u0434\u043b\u044f \u0442\u0435\u0445, \u043a\u0442\u043e \u0445\u043e\u0447\u0435\u0442 \u043e\u0431\u0435\u0441\u043f\u0435\u0447\u0438\u0442\u044c \u0437\u0434\u043e\u0440\u043e\u0432\u043e\u0435 \u0440\u0430\u0437\u0432\u0438\u0442\u0438\u0435 \u0441\u0432\u043e\u0438\u0445 \u0440\u0430\u0441\u0442\u0435\u043d\u0438\u0439 \u0438 \u0430\u043a\u043a\u0443\u0440\u0430\u0442\u043d\u044b\u0439 \u0432\u043d\u0435\u0448\u043d\u0438\u0439 \u0432\u0438\u0434 \u0441\u0432\u043e\u0435\u0433\u043e \u0441\u0430\u0434\u0430. \u0415\u0433\u043e \u0433\u043b\u0430\u0432\u043d\u043e\u0435 \u043f\u0440\u0435\u0438\u043c\u0443\u0449\u0435\u0441\u0442\u0432\u043e \u2014 \u044d\u0444\u0444\u0435\u043a\u0442\u0438\u0432\u043d\u0430\u044f \u0437\u0430\u0449\u0438\u0442\u0430 \u043e\u0442 \u0441\u043e\u0440\u043d\u044f\u043a\u043e\u0432, \u043a\u043e\u0442\u043e\u0440\u044b\u0435 \u043c\u043e\u0433\u0443\u0442 \u043d\u0435\u0433\u0430\u0442\u0438\u0432\u043d\u043e \u043f\u043e\u0432\u043b\u0438\u044f\u0442\u044c \u043d\u0430 \u0440\u043e\u0441\u0442 \u043a\u0443\u043b\u044c\u0442\u0443\u0440. \u0411\u043b\u0430\u0433\u043e\u0434\u0430\u0440\u044f \u0441\u0432\u043e\u0435\u0439 \u043f\u0440\u043e\u0447\u043d\u043e\u0441\u0442\u0438 \u0438 \u0443\u0441\u0442\u043e\u0439\u0447\u0438\u0432\u043e\u0441\u0442\u0438 \u043a \u0443\u043b\u044c\u0442\u0440\u0430\u0444\u0438\u043e\u043b\u0435\u0442\u043e\u0432\u043e\u043c\u0443 \u0438\u0437\u043b\u0443\u0447\u0435\u043d\u0438\u044e, \u044d\u0442\u043e\u0442 \u043f\u0440\u043e\u0434\u0443\u043a\u0442 \u043e\u0431\u0435\u0441\u043f\u0435\u0447\u0438\u0432\u0430\u0435\u0442 \u0434\u043b\u0438\u0442\u0435\u043b\u044c\u043d\u0443\u044e \u0437\u0430\u0449\u0438\u0442\u0443 \u043f\u043e\u0447\u0432\u044b, \u043d\u0435 \u043f\u043e\u0434\u0432\u0435\u0440\u0433\u0430\u044f\u0441\u044c \u0431\u044b\u0441\u0442\u0440\u043e\u043c\u0443 \u0438\u0437\u043d\u043e\u0441\u0443. \u0421\u0442\u0440\u0443\u043a\u0442\u0443\u0440\u0430 \u043d\u0435\u0442\u043a\u0430\u043d\u043e\u0433\u043e \u043c\u0430\u0442\u0435\u0440\u0438\u0430\u043b\u0430 \u043f\u043e\u0437\u0432\u043e\u043b\u044f\u0435\u0442 \u043f\u0440\u043e\u043f\u0443\u0441\u043a\u0430\u0442\u044c \u0432\u043e\u0434\u0443 \u0438 \u0432\u043e\u0437\u0434\u0443\u0445, \u0447\u0442\u043e \u044f\u0432\u043b\u044f\u0435\u0442\u0441\u044f \u0437\u0430\u043b\u043e\u0433\u043e\u043c \u043f\u043e\u0434\u0434\u0435\u0440\u0436\u0430\u043d\u0438\u044f \u043e\u043f\u0442\u0438\u043c\u0430\u043b\u044c\u043d\u043e\u0439 \u0432\u043b\u0430\u0436\u043d\u043e\u0441\u0442\u0438 \u043f\u043e\u0447\u0432\u044b, \u0430 \u0442\u0430\u043a\u0436\u0435 \u0441\u043f\u043e\u0441\u043e\u0431\u0441\u0442\u0432\u0443\u0435\u0442 \u0437\u0434\u043e\u0440\u043e\u0432\u043e\u043c\u0443 \u0440\u0430\u0437\u0432\u0438\u0442\u0438\u044e \u043a\u043e\u0440\u043d\u0435\u0432\u043e\u0439 \u0441\u0438\u0441\u0442\u0435\u043c\u044b \u0440\u0430\u0441\u0442\u0435\u043d\u0438\u0439. \u041a\u0440\u043e\u043c\u0435 \u0442\u043e\u0433\u043e, \u0438\u0441\u043f\u043e\u043b\u044c\u0437\u043e\u0432\u0430\u043d\u0438\u0435 \u0410\u0433\u0440\u043e\u0444\u0438\u0431\u0440\u044b 50\u0433\/\u043c\u00b2 \u0447\u0435\u0440\u043d\u043e\u0439 1,6 \u043c \u0441 \u0423\u0424 \u0443\u043b\u0443\u0447\u0448\u0430\u0435\u0442 \u044d\u0441\u0442\u0435\u0442\u0438\u043a\u0443 \u043e\u043a\u0440\u0443\u0436\u0430\u044e\u0449\u0435\u0439 \u0441\u0440\u0435\u0434\u044b, \u043f\u0440\u0438\u0434\u0430\u0432\u0430\u044f \u0441\u0430\u0434\u0443 \u0430\u043a\u043a\u0443\u0440\u0430\u0442\u043d\u044b\u0439 \u0438 \u043e\u043f\u0440\u044f\u0442\u043d\u044b\u0439 \u0432\u0438\u0434. \u0412\u043e\u0441\u043f\u043e\u043b\u044c\u0437\u0443\u0439\u0442\u0435\u0441\u044c \u043d\u0430\u0448\u0438\u043c \u043f\u0440\u0435\u0434\u043b\u043e\u0436\u0435\u043d\u0438\u0435\u043c \u0438 \u043e\u0431\u0435\u0441\u043f\u0435\u0447\u044c\u0442\u0435 \u0441\u0432\u043e\u0438\u043c \u0440\u0430\u0441\u0442\u0435\u043d\u0438\u044f\u043c \u043d\u0430\u0438\u043b\u0443\u0447\u0448\u0438\u0435 \u0443\u0441\u043b\u043e\u0432\u0438\u044f \u0434\u043b\u044f \u0440\u043e\u0441\u0442\u0430 \u0441 \u043f\u043e\u043c\u043e\u0449\u044c\u044e \u0430\u0433\u0440\u043e\u0442\u0435\u043a\u0441\u0442\u0438\u043b\u044f \u043c\u0430\u0440\u043a\u0438 Samm\u00adler RecBord.<\/p>","protected":false},"excerpt":{"rendered":"<p>Zastosowanie agrow\u0142\u00f3kniny 50g\/m\u00b2 czarnej 1,6 m z UV Agrow\u0142\u00f3knina 50g\/m\u00b2 czarna 1,6 m z UV to doskona\u0142e rozwi\u0105zanie dla ka\u017cdego, kto pragnie zadba\u0107 o zdrowy rozw\u00f3j swoich ro\u015blin oraz schludny wygl\u0105d ogrodu. Jej g\u0142\u00f3wn\u0105 zalet\u0105 jest efektywna ochrona przed chwastami, kt\u00f3re mog\u0105 negatywnie wp\u0142ywa\u0107 na wzrost ro\u015blin uprawnych. Dzi\u0119ki trwa\u0142o\u015bci oraz odporno\u015bci na promieniowanie UV, [&hellip;]<\/p>\n","protected":false},"featured_media":1050,"template":"","meta":{"_acf_changed":false,"wp_typography_post_enhancements_disabled":false},"product_brand":[],"product_cat":[57,68,70,67,69],"product_tag":[],"class_list":{"0":"post-1436","1":"product","2":"type-product","3":"status-publish","4":"has-post-thumbnail","6":"product_cat-agrowloknina","7":"product_cat-agrowloknina-pod-kamienie","8":"product_cat-agrowloknina-pod-rosliny","9":"product_cat-agrowloknina-przeciw-chwastom","10":"product_cat-agrowloknina-sciolkujaca","11":"pa_gramatura-agrowloknina-p-50","13":"first","14":"instock","15":"taxable","16":"shipping-taxable","17":"purchasable","18":"product-type-variable","19":"has-default-attributes"},"acf":[],"_links":{"self":[{"href":"https:\/\/sammler.com.pl\/ru\/wp-json\/wp\/v2\/product\/1436","targetHints":{"allow":["GET"]}}],"collection":[{"href":"https:\/\/sammler.com.pl\/ru\/wp-json\/wp\/v2\/product"}],"about":[{"href":"https:\/\/sammler.com.pl\/ru\/wp-json\/wp\/v2\/types\/product"}],"wp:featuredmedia":[{"embeddable":true,"href":"https:\/\/sammler.com.pl\/ru\/wp-json\/wp\/v2\/media\/1050"}],"wp:attachment":[{"href":"https:\/\/sammler.com.pl\/ru\/wp-json\/wp\/v2\/media?parent=1436"}],"wp:term":[{"taxonomy":"product_brand","embeddable":true,"href":"https:\/\/sammler.com.pl\/ru\/wp-json\/wp\/v2\/product_brand?post=1436"},{"taxonomy":"product_cat","embeddable":true,"href":"https:\/\/sammler.com.pl\/ru\/wp-json\/wp\/v2\/product_cat?post=1436"},{"taxonomy":"product_tag","embeddable":true,"href":"https:\/\/sammler.com.pl\/ru\/wp-json\/wp\/v2\/product_tag?post=1436"}],"curies":[{"name":"wp","href":"https:\/\/api.w.org\/{rel}","templated":true}]}}