{"id":139,"date":"2023-01-09T15:22:40","date_gmt":"2023-01-09T14:22:40","guid":{"rendered":"https:\/\/sammler.uxtivity.com\/?post_type=product&#038;p=139"},"modified":"2025-04-25T15:42:37","modified_gmt":"2025-04-25T13:42:37","slug":"obrzeza-ogrodowe-45-mm","status":"publish","type":"product","link":"https:\/\/sammler.com.pl\/ru\/product\/\u0431\u043e\u0440\u0434\u044e\u0440-\u0441\u0430\u0434\u043e\u0432\u044b\u0439-45-\u043c\u043c\/","title":{"rendered":"\u0421\u0430\u0434\u043e\u0432\u044b\u0439 \u0431\u043e\u0440\u0434\u044e\u0440 45 \u043c\u043c \u2014 4 \u0448\u0442\u0443\u043a\u0438 (\u0443\u043f\u0430\u043a\u043e\u0432\u043a\u0430)"},"content":{"rendered":"<p class=\"margin-bottom margin-small\">\u041a\u0440\u043e\u043c\u043a\u0430 <strong>RecBord 45<\/strong> \u043f\u0440\u0435\u0434\u043d\u0430\u0437\u043d\u0430\u0447\u0435\u043d \u0434\u043b\u044f \u0441\u043e\u0437\u0434\u0430\u043d\u0438\u044f \u0430\u043b\u043b\u0435\u0439 \u0438 \u0434\u043e\u0440\u043e\u0436\u0435\u043a \u0432 \u0441\u0430\u0434\u0430\u0445. <strong>RecBord 45<\/strong> \u0447\u0430\u0449\u0435 \u0432\u0441\u0435\u0433\u043e \u0438\u0441\u043f\u043e\u043b\u044c\u0437\u0443\u044e\u0442\u0441\u044f \u0434\u043b\u044f \u043e\u0442\u0434\u0435\u043b\u0435\u043d\u0438\u044f \u0433\u0430\u0437\u043e\u043d\u0430 \u043e\u0442 \u0433\u0440\u0430\u0432\u0438\u044f \u0438\u043b\u0438 \u043a\u043e\u0440\u044b. \u0411\u043b\u0430\u0433\u043e\u0434\u0430\u0440\u044f \u0438\u0441\u043f\u043e\u043b\u044c\u0437\u043e\u0432\u0430\u043d\u0438\u044e \u0441\u0430\u0434\u043e\u0432\u043e\u0433\u043e \u0431\u043e\u0440\u0434\u044e\u0440\u0430 \u0440\u044f\u0434\u043e\u043c \u0441 \u043f\u043e\u0432\u0435\u0440\u0445\u043d\u043e\u0441\u0442\u044f\u043c\u0438 \u0438\u0437 \u0431\u0435\u0442\u043e\u043d\u043d\u044b\u0445 \u044d\u043b\u0435\u043c\u0435\u043d\u0442\u043e\u0432, \u043d\u0430\u043f\u0440\u0438\u043c\u0435\u0440, \u0431\u0443\u043b\u044b\u0436\u043d\u0438\u043a\u0430\u043c\u0438, \u0442\u0440\u043e\u0442\u0443\u0430\u0440\u043d\u043e\u0439 \u043f\u043b\u0438\u0442\u043a\u043e\u0439, \u0441\u043e\u0437\u0434\u0430\u0435\u0442\u0441\u044f \u043e\u0434\u043d\u043e\u0440\u043e\u0434\u043d\u0430\u044f \u0438 \u0443\u0441\u0442\u043e\u0439\u0447\u0438\u0432\u0430\u044f \u043f\u043e\u0432\u0435\u0440\u0445\u043d\u043e\u0441\u0442\u044c, \u0437\u0430\u0449\u0438\u0449\u0435\u043d\u043d\u0430\u044f \u043e\u0442 \u0441\u043a\u043e\u043b\u044c\u0436\u0435\u043d\u0438\u044f. \u0411\u043e\u0440\u0434\u044e\u0440 \u0445\u043e\u0440\u043e\u0448\u043e \u0440\u0430\u0431\u043e\u0442\u0430\u0435\u0442 \u043a\u0430\u043a \u0432 \u0441\u0430\u0434\u0443, \u0442\u0430\u043a \u0438 \u0432 \u043e\u0431\u0449\u0435\u0441\u0442\u0432\u0435\u043d\u043d\u044b\u0445 \u043c\u0435\u0441\u0442\u0430\u0445.<\/p>\n<p>\u0413\u0430\u0437\u043e\u043d\u043d\u044b\u0435 \u0431\u043e\u0440\u0434\u044e\u0440\u044b \u0438\u0437\u0433\u043e\u0442\u0430\u0432\u043b\u0438\u0432\u0430\u044e\u0442\u0441\u044f \u0438\u0437 \u043f\u043b\u0430\u0441\u0442\u0438\u043a\u0430, \u043f\u043e\u043b\u0443\u0447\u0435\u043d\u043d\u043e\u0433\u043e \u0432 <strong>100% \u043e\u0442 RECYCLING<\/strong>. \u0412 \u0440\u0435\u0437\u0443\u043b\u044c\u0442\u0430\u0442\u0435 \u043e\u043d\u0438 \u043e\u0431\u043b\u0430\u0434\u0430\u044e\u0442 \u0433\u0438\u0431\u043a\u043e\u0441\u0442\u044c\u044e, \u043f\u043e\u0437\u0432\u043e\u043b\u044f\u044f \u0444\u043e\u0440\u043c\u0438\u0440\u043e\u0432\u0430\u0442\u044c \u043a\u0430\u043a \u043f\u0440\u044f\u043c\u044b\u0435 \u043b\u0438\u043d\u0438\u0438, \u0442\u0430\u043a \u0438 \u043a\u0440\u0438\u0432\u044b\u0435 \u0438 \u0443\u0433\u043b\u044b.<\/p>","protected":false},"excerpt":{"rendered":"<p>Obrze\u017ce RecBord 45 jest przeznaczone do wydzielania alejek oraz \u015bcie\u017cek w ogrodach. RecBord 45 najcz\u0119\u015bciej stosuje si\u0119 do oddzielenia trawnika od grysu lub kory. Dzi\u0119ki zastosowaniu obrze\u017cy ogrodowych przy nawierzchniach z element\u00f3w betonowych np. kostka brukowa, p\u0142yta chodnikowa, tworzymy jednolit\u0105 i stabiln\u0105 powierzchni\u0119, zabezpieczon\u0105 przed rozsuwaniem si\u0119. Obrze\u017ca sprawdzaj\u0105 si\u0119 zar\u00f3wno w ogrodzie jak i [&hellip;]<\/p>\n","protected":false},"featured_media":444,"template":"","meta":{"_acf_changed":false,"wp_typography_post_enhancements_disabled":false},"product_brand":[],"product_cat":[37,78,77,76,79],"product_tag":[48,35],"class_list":{"0":"post-139","1":"product","2":"type-product","3":"status-publish","4":"has-post-thumbnail","6":"product_cat-obrzeza","7":"product_cat-obrzeza-do-kostki-brukowej","8":"product_cat-obrzeza-do-rabat","9":"product_cat-obrzeza-do-trawnikow","10":"product_cat-wysokie-obrzeza","11":"product_tag-48","12":"product_tag-obrzeza-ogrodowe","14":"first","15":"instock","16":"taxable","17":"shipping-taxable","18":"purchasable","19":"product-type-simple"},"acf":[],"_links":{"self":[{"href":"https:\/\/sammler.com.pl\/ru\/wp-json\/wp\/v2\/product\/139","targetHints":{"allow":["GET"]}}],"collection":[{"href":"https:\/\/sammler.com.pl\/ru\/wp-json\/wp\/v2\/product"}],"about":[{"href":"https:\/\/sammler.com.pl\/ru\/wp-json\/wp\/v2\/types\/product"}],"wp:featuredmedia":[{"embeddable":true,"href":"https:\/\/sammler.com.pl\/ru\/wp-json\/wp\/v2\/media\/444"}],"wp:attachment":[{"href":"https:\/\/sammler.com.pl\/ru\/wp-json\/wp\/v2\/media?parent=139"}],"wp:term":[{"taxonomy":"product_brand","embeddable":true,"href":"https:\/\/sammler.com.pl\/ru\/wp-json\/wp\/v2\/product_brand?post=139"},{"taxonomy":"product_cat","embeddable":true,"href":"https:\/\/sammler.com.pl\/ru\/wp-json\/wp\/v2\/product_cat?post=139"},{"taxonomy":"product_tag","embeddable":true,"href":"https:\/\/sammler.com.pl\/ru\/wp-json\/wp\/v2\/product_tag?post=139"}],"curies":[{"name":"wp","href":"https:\/\/api.w.org\/{rel}","templated":true}]}}