{"id":423,"date":"2023-03-22T15:10:09","date_gmt":"2023-03-22T14:10:09","guid":{"rendered":"https:\/\/sammler.uxtivity.com\/?post_type=product&#038;p=423"},"modified":"2025-05-14T08:18:46","modified_gmt":"2025-05-14T06:18:46","slug":"kotwa-recbord-b-pin-24","status":"publish","type":"product","link":"https:\/\/sammler.com.pl\/ro\/produs\/ancora-recbord-b-pin-24\/","title":{"rendered":"RecBord B\u2011PIN 24 ancor\u0103"},"content":{"rendered":"<p>Se aplic\u0103 la fixarea bor\u00addurilor <strong>RecBord 45\/58\/78<\/strong> la p\u0103m\u00e2nt. Ancor\u0103 fab\u00adri\u00adcat\u0103 \u00een Polo\u00adnia \u2014 real\u00adiza\u00adt\u0103 din plas\u00adtic reci\u00adclat 100%. Mate\u00adri\u00adalul este rezis\u00adtent la intem\u00adperii timp de mul\u021bi ani.<\/p>","protected":false},"excerpt":{"rendered":"<p>Se uti\u00adlizeaz\u0103 pen\u00adtru a fixa bor\u00addurile RecBord 45\/58\/78 la sol. Ancor\u0103 fab\u00adri\u00adcat\u0103 \u00een Polo\u00adnia \u2014 real\u00adiza\u00adt\u0103 din plas\u00adtic reci\u00adclat 100%. Mate\u00adri\u00adalul este rezis\u00adtent la intem\u00adperii timp de mul\u021bi ani.<\/p>","protected":false},"featured_media":424,"template":"","meta":{"_acf_changed":false,"wp_typography_post_enhancements_disabled":false},"product_brand":[],"product_cat":[82,38],"product_tag":[48,35],"class_list":{"0":"post-423","1":"product","2":"type-product","3":"status-publish","4":"has-post-thumbnail","6":"product_cat-kotwy","7":"product_cat-piny","8":"product_tag-48","9":"product_tag-obrzeza-ogrodowe","10":"product_shipping_class-k1","12":"first","13":"instock","14":"taxable","15":"shipping-taxable","16":"purchasable","17":"product-type-simple"},"acf":[],"_links":{"self":[{"href":"https:\/\/sammler.com.pl\/ro\/wp-json\/wp\/v2\/product\/423","targetHints":{"allow":["GET"]}}],"collection":[{"href":"https:\/\/sammler.com.pl\/ro\/wp-json\/wp\/v2\/product"}],"about":[{"href":"https:\/\/sammler.com.pl\/ro\/wp-json\/wp\/v2\/types\/product"}],"wp:featuredmedia":[{"embeddable":true,"href":"https:\/\/sammler.com.pl\/ro\/wp-json\/wp\/v2\/media\/424"}],"wp:attachment":[{"href":"https:\/\/sammler.com.pl\/ro\/wp-json\/wp\/v2\/media?parent=423"}],"wp:term":[{"taxonomy":"product_brand","embeddable":true,"href":"https:\/\/sammler.com.pl\/ro\/wp-json\/wp\/v2\/product_brand?post=423"},{"taxonomy":"product_cat","embeddable":true,"href":"https:\/\/sammler.com.pl\/ro\/wp-json\/wp\/v2\/product_cat?post=423"},{"taxonomy":"product_tag","embeddable":true,"href":"https:\/\/sammler.com.pl\/ro\/wp-json\/wp\/v2\/product_tag?post=423"}],"curies":[{"name":"wp","href":"https:\/\/api.w.org\/{rel}","templated":true}]}}