{"id":409,"date":"2023-03-22T14:58:53","date_gmt":"2023-03-22T13:58:53","guid":{"rendered":"https:\/\/sammler.uxtivity.com\/?post_type=product&#038;p=409"},"modified":"2025-05-14T08:19:49","modified_gmt":"2025-05-14T06:19:49","slug":"kotwa-recbord-g-pin-16","status":"publish","type":"product","link":"https:\/\/sammler.com.pl\/ro\/produs\/ancora-record-g-pin-16\/","title":{"rendered":"RecBord G\u2011PIN 16 ancor\u0103"},"content":{"rendered":"<p class=\"margin-bottom margin-small\">Ancorele din plas\u00adtic reprez\u00adin\u00adt\u0103 o alter\u00adna\u00adtiv\u0103 exce\u00adlen\u00adt\u0103 la modal\u00adit\u0103\u021bile tradi\u021bionale de fixare a agro\u00adtex\u00adtilu\u00adlui sau agro\u00adtex\u00adtilu\u00adlui pe sol. Aces\u00adte cuie sunt deosebit de utile \u00een tim\u00adpul v\u00e2n\u00adturilor put\u00ader\u00adnice, c\u00e2nd este difi\u00adcil s\u0103 \u00eentinzi \u021bes\u0103\u00adtu\u00adra pe sol. Din\u021bii supli\u00admen\u00adta\u00adri de pe \u0219tift asig\u00adur\u0103 sta\u00adbil\u00adi\u00adtate \u0219i \u00eempiedic\u0103 alunecarea aces\u00adtu\u00adia din sol. diametrul mare al capu\u00adlui ancorelor de sol asig\u00adur\u0103 c\u0103 pro\u00addusul care urmeaz\u0103 s\u0103 fie fix\u00adat este pre\u00adsat ferm \u00een sol, \u00eempiedic\u00e2nd \u00een mod efi\u00adcient ridi\u00adcarea \u0219i deplasarea aces\u00adtu\u00adia. Capetele ascu\u021bite ale diblu\u0219u\u00adlui per\u00admit t\u0103ierea cu u\u0219ur\u00adin\u021b\u0103 \u0219i \u00een sig\u00adu\u00adran\u021b\u0103 a stra\u00adturilor groase de agro\u00adtex\u00adtil sau a cov\u00adoru\u00adlui de pepinier\u0103, f\u0103r\u0103 a fi nevoie de un cu\u021bit.<\/p>\n<p>Car\u00adac\u00adter\u00adis\u00adti\u00adcile ancor\u00adei:<\/p>\n<ul>\n<li>s\u0103 se asig\u00adure c\u0103 mate\u00adri\u00adalul care urmeaz\u0103 s\u0103 fie ata\u0219at ader\u0103 \u00een mod sig\u00adur la sub\u00adstrat \u0219i poate fi uti\u00adlizat timp de mul\u021bi ani \u0219i \u00een mod repetat<\/li>\n<li>sunt ascu\u021bite \u0219i au un diametru mare al capu\u00adlui, ceea ce le face mult mai u\u0219or de \u00eenfipt \u00een p\u0103m\u00e2nt<\/li>\n<li>au din\u021bi supli\u00admen\u00adta\u00adri care \u00eempiedic\u0103 \u00een mod efi\u00adcient alunecarea de la locul lor<\/li>\n<li>sunt rezis\u00adtente la intem\u00adperii \u2014 cel mai bun pre\u021b\/calitate<\/li>\n<\/ul>","protected":false},"excerpt":{"rendered":"<p>Plastikowe kotwy stanowi\u0105 doskona\u0142\u0105 alternatyw\u0119 dla tradycyjnych sposob\u00f3w mocowania agrow\u0142\u00f3kniny czy agrotkaniny do pod\u0142o\u017ca. Ko\u0142ki te s\u0105 szczeg\u00f3lnie pomocne podczas silnego wiatru, gdy rozk\u0142adanie tkaniny na pod\u0142o\u017cu jest utrudnione. Dodatkowe z\u0105bki na ko\u0142ku zapewniaj\u0105 stabilno\u015b\u0107 i zabezpieczaj\u0105 przed wysuni\u0119ciem si\u0119 z pod\u0142o\u017ca.Du\u017ca \u015brednica g\u0142\u00f3wki kotew gruntowych zapewnia solidne dociskanie mocowanego produktu do pod\u0142o\u017ca, co skutecznie [&hellip;]<\/p>\n","protected":false},"featured_media":410,"template":"","meta":{"_acf_changed":false,"wp_typography_post_enhancements_disabled":false},"product_brand":[],"product_cat":[82,38],"product_tag":[48,35],"class_list":{"0":"post-409","1":"product","2":"type-product","3":"status-publish","4":"has-post-thumbnail","6":"product_cat-kotwy","7":"product_cat-piny","8":"product_tag-48","9":"product_tag-obrzeza-ogrodowe","11":"first","12":"instock","13":"taxable","14":"shipping-taxable","15":"purchasable","16":"product-type-variable","17":"has-default-attributes"},"acf":[],"_links":{"self":[{"href":"https:\/\/sammler.com.pl\/ro\/wp-json\/wp\/v2\/product\/409","targetHints":{"allow":["GET"]}}],"collection":[{"href":"https:\/\/sammler.com.pl\/ro\/wp-json\/wp\/v2\/product"}],"about":[{"href":"https:\/\/sammler.com.pl\/ro\/wp-json\/wp\/v2\/types\/product"}],"wp:featuredmedia":[{"embeddable":true,"href":"https:\/\/sammler.com.pl\/ro\/wp-json\/wp\/v2\/media\/410"}],"wp:attachment":[{"href":"https:\/\/sammler.com.pl\/ro\/wp-json\/wp\/v2\/media?parent=409"}],"wp:term":[{"taxonomy":"product_brand","embeddable":true,"href":"https:\/\/sammler.com.pl\/ro\/wp-json\/wp\/v2\/product_brand?post=409"},{"taxonomy":"product_cat","embeddable":true,"href":"https:\/\/sammler.com.pl\/ro\/wp-json\/wp\/v2\/product_cat?post=409"},{"taxonomy":"product_tag","embeddable":true,"href":"https:\/\/sammler.com.pl\/ro\/wp-json\/wp\/v2\/product_tag?post=409"}],"curies":[{"name":"wp","href":"https:\/\/api.w.org\/{rel}","templated":true}]}}