{"id":394,"date":"2023-03-21T16:12:08","date_gmt":"2023-03-21T15:12:08","guid":{"rendered":"https:\/\/sammler.uxtivity.com\/?post_type=product&#038;p=394"},"modified":"2025-10-14T09:15:51","modified_gmt":"2025-10-14T07:15:51","slug":"kratka-parkingowa-recroad","status":"publish","type":"product","link":"https:\/\/sammler.com.pl\/ro\/produs\/grila-parcare-record\/","title":{"rendered":"Gri\u00adla de par\u00adcare RecRoad S5 Eco"},"content":{"rendered":"<p>Gri\u00adla\u00adjul eco\u00adlog\u00adic de par\u00adcare RecRoad sta\u00adbi\u00adlizeaz\u0103 efi\u00adcient solul. Este un \u00eenlocuitor exce\u00adlent pen\u00adtru pavele, dale \u0219i alte tipuri de suprafe\u021be pavate.<\/p>\n<p>&nbsp;<\/p>\n<p>Suprafa\u021ba gr\u0103\u00adtaru\u00adlui de par\u00adcare eco\u00adlog\u00adic\u0103 RecRoad este o suprafa\u021b\u0103 bio\u00adlog\u00adic activ\u0103 \u00een mod\u00adelul 87%. Acest lucru face ca gr\u0103\u00adtarul s\u0103 fie per\u00adfect com\u00adpat\u00adi\u00adbil cu orice tip de ame\u00adna\u00adjare, opti\u00admiz\u00e2nd con\u00adsumul de agre\u00adgate \u0219i r\u0103m\u00e2n\u00e2nd \u00een con\u00adfor\u00admi\u00adtate cu tend\u00adin\u021bele eco\u00adlog\u00adice.<\/p>\n<p class=\"margin-top margin-small\"><strong>Suprafa\u021ba bio\u00adlog\u00adic activ\u0103<\/strong><\/p>\n<p class=\"margin-top margin-xsmall\"><span style=\"font-weight: 400;\">Suprafe\u021bele bio\u00adlog\u00adic active sunt uti\u00adlizate \u00eentr\u2011o vari\u00adetate de con\u00adtexte, cum ar fi par\u00adcurile urbane, gr\u0103\u00addinile pub\u00adlice, dar \u0219i pe pro\u00adpri\u00adet\u0103\u021bi pri\u00advate. Proiectarea aces\u00adto\u00adra nece\u00adsit\u0103 luarea \u00een con\u00adsid\u00ader\u00adare a condi\u021bi\u00adilor cli\u00admat\u00adice locale, a tip\u00adu\u00adlui de sol \u0219i a prefer\u00adin\u021belor estet\u00adice \u0219i func\u021bionale ale uti\u00adliza\u00adto\u00adrilor. \u00cen prezent, suprafe\u021bele bio\u00adlog\u00adic active fac parte din proiectarea dura\u00adbil\u0103 a spa\u021bi\u00adilor pub\u00adlice \u0219i pri\u00advate. Grilele de par\u00adcare \u0219i gazon RecRoad reprez\u00adin\u00adt\u0103 o alter\u00adna\u00adtiv\u0103 exce\u00adlen\u00adt\u0103 la blocurile de pavaj, la dalele de pavaj \u0219i la lucr\u0103rile deschise .<\/span><\/p>\n<p>&nbsp;<\/p>\n<p>De ce mer\u00adit\u0103:<\/p>\n<ul>\n<li>Aceas\u00adta pro\u00adte\u00adjeaz\u0103 \u00eempotri\u00adva exploat\u0103rii exce\u00adsive a solu\u00adlui \u0219i faciliteaz\u0103 mult nive\u00adlarea aces\u00adtu\u00adia.<\/li>\n<li>Aces\u00adta este cre\u00adat din mate\u00adri\u00adale reci\u00adclate care nu sunt tox\u00adi\u00adce pen\u00adtru mediu.<\/li>\n<li>Extrem de rezis\u00adtent la pre\u00adsiune \u0219i la influ\u00aden\u021be externe (tem\u00adper\u00ada\u00adturi ridi\u00adcate \u0219i sc\u0103zute, sub\u00adstan\u021be chim\u00adice).<\/li>\n<li>U\u0219or de asam\u00adblat \u0219i demon\u00adtat.<\/li>\n<li>Estet\u00adic, ast\u00adfel \u00eenc\u00e2t s\u0103 arate pur \u0219i sim\u00adplu fru\u00admos.<\/li>\n<\/ul>","protected":false},"excerpt":{"rendered":"<p>Eko Kratka parkingowa RecRoad skutecznie stabilizuje grunt. \u015awietnie zast\u0119puje kostk\u0119 brukow\u0105, p\u0142yty chodnikowe i inne typy nawierzchni utwardzonej. &nbsp; Powierzchnia eko kraty parkingowej RecRoad to w 87% nawierzchnia biologicznie czynna. Dzi\u0119ki temu kratka doskonale wkomponowuje si\u0119 w ka\u017cdy rodzaj zagospodarowania przestrzennego, optymalizuj\u0105c zu\u017cycie kruszywa i pozostaj\u0105c w zgodzie z proekologicznymi trendami. Nawierzchnia Biologicznie Czynna Nawierzchnie [&hellip;]<\/p>\n","protected":false},"featured_media":1030,"template":"","meta":{"_acf_changed":false,"wp_typography_post_enhancements_disabled":false},"product_brand":[],"product_cat":[71,74,73,72,44,56],"product_tag":[48,35],"class_list":{"0":"post-394","1":"product","2":"type-product","3":"status-publish","4":"has-post-thumbnail","6":"product_cat-kratki","7":"product_cat-kratki-na-podjazd","8":"product_cat-kratki-ogrodowe","9":"product_cat-kratki-parkingowe","10":"product_cat-kratki-trawnikowe","11":"product_cat-kratki-zabezpieczajace-powierzchnie","12":"product_tag-48","13":"product_tag-obrzeza-ogrodowe","15":"first","16":"instock","17":"taxable","18":"shipping-taxable","19":"purchasable","20":"product-type-simple"},"acf":[],"_links":{"self":[{"href":"https:\/\/sammler.com.pl\/ro\/wp-json\/wp\/v2\/product\/394","targetHints":{"allow":["GET"]}}],"collection":[{"href":"https:\/\/sammler.com.pl\/ro\/wp-json\/wp\/v2\/product"}],"about":[{"href":"https:\/\/sammler.com.pl\/ro\/wp-json\/wp\/v2\/types\/product"}],"wp:featuredmedia":[{"embeddable":true,"href":"https:\/\/sammler.com.pl\/ro\/wp-json\/wp\/v2\/media\/1030"}],"wp:attachment":[{"href":"https:\/\/sammler.com.pl\/ro\/wp-json\/wp\/v2\/media?parent=394"}],"wp:term":[{"taxonomy":"product_brand","embeddable":true,"href":"https:\/\/sammler.com.pl\/ro\/wp-json\/wp\/v2\/product_brand?post=394"},{"taxonomy":"product_cat","embeddable":true,"href":"https:\/\/sammler.com.pl\/ro\/wp-json\/wp\/v2\/product_cat?post=394"},{"taxonomy":"product_tag","embeddable":true,"href":"https:\/\/sammler.com.pl\/ro\/wp-json\/wp\/v2\/product_tag?post=394"}],"curies":[{"name":"wp","href":"https:\/\/api.w.org\/{rel}","templated":true}]}}