{"id":2219,"date":"2026-02-09T16:15:38","date_gmt":"2026-02-09T15:15:38","guid":{"rendered":"https:\/\/sammler.com.pl\/?post_type=product&#038;p=2219"},"modified":"2026-02-09T16:15:38","modified_gmt":"2026-02-09T15:15:38","slug":"siatka-na-krety-2-x-100-m","status":"publish","type":"product","link":"https:\/\/sammler.com.pl\/ro\/produs\/siatka-na-krety-2-x-100-m\/","title":{"rendered":"Siat\u00adka na kre\u00adty 2 \u00d7 100 m"},"content":{"rendered":"<p>Wari\u00adant <strong>2 \u00d7 100 m<\/strong> zosta\u0142 stwor\u00adzony z my\u015bl\u0105 o zabez\u00adpiecza\u00adniu du\u017cych teren\u00f3w zielonych, gdzie liczy si\u0119 wyda\u00adjno\u015b\u0107 mon\u00adta\u017cu i ogranicze\u00adnie licz\u00adby po\u0142\u0105cze\u0144. To rozwi\u0105zanie skutecznie chroni\u0105ce trawni\u00adki i inne powierzch\u00adnie przed dzi\u00ada\u0142al\u00adno\u015b\u00adci\u0105 kret\u00f3w i gry\u00adzoni gle\u00adbowych, bez potrze\u00adby stosowa\u00adnia \u015brod\u00adk\u00f3w chemicznych.<\/p>\n<p>Siat\u00adka wyko\u00adnana z trwa\u0142ego <strong>polipropy\u00adlenu (PP)<\/strong> greu\u00adtate <strong>40 g\/m\u00b2<\/strong> tworzy solid\u00adn\u0105 bari\u00ader\u0119 mechan\u00adiczn\u0105, odporn\u0105 na inten\u00adsy\u00adwne u\u017cytkowanie oraz zmi\u00adenne warun\u00adki atmos\u00adfer\u00adyczne. Pe\u0142\u00adna sze\u00adroko\u015b\u0107 2 metr\u00f3w umo\u017cli\u00adwia szy\u00adbkie rozk\u0142adanie mate\u00adri\u00ada\u0142u i znacz\u0105\u00adco skra\u00adca czas insta\u00adlacji na wi\u0119k\u00adszych obszarach.<\/p>\n<p>Reg\u00adu\u00adlarne ocz\u00adka <strong>12 \u00d7 12 mm<\/strong> skutecznie uniemo\u017cli\u00adwia\u00adj\u0105 prze\u00addostawanie si\u0119 kret\u00f3w na powierzch\u00adni\u0119, jed\u00adnocze\u015bnie nie wp\u0142y\u00adwa\u00adj\u0105c negaty\u00adwnie na nat\u00adu\u00adralne pro\u00adcesy zachodz\u0105ce w glebie. Woda opad\u00adowa, powi\u00adetrze i sk\u0142ad\u00adni\u00adki od\u017cy\u00adw\u00adcze bez przeszk\u00f3d przenika\u00adj\u0105 do pod\u0142o\u017ca, co sprzy\u00adja zdrowe\u00admu wzros\u00adtowi trawy.<\/p>\n<p>Siat\u00adka wykazu\u00adje wysok\u0105 odporno\u015b\u0107 na promieniowanie UV, mr\u00f3z, wilgo\u0107 oraz dzi\u00ada\u0142anie nawoz\u00f3w. Sta\u00adbilne mocow\u00adanie przy u\u017cy\u00adciu kotew ogrodowych zapew\u00adnia trwa\u0142o\u015b\u0107 insta\u00adlacji na wiele lat. Jest to ide\u00adal\u00adny wyb\u00f3r do du\u017cych ogrod\u00f3w, teren\u00f3w rekrea\u00adcyjnych oraz inwest\u00ady\u00adcji wyma\u00adga\u00adj\u0105\u00adcych solid\u00adnych rozwi\u0105za\u0144.<\/p>","protected":false},"excerpt":{"rendered":"<p>Wariant 2 \u00d7 100 m zosta\u0142 stworzony z my\u015bl\u0105 o zabezpieczaniu du\u017cych teren\u00f3w zielonych, gdzie liczy si\u0119 wydajno\u015b\u0107 monta\u017cu i ograniczenie liczby po\u0142\u0105cze\u0144. To rozwi\u0105zanie skutecznie chroni\u0105ce trawniki i inne powierzchnie przed dzia\u0142alno\u015bci\u0105 kret\u00f3w i gryzoni glebowych, bez potrzeby stosowania \u015brodk\u00f3w chemicznych. Siatka wykonana z trwa\u0142ego polipropylenu (PP) o gramaturze 40 g\/m\u00b2 tworzy solidn\u0105 barier\u0119 [&hellip;]<\/p>\n","protected":false},"featured_media":2226,"template":"","meta":{"_acf_changed":false,"wp_typography_post_enhancements_disabled":false},"product_brand":[],"product_cat":[94],"product_tag":[],"class_list":{"0":"post-2219","1":"product","2":"type-product","3":"status-publish","4":"has-post-thumbnail","6":"product_cat-siatka-na-krety","8":"first","9":"instock","10":"taxable","11":"shipping-taxable","12":"purchasable","13":"product-type-simple"},"acf":[],"_links":{"self":[{"href":"https:\/\/sammler.com.pl\/ro\/wp-json\/wp\/v2\/product\/2219","targetHints":{"allow":["GET"]}}],"collection":[{"href":"https:\/\/sammler.com.pl\/ro\/wp-json\/wp\/v2\/product"}],"about":[{"href":"https:\/\/sammler.com.pl\/ro\/wp-json\/wp\/v2\/types\/product"}],"wp:featuredmedia":[{"embeddable":true,"href":"https:\/\/sammler.com.pl\/ro\/wp-json\/wp\/v2\/media\/2226"}],"wp:attachment":[{"href":"https:\/\/sammler.com.pl\/ro\/wp-json\/wp\/v2\/media?parent=2219"}],"wp:term":[{"taxonomy":"product_brand","embeddable":true,"href":"https:\/\/sammler.com.pl\/ro\/wp-json\/wp\/v2\/product_brand?post=2219"},{"taxonomy":"product_cat","embeddable":true,"href":"https:\/\/sammler.com.pl\/ro\/wp-json\/wp\/v2\/product_cat?post=2219"},{"taxonomy":"product_tag","embeddable":true,"href":"https:\/\/sammler.com.pl\/ro\/wp-json\/wp\/v2\/product_tag?post=2219"}],"curies":[{"name":"wp","href":"https:\/\/api.w.org\/{rel}","templated":true}]}}