{"id":213,"date":"2023-02-07T16:42:58","date_gmt":"2023-02-07T15:42:58","guid":{"rendered":"https:\/\/sammler.uxtivity.com\/?post_type=product&#038;p=213"},"modified":"2025-01-29T12:42:24","modified_gmt":"2025-01-29T11:42:24","slug":"gotowe-do-montazu-zestawy-78-mm","status":"publish","type":"product","link":"https:\/\/sammler.com.pl\/ro\/produs\/kituri-gata-de-montare-78-mm\/","title":{"rendered":"Kituri gata de insta\u00adlare (78 mm)"},"content":{"rendered":"<h2 style=\"font-size: 1em; margin: 10px auto;\">De ce s\u0103 alege\u021bi kiturile gata de asamblare de 78 mm?<\/h2>\n<p>Kiturile gata de insta\u00adlare de 78 mm oferite de Samm\u00adler sunt o alegere exce\u00adlen\u00adt\u0103 pen\u00adtru to\u021bi cei care apre\u00adci\u00adaz\u0103 dura\u00adbil\u00adi\u00adtatea, flex\u00adi\u00adbil\u00adi\u00adtatea \u0219i respectarea medi\u00adu\u00adlui. Fab\u00adri\u00adcate \u00een 100% din mate\u00adri\u00adale reci\u00adclate, aces\u00adte bor\u00adduri func\u021bionale pen\u00adtru gazon ofer\u0103 dura\u00adbil\u00adi\u00adtate fia\u00adbil\u0103 pen\u00adtru cel pu\u021bin 10 ani. Cu designul lor flex\u00adi\u00adbil, pute\u021bi crea cu u\u0219ur\u00adin\u021b\u0103 at\u00e2t linii drepte, c\u00e2t \u0219i curbe \u0219i unghi\u00aduri com\u00adpli\u00adcate, per\u00admi\u021b\u00e2nd posi\u00adbil\u00adit\u0103\u021bi de design prac\u00adtic nelim\u00adi\u00adtate \u00een gr\u0103\u00add\u00adi\u00adna dvs. Nu sunt nece\u00adsare unelte sau abil\u00adit\u0103\u021bi de spe\u00adcial\u00adi\u00adtate pen\u00adtru a insta\u00adla aces\u00adte seturi de bor\u00adduri \u2014 tot ce ave\u021bi nevoie sunt \u0219tif\u00adturile furnizate, foar\u00adfe\u00adcele de gr\u0103d\u00adin\u0103 \u0219i un cio\u00adcan, iar crest\u0103\u00adturile de la baza fiec\u0103ruia v\u0103 per\u00admit s\u0103 for\u00adma\u021bi sin\u00adgur orice for\u00adm\u0103 dori\u021bi. Kiturile gata de asam\u00adblare de 78 mm de la Samm\u00adler sunt ide\u00adale at\u00e2t pen\u00adtru gr\u0103\u00addinile pri\u00advate, c\u00e2t \u0219i pen\u00adtru zonele pub\u00adlice, sep\u00ada\u00adr\u00e2nd \u00een mod efi\u00adcient gazonul de res\u00adturi sau scoar\u021b\u0103 pen\u00adtru a crea alei estet\u00adice \u0219i dura\u00adbile. Aleg\u00e2nd bor\u00addurile Samm\u00adler, nu numai c\u0103 ave\u021bi gri\u00adj\u0103 de con\u00adfor\u00adtul \u0219i estet\u00adi\u00adca spa\u021bi\u00adu\u00adlui dum\u00adneav\u00adoas\u00adtr\u0103, dar spri\u00adjini\u021bi \u0219i medi\u00adul \u00eencon\u00adjur\u0103\u00adtor prin uti\u00adlizarea mate\u00adri\u00adalelor reci\u00adclate.<\/p>","protected":false},"excerpt":{"rendered":"<p>Samm\u00adler<\/p>","protected":false},"featured_media":396,"template":"","meta":{"_acf_changed":false,"wp_typography_post_enhancements_disabled":false},"product_brand":[],"product_cat":[43],"product_tag":[35],"class_list":{"0":"post-213","1":"product","2":"type-product","3":"status-publish","4":"has-post-thumbnail","6":"product_cat-zestawy","7":"product_tag-obrzeza-ogrodowe","9":"first","10":"instock","11":"taxable","12":"shipping-taxable","13":"purchasable","14":"product-type-variable","15":"has-default-attributes"},"acf":[],"_links":{"self":[{"href":"https:\/\/sammler.com.pl\/ro\/wp-json\/wp\/v2\/product\/213","targetHints":{"allow":["GET"]}}],"collection":[{"href":"https:\/\/sammler.com.pl\/ro\/wp-json\/wp\/v2\/product"}],"about":[{"href":"https:\/\/sammler.com.pl\/ro\/wp-json\/wp\/v2\/types\/product"}],"wp:featuredmedia":[{"embeddable":true,"href":"https:\/\/sammler.com.pl\/ro\/wp-json\/wp\/v2\/media\/396"}],"wp:attachment":[{"href":"https:\/\/sammler.com.pl\/ro\/wp-json\/wp\/v2\/media?parent=213"}],"wp:term":[{"taxonomy":"product_brand","embeddable":true,"href":"https:\/\/sammler.com.pl\/ro\/wp-json\/wp\/v2\/product_brand?post=213"},{"taxonomy":"product_cat","embeddable":true,"href":"https:\/\/sammler.com.pl\/ro\/wp-json\/wp\/v2\/product_cat?post=213"},{"taxonomy":"product_tag","embeddable":true,"href":"https:\/\/sammler.com.pl\/ro\/wp-json\/wp\/v2\/product_tag?post=213"}],"curies":[{"name":"wp","href":"https:\/\/api.w.org\/{rel}","templated":true}]}}