{"id":211,"date":"2023-02-07T16:42:09","date_gmt":"2023-02-07T15:42:09","guid":{"rendered":"https:\/\/sammler.uxtivity.com\/?post_type=product&#038;p=211"},"modified":"2024-08-06T15:21:07","modified_gmt":"2024-08-06T13:21:07","slug":"obrzeza-ogrodowe-78-mm","status":"publish","type":"product","link":"https:\/\/sammler.com.pl\/ro\/produs\/bordura-gradina-78-mm\/","title":{"rendered":"Bor\u00addur\u0103 de gr\u0103d\u00adin\u0103 78 mm \u2014 4 buc\u0103\u021bi (pachet)"},"content":{"rendered":"<p class=\"margin-bottom margin-small\">Bor\u00addur\u0103 <strong>RecBord 78<\/strong> este con\u00adceput pen\u00adtru crearea de alei \u0219i pote\u00adci \u00een gr\u0103\u00addi\u00adni. <strong>RecBord 78<\/strong> cel mai frecvent uti\u00adlizat pen\u00adtru a sep\u00ada\u00adra gazonul de pietri\u0219 sau scoar\u021b\u0103. Datorit\u0103 uti\u00adliz\u0103rii bor\u00addurilor de gr\u0103d\u00adin\u0103 l\u00e2ng\u0103 suprafe\u021be real\u00adizate din ele\u00admente de beton, de exem\u00adplu, pavele, dale de pavaj, cre\u0103m o suprafa\u021b\u0103 uni\u00adfor\u00adm\u0103 \u0219i sta\u00adbil\u0103, pro\u00adte\u00adjat\u0103 \u00eempotri\u00adva alunec\u0103rii. Bor\u00addurile func\u021bioneaz\u0103 bine at\u00e2t \u00een gr\u0103d\u00adin\u0103, c\u00e2t \u0219i \u00een locurile pub\u00adlice.<\/p>\n<p>Bor\u00addurile de gazon sunt real\u00adizate din plas\u00adtic ob\u021bin\u00adut \u00een <strong>100% din RECYCLING<\/strong>. Ca urmare, aces\u00adtea sunt flex\u00adi\u00adbile, f\u0103c\u00e2nd posi\u00adbil\u0103 mod\u00ade\u00adlarea lini\u00adilor drepte, pre\u00adcum \u0219i a curbe\u00adlor \u0219i unghi\u00adurilor.<\/p>","protected":false},"excerpt":{"rendered":"<p>Obrze\u017ce RecBord 78 jest przeznaczone do wydzielania alejek oraz \u015bcie\u017cek w ogrodach. RecBord 78 najcz\u0119\u015bciej stosuje si\u0119 do oddzielenia trawnika od grysu lub kory. Dzi\u0119ki zastosowaniu obrze\u017cy ogrodowych przy nawierzchniach z element\u00f3w betonowych np. kostka brukowa, p\u0142yta chodnikowa, tworzymy jednolit\u0105 i stabiln\u0105 powierzchni\u0119, zabezpieczon\u0105 przed rozsuwaniem si\u0119. Obrze\u017ca sprawdzaj\u0105 si\u0119 zar\u00f3wno w ogrodzie jak i [&hellip;]<\/p>\n","protected":false},"featured_media":448,"template":"","meta":{"_acf_changed":false,"wp_typography_post_enhancements_disabled":false},"product_brand":[],"product_cat":[37],"product_tag":[48,35],"class_list":{"0":"post-211","1":"product","2":"type-product","3":"status-publish","4":"has-post-thumbnail","6":"product_cat-obrzeza","7":"product_tag-48","8":"product_tag-obrzeza-ogrodowe","10":"first","11":"instock","12":"taxable","13":"shipping-taxable","14":"purchasable","15":"product-type-simple"},"acf":[],"_links":{"self":[{"href":"https:\/\/sammler.com.pl\/ro\/wp-json\/wp\/v2\/product\/211","targetHints":{"allow":["GET"]}}],"collection":[{"href":"https:\/\/sammler.com.pl\/ro\/wp-json\/wp\/v2\/product"}],"about":[{"href":"https:\/\/sammler.com.pl\/ro\/wp-json\/wp\/v2\/types\/product"}],"wp:featuredmedia":[{"embeddable":true,"href":"https:\/\/sammler.com.pl\/ro\/wp-json\/wp\/v2\/media\/448"}],"wp:attachment":[{"href":"https:\/\/sammler.com.pl\/ro\/wp-json\/wp\/v2\/media?parent=211"}],"wp:term":[{"taxonomy":"product_brand","embeddable":true,"href":"https:\/\/sammler.com.pl\/ro\/wp-json\/wp\/v2\/product_brand?post=211"},{"taxonomy":"product_cat","embeddable":true,"href":"https:\/\/sammler.com.pl\/ro\/wp-json\/wp\/v2\/product_cat?post=211"},{"taxonomy":"product_tag","embeddable":true,"href":"https:\/\/sammler.com.pl\/ro\/wp-json\/wp\/v2\/product_tag?post=211"}],"curies":[{"name":"wp","href":"https:\/\/api.w.org\/{rel}","templated":true}]}}