{"id":204,"date":"2023-02-07T15:32:54","date_gmt":"2023-02-07T14:32:54","guid":{"rendered":"https:\/\/sammler.uxtivity.com\/?post_type=product&#038;p=204"},"modified":"2025-01-29T12:35:35","modified_gmt":"2025-01-29T11:35:35","slug":"gotowe-do-montazu-zestawy-45-mm","status":"publish","type":"product","link":"https:\/\/sammler.com.pl\/ro\/produs\/seturi-gata-de-asamblare-45-mm\/","title":{"rendered":"Kituri gata de insta\u00adlare (45 mm)"},"content":{"rendered":"<h2 style=\"font-size: 1em; margin: 10px auto;\">De ce s\u0103 alege\u021bi kiturile gata de asamblare de 45 mm?<\/h2>\n<p>Alegerea unui kit de 45 mm gata de asam\u00adblare de la Samm\u00adler RecBord este o garan\u021bie de con\u00adfort \u0219i func\u021bion\u00adal\u00adi\u00adtate. Aces\u00adte kituri asig\u00adur\u0103 o insta\u00adlare sim\u00adpl\u0103 \u0219i rapid\u0103 datorit\u0103 acce\u00adsori\u00adilor incluse, care includ un foar\u00adfece de gr\u0103d\u00adin\u0103 \u0219i un cio\u00adcan. Cu o \u00een\u0103l\u021bime de 4,5 cm, bor\u00addurile de gr\u0103d\u00adin\u0103 sunt ide\u00adale pen\u00adtru sep\u00ada\u00adrarea diferitelor tipuri de suprafe\u021be din gr\u0103d\u00adin\u0103, cum ar fi gazon, scoar\u021b\u0103 sau pietre, ast\u00adfel \u00eenc\u00e2t s\u0103 crea\u021bi sep\u00ada\u00adra\u00adtoare estet\u00adice \u0219i sta\u00adbile. Dura\u00adbil\u00adi\u00adtatea mate\u00adri\u00adalu\u00adlui de min\u00adim 10 ani \u00eenseam\u00adn\u0103 c\u0103 v\u0103 pute\u021bi bucu\u00adra de o gr\u0103d\u00adin\u0103 ordo\u00adnat\u0103 pen\u00adtru o lung\u0103 perioad\u0103 de timp. Impor\u00adtant este fap\u00adtul c\u0103 bor\u00addurile sunt fab\u00adri\u00adcate din plas\u00adtic reci\u00adclat 100%, ceea ce nu numai c\u0103 le face mai flex\u00adi\u00adbile, dar spri\u00adjin\u0103 \u0219i gri\u00adja pen\u00adtru mediu. Bor\u00addu\u00adra de gazon func\u021bioneaz\u0103 bine at\u00e2t \u00een gr\u0103\u00addinile pri\u00advate, c\u00e2t \u0219i \u00een zonele pub\u00adlice, r\u0103m\u00e2n\u00e2nd o solu\u021bie robust\u0103 \u0219i fia\u00adbil\u0103 \u00eentr\u2011o vari\u00adetate de condi\u021bii. Datorit\u0103 flex\u00adi\u00adbil\u00adit\u0103\u021bii mate\u00adri\u00adalu\u00adlui, pot fi for\u00admate at\u00e2t linii drepte, c\u00e2t \u0219i forme rotun\u00adjite, m\u0103rind posi\u00adbil\u00adit\u0103\u021bile de apli\u00adcare. Prof\u00adi\u00adta\u021bi de gama noas\u00adtr\u0103 \u0219i vede\u021bi cum kiturile de 45 mm gata de asam\u00adblare fac gr\u0103d\u00adin\u0103rit\u00adul mai u\u0219or!<\/p>\n<p>Bor\u00addurile de gazon sunt real\u00adizate din plas\u00adtic ob\u021bin\u00adut \u00een <strong>100% din RECYCLING<\/strong>. Ca urmare, aces\u00adtea sunt flex\u00adi\u00adbile, f\u0103c\u00e2nd posi\u00adbil\u0103 at\u00e2t for\u00admarea de linii drepte, c\u00e2t \u0219i de curbe \u0219i unghi\u00aduri.<\/p>","protected":false},"excerpt":{"rendered":"<p>Samm\u00adler<\/p>","protected":false},"featured_media":396,"template":"","meta":{"_acf_changed":false,"wp_typography_post_enhancements_disabled":false},"product_brand":[],"product_cat":[43],"product_tag":[35],"class_list":{"0":"post-204","1":"product","2":"type-product","3":"status-publish","4":"has-post-thumbnail","6":"product_cat-zestawy","7":"product_tag-obrzeza-ogrodowe","9":"first","10":"instock","11":"taxable","12":"shipping-taxable","13":"purchasable","14":"product-type-variable","15":"has-default-attributes"},"acf":[],"_links":{"self":[{"href":"https:\/\/sammler.com.pl\/ro\/wp-json\/wp\/v2\/product\/204","targetHints":{"allow":["GET"]}}],"collection":[{"href":"https:\/\/sammler.com.pl\/ro\/wp-json\/wp\/v2\/product"}],"about":[{"href":"https:\/\/sammler.com.pl\/ro\/wp-json\/wp\/v2\/types\/product"}],"wp:featuredmedia":[{"embeddable":true,"href":"https:\/\/sammler.com.pl\/ro\/wp-json\/wp\/v2\/media\/396"}],"wp:attachment":[{"href":"https:\/\/sammler.com.pl\/ro\/wp-json\/wp\/v2\/media?parent=204"}],"wp:term":[{"taxonomy":"product_brand","embeddable":true,"href":"https:\/\/sammler.com.pl\/ro\/wp-json\/wp\/v2\/product_brand?post=204"},{"taxonomy":"product_cat","embeddable":true,"href":"https:\/\/sammler.com.pl\/ro\/wp-json\/wp\/v2\/product_cat?post=204"},{"taxonomy":"product_tag","embeddable":true,"href":"https:\/\/sammler.com.pl\/ro\/wp-json\/wp\/v2\/product_tag?post=204"}],"curies":[{"name":"wp","href":"https:\/\/api.w.org\/{rel}","templated":true}]}}