{"id":1500,"date":"2024-08-21T00:33:35","date_gmt":"2024-08-20T22:33:35","guid":{"rendered":"https:\/\/sammler.com.pl\/?post_type=product&#038;p=1500"},"modified":"2026-01-27T14:14:50","modified_gmt":"2026-01-27T13:14:50","slug":"agrowloknina-80g-m%c2%b2-brazowa-32-m-z-uv","status":"publish","type":"product","link":"https:\/\/sammler.com.pl\/ro\/produs\/agroblock-80g-m\u00b2-maro-32-m-cu-uv\/","title":{"rendered":"Agro-tex\u00adtil 80g\/m\u00b2 maro 3,2 m cu UV"},"content":{"rendered":"<h2 style=\"font-size: 1em; margin: 10px auto;\">Avantajele folosirii l\u00e2nii agricole maro pentru mulcire<\/h2>\n<p>Agro\u00adtex\u00adtile 80g\/m\u00b2 maro 3,2 m cu UV este solu\u021bia ide\u00adal\u0103 de mul\u00adcire ofer\u00adit\u0103 de com\u00adpa\u00adnia noas\u00adtr\u0103 Samm\u00adler. Prin uti\u00adlizarea aces\u00adtui pro\u00addus, pute\u021bi pro\u00adte\u00adja efi\u00adcient solul de buruie\u00adnile nedorite, reduc\u00e2nd ast\u00adfel tim\u00adpul \u0219i efor\u00adtul chel\u00adtu\u00adite pen\u00adtru \u00eende\u00adp\u0103rtarea aces\u00adto\u00adra. Agro-tex\u00adtilul men\u021bine solul la un niv\u00adel optim de umid\u00adi\u00adtate, ceea ce este esen\u021bial pen\u00adtru cre\u0219terea s\u0103n\u0103\u00adtoas\u0103 a plantelor dum\u00adneav\u00adoas\u00adtr\u0103. \u00cen plus, le sus\u021bine sis\u00adtemul radic\u00adu\u00adlar, consolid\u00e2ndu\u2011l \u0219i per\u00admi\u021b\u00e2nd o \u00eenr\u0103d\u0103cinare mai pro\u00adfund\u0103, ceea ce, la r\u00e2n\u00addul s\u0103u, le \u00eembun\u0103t\u0103\u021be\u0219te dez\u00advoltarea. Un alt ben\u00adefi\u00adciu este acela c\u0103 \u00eembun\u0103t\u0103\u021be\u0219te estet\u00adi\u00adca gr\u0103\u00addinii dvs. \u2014 agro\u00adtex\u00adtilul \u00eei con\u00adfer\u0103 un aspect \u00eengri\u00adjit, ordo\u00adnat, care va fi cu sig\u00adu\u00adran\u021b\u0103 apre\u00adci\u00adat de orice iubitor al naturii. Pro\u00addusul per\u00admite tre\u00adcerea apei \u0219i a aeru\u00adlui, ceea ce este impor\u00adtant pen\u00adtru un mediu s\u0103n\u0103\u00adtos pen\u00adtru r\u0103d\u0103ci\u00adni. \u00cen plus, agro-tex\u00adtilul maro 80 g\/m\u00b2 3,2 m cu UV se car\u00adac\u00adter\u00adizeaz\u0103 prin dura\u00adbil\u00adi\u00adtate ridi\u00adcat\u0103 \u0219i rezis\u00adten\u021b\u0103 la UV, ceea ce \u00eenseam\u00adn\u0103 c\u0103 va rezista mult timp. Prof\u00adi\u00adta\u021bi de ofer\u00adta noas\u00adtr\u0103 \u0219i alege\u021bi 80g\/m\u00b2 agro-tex\u00adtil maro 3,2 m cu UV pen\u00adtru a v\u0103 bucu\u00adra de o gr\u0103d\u00adin\u0103 fru\u00admoas\u0103 \u0219i \u00eengri\u00adjit\u0103.<\/p>","protected":false},"excerpt":{"rendered":"<p>Zalety stosowania agrow\u0142\u00f3kniny br\u0105zowej do \u015bci\u00f3\u0142kowania Agrow\u0142\u00f3knina 80g\/m\u00b2 br\u0105zowa 3,2 m z UV to idealne rozwi\u0105zanie do \u015bci\u00f3\u0142kowania, oferowane przez nasz\u0105 firm\u0119 Sammler. Dzi\u0119ki zastosowaniu tego produktu mo\u017cesz skutecznie chroni\u0107 gleb\u0119 przed niechcianymi chwastami, co pozwala na zmniejszenie czasu i wysi\u0142ku po\u015bwi\u0119canego na ich usuwanie. Agrow\u0142\u00f3knina utrzymuje optymalny poziom wilgotno\u015bci gleby, co ma kluczowe znaczenie [&hellip;]<\/p>\n","protected":false},"featured_media":1691,"template":"","meta":{"_acf_changed":false,"wp_typography_post_enhancements_disabled":false},"product_brand":[],"product_cat":[57,68,70,67,69],"product_tag":[],"class_list":{"0":"post-1500","1":"product","2":"type-product","3":"status-publish","4":"has-post-thumbnail","6":"product_cat-agrowloknina","7":"product_cat-agrowloknina-pod-kamienie","8":"product_cat-agrowloknina-pod-rosliny","9":"product_cat-agrowloknina-przeciw-chwastom","10":"product_cat-agrowloknina-sciolkujaca","11":"pa_gramatura-agrowloknina-p-80","13":"first","14":"instock","15":"taxable","16":"shipping-taxable","17":"purchasable","18":"product-type-variable","19":"has-default-attributes"},"acf":[],"_links":{"self":[{"href":"https:\/\/sammler.com.pl\/ro\/wp-json\/wp\/v2\/product\/1500","targetHints":{"allow":["GET"]}}],"collection":[{"href":"https:\/\/sammler.com.pl\/ro\/wp-json\/wp\/v2\/product"}],"about":[{"href":"https:\/\/sammler.com.pl\/ro\/wp-json\/wp\/v2\/types\/product"}],"wp:featuredmedia":[{"embeddable":true,"href":"https:\/\/sammler.com.pl\/ro\/wp-json\/wp\/v2\/media\/1691"}],"wp:attachment":[{"href":"https:\/\/sammler.com.pl\/ro\/wp-json\/wp\/v2\/media?parent=1500"}],"wp:term":[{"taxonomy":"product_brand","embeddable":true,"href":"https:\/\/sammler.com.pl\/ro\/wp-json\/wp\/v2\/product_brand?post=1500"},{"taxonomy":"product_cat","embeddable":true,"href":"https:\/\/sammler.com.pl\/ro\/wp-json\/wp\/v2\/product_cat?post=1500"},{"taxonomy":"product_tag","embeddable":true,"href":"https:\/\/sammler.com.pl\/ro\/wp-json\/wp\/v2\/product_tag?post=1500"}],"curies":[{"name":"wp","href":"https:\/\/api.w.org\/{rel}","templated":true}]}}