{"id":1497,"date":"2024-08-21T00:29:57","date_gmt":"2024-08-20T22:29:57","guid":{"rendered":"https:\/\/sammler.com.pl\/?post_type=product&#038;p=1497"},"modified":"2025-03-03T09:18:37","modified_gmt":"2025-03-03T08:18:37","slug":"agrowloknina-80g-m%c2%b2-brazowa-21-m-z-uv-kopia","status":"publish","type":"product","link":"https:\/\/sammler.com.pl\/ro\/produs\/agroblock-80g-m\u00b2-maro-21-m-cu-copie-uv\/","title":{"rendered":"Agro-tex\u00adtil 80g\/m\u00b2 maro 2,1 m cu UV"},"content":{"rendered":"<h2 style=\"font-size: 1em; margin: 10px auto;\">Protec\u021bie \u0219i estetic\u0103 pe termen lung a gr\u0103dinii<\/h2>\n<p>Agro\u00adtex\u00adtilul maro 80g\/m\u00b2 2,1 m cu UV disponi\u00adbil \u00een gama noas\u00adtr\u0103 este o modal\u00adi\u00adtate fia\u00adbil\u0103 de a pro\u00adte\u00adja solul de buruie\u00adnile nedorite pe ter\u00admen lung, \u00eembun\u0103t\u0103\u021bind \u00een ace\u00adla\u0219i timp sem\u00adni\u00adfica\u00adtiv estet\u00adi\u00adca gr\u0103\u00addinii dvs. Datorit\u0103 rezis\u00adten\u021bei sale ridi\u00adcate la UV, pro\u00addusul nos\u00adtru \u00ee\u0219i p\u0103streaz\u0103 pro\u00adpri\u00adet\u0103\u021bile timp de mai multe sezoane, garan\u00adt\u00e2nd uti\u00adlizarea max\u00adim\u0103 a poten\u021bialu\u00adlui s\u0103u. Culoarea maro \u00eenchis a \u021bes\u0103\u00adturii agro-\u021besute se inte\u00adgreaz\u0103 per\u00adfect \u00een medi\u00adul nat\u00adur\u00adal, oferind gr\u0103\u00addinii dvs. un aspect \u00eengri\u00adjit \u0219i pro\u00adfe\u00adsion\u00adal. Uti\u00adlizarea agro\u021bes\u0103\u00adturii maro 80g\/m\u00b2 2,1m cu UV v\u0103 per\u00admite nu numai s\u0103 men\u021bine\u021bi umid\u00adi\u00adtatea opti\u00adm\u0103 a solu\u00adlui, ci \u0219i s\u0103 con\u00adsol\u00adi\u00adda\u021bi sis\u00adtemul radic\u00adu\u00adlar al plantelor dum\u00adneav\u00adoas\u00adtr\u0103, favoriz\u00e2nd dez\u00advoltarea s\u0103n\u0103\u00adtoas\u0103 a aces\u00adto\u00adra. Acest pro\u00addus are o struc\u00adtur\u0103 per\u00adme\u00adabil\u0103 care per\u00admite apei \u0219i aeru\u00adlui s\u0103 cir\u00adcule liber c\u0103tre r\u0103d\u0103ci\u00adni, ceea ce este esen\u021bial pen\u00adtru un mediu s\u0103n\u0103\u00adtos al plantelor. Aleg\u00e2nd \u021bes\u0103\u00adtu\u00adra agro\u00adtex\u00adtil\u0103 de la Samm\u00adler, investe\u0219ti \u00een dura\u00adbil\u00adi\u00adtatea, func\u021bion\u00adal\u00adi\u00adtatea \u0219i estet\u00adi\u00adca gr\u0103\u00addinii tale, f\u0103c\u00e2nd din aceas\u00adta un loc de m\u00e2n\u00addrie \u0219i relaxare pen\u00adtru tine. Prof\u00adi\u00adta\u021bi de ofer\u00adta noas\u00adtr\u0103 \u0219i bucu\u00adra\u021bi-v\u0103 de o gr\u0103d\u00adin\u0103 fru\u00admoas\u0103 \u0219i bine \u00eentre\u021bin\u00adut\u0103 pen\u00adtru mult timp.<\/p>","protected":false},"excerpt":{"rendered":"<p>D\u0142ugotrwa\u0142a ochrona i estetyka ogrodu Agrow\u0142\u00f3knina 80g\/m\u00b2 br\u0105zowa 2,1 m z UV dost\u0119pna w naszej ofercie to niezawodny spos\u00f3b na d\u0142ugotrwa\u0142\u0105 ochron\u0119 gleby przed niechcianymi chwastami, jednocze\u015bnie znacz\u0105co poprawiaj\u0105cy estetyk\u0119 ogrodu. Dzi\u0119ki wysokiej odporno\u015bci na promieniowanie UV, nasz produkt zachowuje swoje w\u0142a\u015bciwo\u015bci przez wiele sezon\u00f3w, co gwarantuje maksymalne wykorzystanie jego potencja\u0142u. Ciemnobr\u0105zowy kolor agrow\u0142\u00f3kniny idealnie [&hellip;]<\/p>\n","protected":false},"featured_media":1691,"template":"","meta":{"_acf_changed":false,"wp_typography_post_enhancements_disabled":false},"product_brand":[],"product_cat":[57,68,70,67,69],"product_tag":[],"class_list":{"0":"post-1497","1":"product","2":"type-product","3":"status-publish","4":"has-post-thumbnail","6":"product_cat-agrowloknina","7":"product_cat-agrowloknina-pod-kamienie","8":"product_cat-agrowloknina-pod-rosliny","9":"product_cat-agrowloknina-przeciw-chwastom","10":"product_cat-agrowloknina-sciolkujaca","11":"pa_gramatura-agrowloknina-p-80","13":"first","14":"outofstock","15":"taxable","16":"shipping-taxable","17":"purchasable","18":"product-type-variable","19":"has-default-attributes"},"acf":[],"_links":{"self":[{"href":"https:\/\/sammler.com.pl\/ro\/wp-json\/wp\/v2\/product\/1497","targetHints":{"allow":["GET"]}}],"collection":[{"href":"https:\/\/sammler.com.pl\/ro\/wp-json\/wp\/v2\/product"}],"about":[{"href":"https:\/\/sammler.com.pl\/ro\/wp-json\/wp\/v2\/types\/product"}],"wp:featuredmedia":[{"embeddable":true,"href":"https:\/\/sammler.com.pl\/ro\/wp-json\/wp\/v2\/media\/1691"}],"wp:attachment":[{"href":"https:\/\/sammler.com.pl\/ro\/wp-json\/wp\/v2\/media?parent=1497"}],"wp:term":[{"taxonomy":"product_brand","embeddable":true,"href":"https:\/\/sammler.com.pl\/ro\/wp-json\/wp\/v2\/product_brand?post=1497"},{"taxonomy":"product_cat","embeddable":true,"href":"https:\/\/sammler.com.pl\/ro\/wp-json\/wp\/v2\/product_cat?post=1497"},{"taxonomy":"product_tag","embeddable":true,"href":"https:\/\/sammler.com.pl\/ro\/wp-json\/wp\/v2\/product_tag?post=1497"}],"curies":[{"name":"wp","href":"https:\/\/api.w.org\/{rel}","templated":true}]}}