{"id":1494,"date":"2024-08-21T00:11:29","date_gmt":"2024-08-20T22:11:29","guid":{"rendered":"https:\/\/sammler.com.pl\/?post_type=product&#038;p=1494"},"modified":"2026-02-16T17:08:15","modified_gmt":"2026-02-16T16:08:15","slug":"agrowloknina-80g-m%c2%b2-brazowa-16-m-z-uv","status":"publish","type":"product","link":"https:\/\/sammler.com.pl\/ro\/produs\/agroblock-80g-m\u00b2-maro-16-m-cu-uv\/","title":{"rendered":"Agro-tex\u00adtil 80g\/m\u00b2 maro 1,6 m cu UV"},"content":{"rendered":"<h2 style=\"font-size: 1em; margin: 10px auto;\">Avantajele \u021bes\u0103turii agro-textile maro de 80 g\/m\u00b2 cu l\u0103\u021bimea de 1,6 m cu UV<\/h2>\n<p>Agro\u00adtex\u00adtile 80g\/m\u00b2 maro 1,6m cu UV de la Samm\u00adler RecBord este o solu\u021bie ide\u00adal\u0103 de mul\u00adcire care garan\u00adteaz\u0103 o serie de ben\u00adeficii pen\u00adtru gr\u0103\u00add\u00adi\u00adna dum\u00adneav\u00adoas\u00adtr\u0103. Datorit\u0103 struc\u00adturii sale robuste, pro\u00addusul ofer\u0103 pro\u00adtec\u021bie efi\u00adcien\u00adt\u0103 \u00eempotri\u00adva buruie\u00adnilor, elim\u00adin\u00e2nd nevoia de erbi\u00adcide \u0219i per\u00admi\u021b\u00e2nd solu\u00adlui s\u0103 se men\u021bin\u0103 \u00een mod nat\u00adur\u00adal. Mate\u00adri\u00adalul este exce\u00adlent \u00een ceea ce prive\u0219te re\u021binerea umid\u00adit\u0103\u021bii, men\u021bin\u00e2nd plantele hidratate core\u00adspun\u00adz\u0103\u00adtor pen\u00adtru perioade mai lun\u00adgi, ceea ce este de nepre\u021buit mai ales \u00een tim\u00adpul perioad\u00ade\u00adlor calde \u0219i uscate. Prin asig\u00adu\u00adrarea opti\u00adm\u0103 a umid\u00adit\u0103\u021bii solu\u00adlui, agro\u00adtex\u00adtilul maro de 80 g\/m\u00b2 de 1,6 m cu UV spri\u00adjin\u0103, de aseme\u00adnea, cre\u0219terea s\u0103n\u0103\u00adtoas\u0103 a plantelor \u0219i dez\u00advoltarea sis\u00adtemu\u00adlui lor radic\u00adu\u00adlar. \u00cen plus, struc\u00adtura sa per\u00adme\u00adabil\u0103 per\u00admite cir\u00adcu\u00adla\u021bia aeru\u00adlui, ceea ce pro\u00admoveaz\u0103 un mediu s\u0103n\u0103\u00adtos pen\u00adtru r\u0103d\u0103ci\u00adni. Datorit\u0103 pro\u00adtec\u021biei sale UV, mate\u00adri\u00adalul este dura\u00adbil \u0219i rezis\u00adtent la condi\u021bi\u00adile mete\u00ado\u00adro\u00adlog\u00adice d\u0103un\u0103\u00adtoare, asig\u00adur\u00e2nd o per\u00adfor\u00adman\u021b\u0103 efi\u00adcien\u00adt\u0103 \u0219i de lung\u0103 durat\u0103. Aleg\u00e2nd agro-tex\u00adtilul maro 80g\/m\u00b2 1,6m cu UV, ave\u021bi garan\u021bia c\u0103 gr\u0103\u00add\u00adi\u00adna dvs. va avea un aspect estet\u00adic pl\u0103\u00adcut \u0219i va fi fru\u00admos \u00eengri\u00adjit\u0103 pe tot par\u00adcur\u00adsul sezonu\u00adlui. Prof\u00adi\u00adta\u021bi de ofer\u00adta noas\u00adtr\u0103 \u0219i bucu\u00adra\u021bi-v\u0103 de o gr\u0103d\u00adin\u0103 fru\u00admoas\u0103 \u0219i s\u0103n\u0103\u00adtoas\u0103, f\u0103r\u0103 buruieni nedorite.<\/p>","protected":false},"excerpt":{"rendered":"<p>Zalety agrow\u0142\u00f3kniny 80g\/m\u00b2 br\u0105zowej o szeroko\u015bci 1,6 m z UV Agrow\u0142\u00f3knina 80g\/m\u00b2 br\u0105zowa 1,6 m z UV od firmy Sammler RecBord to idealne rozwi\u0105zanie do \u015bci\u00f3\u0142kowania, kt\u00f3re gwarantuje szereg korzy\u015bci dla Twojego ogrodu. Dzi\u0119ki swojej solidnej strukturze produkt zapewnia skuteczn\u0105 ochron\u0119 przed chwastami, eliminuj\u0105c potrzeb\u0119 stosowania herbicyd\u00f3w i pozwalaj\u0105c na naturalne utrzymanie gleby. Materia\u0142 ten [&hellip;]<\/p>\n","protected":false},"featured_media":1691,"template":"","meta":{"_acf_changed":false,"wp_typography_post_enhancements_disabled":false},"product_brand":[],"product_cat":[57,68,70,67,69],"product_tag":[],"class_list":{"0":"post-1494","1":"product","2":"type-product","3":"status-publish","4":"has-post-thumbnail","6":"product_cat-agrowloknina","7":"product_cat-agrowloknina-pod-kamienie","8":"product_cat-agrowloknina-pod-rosliny","9":"product_cat-agrowloknina-przeciw-chwastom","10":"product_cat-agrowloknina-sciolkujaca","11":"pa_gramatura-agrowloknina-p-80","13":"first","14":"instock","15":"taxable","16":"shipping-taxable","17":"purchasable","18":"product-type-variable","19":"has-default-attributes"},"acf":[],"_links":{"self":[{"href":"https:\/\/sammler.com.pl\/ro\/wp-json\/wp\/v2\/product\/1494","targetHints":{"allow":["GET"]}}],"collection":[{"href":"https:\/\/sammler.com.pl\/ro\/wp-json\/wp\/v2\/product"}],"about":[{"href":"https:\/\/sammler.com.pl\/ro\/wp-json\/wp\/v2\/types\/product"}],"wp:featuredmedia":[{"embeddable":true,"href":"https:\/\/sammler.com.pl\/ro\/wp-json\/wp\/v2\/media\/1691"}],"wp:attachment":[{"href":"https:\/\/sammler.com.pl\/ro\/wp-json\/wp\/v2\/media?parent=1494"}],"wp:term":[{"taxonomy":"product_brand","embeddable":true,"href":"https:\/\/sammler.com.pl\/ro\/wp-json\/wp\/v2\/product_brand?post=1494"},{"taxonomy":"product_cat","embeddable":true,"href":"https:\/\/sammler.com.pl\/ro\/wp-json\/wp\/v2\/product_cat?post=1494"},{"taxonomy":"product_tag","embeddable":true,"href":"https:\/\/sammler.com.pl\/ro\/wp-json\/wp\/v2\/product_tag?post=1494"}],"curies":[{"name":"wp","href":"https:\/\/api.w.org\/{rel}","templated":true}]}}