{"id":1491,"date":"2024-08-21T00:07:58","date_gmt":"2024-08-20T22:07:58","guid":{"rendered":"https:\/\/sammler.com.pl\/?post_type=product&#038;p=1491"},"modified":"2026-02-23T18:41:37","modified_gmt":"2026-02-23T17:41:37","slug":"agrowloknina-80g-m%c2%b2-brazowa-11-m-z-uv","status":"publish","type":"product","link":"https:\/\/sammler.com.pl\/ro\/produs\/agroblock-80g-m\u00b2-maro-11m-cu-uv\/","title":{"rendered":"Agro-tex\u00adtil 80g\/m\u00b2 maro 1,1 m cu UV"},"content":{"rendered":"<h2 style=\"font-size: 1em; margin: 10px auto;\">Avantajele agrotextilului maro 80g\/m\u00b2 cu UV<\/h2>\n<p>Agro\u00adtex\u00adtilul UV maro de 1,1 m de 80 g\/m\u00b2 ofer\u0103 ben\u00adeficii \u0219i pro\u00adpri\u00adet\u0103\u021bi unice care \u00eel fac alegerea ide\u00adal\u0103 at\u00e2t pen\u00adtru gr\u0103\u00add\u00adi\u00adnarii pro\u00adfe\u00adsion\u00adi\u0219ti, c\u00e2t \u0219i pen\u00adtru cei ama\u00adtori. Datorit\u0103 gra\u00adma\u00adju\u00adlui s\u0103u ridi\u00adcat de 80g\/m\u00b2, pro\u00addusul se remar\u00adc\u0103 prin dura\u00adbil\u00adi\u00adtatea sa remar\u00adca\u00adbil\u0103, oferind o pro\u00adtec\u021bie efi\u00adcien\u00adt\u0103 a solu\u00adlui \u00eempotri\u00adva cre\u0219\u00adterii buruie\u00adnilor timp de mul\u021bi ani. \u00cen plus, rezis\u00adten\u021ba sa la UV \u00eenseam\u00adn\u0103 c\u0103 agro-tex\u00adtilul maro de 1,1 m cu UV de 80 g\/m\u00b2 nu se descom\u00adpune rapid atun\u00adci c\u00e2nd este expus la soare, ceea ce \u00eei pre\u00adlunge\u0219te sem\u00adni\u00adfica\u00adtiv dura\u00adta de via\u021b\u0103. Acest pro\u00addus este exce\u00adlent \u00een men\u021binerea umid\u00adit\u0103\u021bii optime a solu\u00adlui, ceea ce con\u00adtribuie la con\u00adsol\u00adi\u00addarea sis\u00adtemu\u00adlui radic\u00adu\u00adlar al plantelor \u0219i la o mai bun\u0103 dez\u00advoltare. Struc\u00adtura agro-tex\u00adtilu\u00adlui este per\u00adme\u00adabil\u0103 la ap\u0103 \u0219i aer, ceea ce este esen\u021bial pen\u00adtru crearea unui mediu s\u0103n\u0103\u00adtos pen\u00adtru r\u0103d\u0103ci\u00adni. \u00cen plus, agro-tex\u00adtilul maro \u00eembun\u0103t\u0103\u021be\u0219te estet\u00adi\u00adca gr\u0103\u00addinii, f\u0103c\u00e2nd\u2011o s\u0103 arate \u00eengri\u00adjit\u0103 \u0219i ordo\u00adnat\u0103. Prof\u00adi\u00adta\u021bi de gama Samm\u00adler RecBord \u0219i alege\u021bi agro-tex\u00adtil maro 80g\/m\u00b2 1,1m cu UV pen\u00adtru a v\u0103 bucu\u00adra de o gr\u0103d\u00adin\u0103 lux\u00adu\u00adri\u00adant\u0103 \u0219i s\u0103n\u0103\u00adtoas\u0103, lip\u00adsit\u0103 de buruieni!<\/p>","protected":false},"excerpt":{"rendered":"<p>Zalety agrow\u0142\u00f3kniny br\u0105zowej 80g\/m\u00b2 z UV Agrow\u0142\u00f3knina 80g\/m\u00b2 br\u0105zowa 1,1 m z UV zapewnia wyj\u0105tkowe korzy\u015bci i w\u0142a\u015bciwo\u015bci, kt\u00f3re czyni\u0105 j\u0105 idealnym wyborem zar\u00f3wno dla profesjonalist\u00f3w, jak i amator\u00f3w ogrodnictwa. Dzi\u0119ki wysokiej gramaturze wynosz\u0105cej 80g\/m\u00b2 produkt wyr\u00f3\u017cnia si\u0119 niezwyk\u0142\u0105 trwa\u0142o\u015bci\u0105, zapewniaj\u0105c skuteczn\u0105 ochron\u0119 gleby przed wyrastaniem chwast\u00f3w przez d\u0142ugie lata. Dodatkowo odporno\u015b\u0107 na promieniowanie UV [&hellip;]<\/p>\n","protected":false},"featured_media":1691,"template":"","meta":{"_acf_changed":false,"wp_typography_post_enhancements_disabled":false},"product_brand":[],"product_cat":[57,68,70,67,69],"product_tag":[],"class_list":{"0":"post-1491","1":"product","2":"type-product","3":"status-publish","4":"has-post-thumbnail","6":"product_cat-agrowloknina","7":"product_cat-agrowloknina-pod-kamienie","8":"product_cat-agrowloknina-pod-rosliny","9":"product_cat-agrowloknina-przeciw-chwastom","10":"product_cat-agrowloknina-sciolkujaca","11":"pa_gramatura-agrowloknina-p-80","13":"first","14":"instock","15":"taxable","16":"shipping-taxable","17":"purchasable","18":"product-type-variable","19":"has-default-attributes"},"acf":[],"_links":{"self":[{"href":"https:\/\/sammler.com.pl\/ro\/wp-json\/wp\/v2\/product\/1491","targetHints":{"allow":["GET"]}}],"collection":[{"href":"https:\/\/sammler.com.pl\/ro\/wp-json\/wp\/v2\/product"}],"about":[{"href":"https:\/\/sammler.com.pl\/ro\/wp-json\/wp\/v2\/types\/product"}],"wp:featuredmedia":[{"embeddable":true,"href":"https:\/\/sammler.com.pl\/ro\/wp-json\/wp\/v2\/media\/1691"}],"wp:attachment":[{"href":"https:\/\/sammler.com.pl\/ro\/wp-json\/wp\/v2\/media?parent=1491"}],"wp:term":[{"taxonomy":"product_brand","embeddable":true,"href":"https:\/\/sammler.com.pl\/ro\/wp-json\/wp\/v2\/product_brand?post=1491"},{"taxonomy":"product_cat","embeddable":true,"href":"https:\/\/sammler.com.pl\/ro\/wp-json\/wp\/v2\/product_cat?post=1491"},{"taxonomy":"product_tag","embeddable":true,"href":"https:\/\/sammler.com.pl\/ro\/wp-json\/wp\/v2\/product_tag?post=1491"}],"curies":[{"name":"wp","href":"https:\/\/api.w.org\/{rel}","templated":true}]}}