{"id":1488,"date":"2024-08-21T00:03:58","date_gmt":"2024-08-20T22:03:58","guid":{"rendered":"https:\/\/sammler.com.pl\/?post_type=product&#038;p=1488"},"modified":"2026-01-27T15:05:49","modified_gmt":"2026-01-27T14:05:49","slug":"agrowloknina-80g-m%c2%b2-czarna-32-m-z-uv-kopia","status":"publish","type":"product","link":"https:\/\/sammler.com.pl\/ro\/produs\/80g-agroblock-m\u00b2-negru-32m-cu-copie-uv\/","title":{"rendered":"Agro-tex\u00adtil 80g\/m\u00b2 negru 3,2 m cu UV"},"content":{"rendered":"<h2 style=\"font-size: 1em; margin: 10px auto;\">Avantajele \u021bes\u0103turii negre agro-textile pentru mulcire<\/h2>\n<p>Agro\u00adtex\u00adtil 80g\/m\u00b2 negru 3,2 m cu UV este solu\u021bia ide\u00adal\u0103 de mul\u00adcire care ofer\u0103 numeroase ben\u00adeficii. Datorit\u0103 struc\u00adturii sale, agro\u00adtex\u00adtilul pro\u00adte\u00adjeaz\u0103 efi\u00adcient solul de buruieni, elim\u00adin\u00e2nd nece\u00adsi\u00adtatea trata\u00admentelor chim\u00adice pen\u00adtru com\u00adbat\u00aderea plantelor nedorite. Mate\u00adri\u00adalul este per\u00adme\u00adabil la ap\u0103 \u0219i aer, ceea ce men\u021bine umid\u00adi\u00adtatea opti\u00adm\u0103 a solu\u00adlui, oferind condi\u021bii ide\u00adale de cre\u0219tere pen\u00adtru plante. Aces\u00adte pro\u00adpri\u00adet\u0103\u021bi favorizeaz\u0103 dez\u00advoltarea plantelor, le \u00eent\u0103resc sis\u00adtemul radic\u00adu\u00adlar \u0219i le accel\u00adereaz\u0103 cre\u0219terea. \u00cen plus, agro\u00adtex\u00adtilul este acoper\u00adit cu un strat spe\u00adcial de pro\u00adtec\u021bie UV, care \u00eei spore\u0219te dura\u00adbil\u00adi\u00adtatea \u0219i rezis\u00adten\u021ba la lumi\u00adna soare\u00adlui. Datorit\u0103 func\u021bion\u00adal\u00adit\u0103\u021bii \u0219i dura\u00adbil\u00adit\u0103\u021bii sale, agro-tex\u00adtilul negru de 80 g\/m\u00b2 de 3,2 m cu UV de la Samm\u00adler RecBord este o alegere exce\u00adlen\u00adt\u0103 at\u00e2t pen\u00adtru gr\u0103\u00add\u00adi\u00adnarii pro\u00adfe\u00adsion\u00adi\u0219ti, c\u00e2t \u0219i pen\u00adtru ama\u00adtorii care doresc s\u0103 ob\u021bin\u0103 o gr\u0103d\u00adin\u0103 \u00eengri\u00adjit\u0103 \u0219i estet\u00adic\u0103. Prof\u00adi\u00adta\u021bi de ofer\u00adta noas\u00adtr\u0103 \u0219i ofer\u00adi\u021bi cul\u00adturilor dum\u00adneav\u00adoas\u00adtr\u0103 cele mai bune condi\u021bii pen\u00adtru o cre\u0219tere s\u0103n\u0103\u00adtoas\u0103.<\/p>","protected":false},"excerpt":{"rendered":"<p>Zalety czarnej agrow\u0142\u00f3kniny do \u015bci\u00f3\u0142kowania Agrow\u0142\u00f3knina 80g\/m\u00b2 czarna 3,2 m z UV to idealne rozwi\u0105zanie do \u015bci\u00f3\u0142kowania, kt\u00f3re oferuje liczne korzy\u015bci. Dzi\u0119ki swojej strukturze agrow\u0142\u00f3knina skutecznie chroni gleb\u0119 przed chwastami, co eliminuje konieczno\u015b\u0107 stosowania chemicznych \u015brodk\u00f3w do walki z niepo\u017c\u0105danymi ro\u015blinami. Materia\u0142 ten przepuszcza wod\u0119 i powietrze, co utrzymuje optymaln\u0105 wilgotno\u015b\u0107 gleby, zapewniaj\u0105c ro\u015blinom idealne [&hellip;]<\/p>\n","protected":false},"featured_media":1050,"template":"","meta":{"_acf_changed":false,"wp_typography_post_enhancements_disabled":false},"product_brand":[],"product_cat":[57,68,70,67,69],"product_tag":[],"class_list":{"0":"post-1488","1":"product","2":"type-product","3":"status-publish","4":"has-post-thumbnail","6":"product_cat-agrowloknina","7":"product_cat-agrowloknina-pod-kamienie","8":"product_cat-agrowloknina-pod-rosliny","9":"product_cat-agrowloknina-przeciw-chwastom","10":"product_cat-agrowloknina-sciolkujaca","11":"pa_gramatura-agrowloknina-p-80","13":"first","14":"instock","15":"taxable","16":"shipping-taxable","17":"purchasable","18":"product-type-variable","19":"has-default-attributes"},"acf":[],"_links":{"self":[{"href":"https:\/\/sammler.com.pl\/ro\/wp-json\/wp\/v2\/product\/1488","targetHints":{"allow":["GET"]}}],"collection":[{"href":"https:\/\/sammler.com.pl\/ro\/wp-json\/wp\/v2\/product"}],"about":[{"href":"https:\/\/sammler.com.pl\/ro\/wp-json\/wp\/v2\/types\/product"}],"wp:featuredmedia":[{"embeddable":true,"href":"https:\/\/sammler.com.pl\/ro\/wp-json\/wp\/v2\/media\/1050"}],"wp:attachment":[{"href":"https:\/\/sammler.com.pl\/ro\/wp-json\/wp\/v2\/media?parent=1488"}],"wp:term":[{"taxonomy":"product_brand","embeddable":true,"href":"https:\/\/sammler.com.pl\/ro\/wp-json\/wp\/v2\/product_brand?post=1488"},{"taxonomy":"product_cat","embeddable":true,"href":"https:\/\/sammler.com.pl\/ro\/wp-json\/wp\/v2\/product_cat?post=1488"},{"taxonomy":"product_tag","embeddable":true,"href":"https:\/\/sammler.com.pl\/ro\/wp-json\/wp\/v2\/product_tag?post=1488"}],"curies":[{"name":"wp","href":"https:\/\/api.w.org\/{rel}","templated":true}]}}