{"id":1485,"date":"2024-08-21T00:01:18","date_gmt":"2024-08-20T22:01:18","guid":{"rendered":"https:\/\/sammler.com.pl\/?post_type=product&#038;p=1485"},"modified":"2026-02-23T18:43:41","modified_gmt":"2026-02-23T17:43:41","slug":"agrowloknina-80g-m%c2%b2-czarna-21-m-z-uv","status":"publish","type":"product","link":"https:\/\/sammler.com.pl\/ro\/produs\/80g-agroblock-m\u00b2-negru-21m-cu-uv\/","title":{"rendered":"Agro-tex\u00adtil 80g\/m\u00b2 negru 2,1 m cu UV"},"content":{"rendered":"<h2 style=\"font-size: 1em; margin: 10px auto;\">Avantajele agro-textilului negru de 80 g\/m\u00b2<\/h2>\n<p>Atun\u00adci c\u00e2nd alege\u021bi agro\u00adtex\u00adtilul UV 80g\/m\u00b2 negru de 2,1 m de la Samm\u00adler, ob\u021bine\u021bi un pro\u00addus care face \u00eengri\u00adjirea gr\u0103\u00addinii dvs. mult mai u\u0219oar\u0103. Prin\u00adci\u00adpalul avan\u00adtaj al aces\u00adtui agro-tex\u00adtil ne\u021be\u00adsut este pro\u00adtec\u021bia \u00eempotri\u00adva buruie\u00adnilor, ceea ce \u00eenseam\u00adn\u0103 c\u0103 nu tre\u00adbuie s\u0103 v\u0103 face\u021bi gri\u00adji cu privire la pliv\u00adi\u00adt\u00adul obosi\u00adtor. Prin uti\u00adlizarea aces\u00adtu\u00adia, plantele dvs. pot cre\u0219te liber, f\u0103r\u0103 a con\u00adcu\u00adra cu buruie\u00adnile pen\u00adtru nutrien\u021bi val\u00adoro\u0219i. Un alt ben\u00adefi\u00adciu este umid\u00adi\u00adtatea opti\u00adm\u0103 a solu\u00adlui. \u021aes\u0103\u00adtu\u00adra agro-\u021besut\u0103 re\u021bine umid\u00adi\u00adtatea \u00een sol, ceea ce reduce sem\u00adni\u00adfica\u00adtiv frecven\u021ba ud\u0103rii plantelor dum\u00adneav\u00adoas\u00adtr\u0103. Acest lucru este ide\u00adal at\u00e2t pen\u00adtru zilele calde \u0219i uscate, c\u00e2t \u0219i pen\u00adtru perioad\u00adele cu pre\u00adcip\u00adi\u00adta\u021bii mai pu\u021bin abun\u00addente. Struc\u00adtura p\u00e2nzei per\u00admite aeru\u00adlui \u0219i apei s\u0103 cir\u00adcule liber, ceea ce are un efect poz\u00adi\u00adtiv asupra dez\u00advolt\u0103rii sis\u00adtemu\u00adlui radic\u00adu\u00adlar al plantelor. Ca urmare, aces\u00adtea sunt mai s\u0103n\u0103\u00adtoase, se dez\u00advolt\u0103 mai bine \u0219i au o recolt\u0103 mai lux\u00adu\u00adri\u00adant\u0103. \u021aes\u0103\u00adtu\u00adra ne\u021be\u00adsut\u0103 UV de 80 g\/m\u00b2 nea\u00adgr\u0103 de 2,1 m de la Samm\u00adler nu numai c\u0103 \u00eembun\u0103t\u0103\u021be\u0219te starea gr\u0103\u00addinii, dar con\u00adtribuie \u0219i la aspec\u00adtul estet\u00adic al aces\u00adteia, men\u021bin\u00e2nd spa\u021bi\u00adul dvs. domes\u00adtic \u00eentr\u2011o stare fru\u00admoas\u0103.<\/p>","protected":false},"excerpt":{"rendered":"<p>Zalety czarnej agrow\u0142\u00f3kniny o gramaturze 80 g\/m\u00b2 Wybieraj\u0105c agrow\u0142\u00f3knin\u0119 80g\/m\u00b2 czarn\u0105 2,1 m z UV od Sammler, zyskujesz produkt, kt\u00f3ry znacz\u0105co u\u0142atwia dbanie o Tw\u00f3j ogr\u00f3d. G\u0142\u00f3wn\u0105 zalet\u0105 tej agrow\u0142\u00f3kniny jest ochrona przed chwastami, co sprawia, \u017ce nie musisz martwi\u0107 si\u0119 o uci\u0105\u017cliwe odchwaszczanie. Dzi\u0119ki jej zastosowaniu Twoje ro\u015bliny mog\u0105 swobodnie rosn\u0105\u0107 bez rywalizacji o [&hellip;]<\/p>\n","protected":false},"featured_media":1050,"template":"","meta":{"_acf_changed":false,"wp_typography_post_enhancements_disabled":false},"product_brand":[],"product_cat":[57,68,70,67,69],"product_tag":[],"class_list":{"0":"post-1485","1":"product","2":"type-product","3":"status-publish","4":"has-post-thumbnail","6":"product_cat-agrowloknina","7":"product_cat-agrowloknina-pod-kamienie","8":"product_cat-agrowloknina-pod-rosliny","9":"product_cat-agrowloknina-przeciw-chwastom","10":"product_cat-agrowloknina-sciolkujaca","11":"pa_gramatura-agrowloknina-p-80","13":"first","14":"instock","15":"taxable","16":"shipping-taxable","17":"purchasable","18":"product-type-variable","19":"has-default-attributes"},"acf":[],"_links":{"self":[{"href":"https:\/\/sammler.com.pl\/ro\/wp-json\/wp\/v2\/product\/1485","targetHints":{"allow":["GET"]}}],"collection":[{"href":"https:\/\/sammler.com.pl\/ro\/wp-json\/wp\/v2\/product"}],"about":[{"href":"https:\/\/sammler.com.pl\/ro\/wp-json\/wp\/v2\/types\/product"}],"wp:featuredmedia":[{"embeddable":true,"href":"https:\/\/sammler.com.pl\/ro\/wp-json\/wp\/v2\/media\/1050"}],"wp:attachment":[{"href":"https:\/\/sammler.com.pl\/ro\/wp-json\/wp\/v2\/media?parent=1485"}],"wp:term":[{"taxonomy":"product_brand","embeddable":true,"href":"https:\/\/sammler.com.pl\/ro\/wp-json\/wp\/v2\/product_brand?post=1485"},{"taxonomy":"product_cat","embeddable":true,"href":"https:\/\/sammler.com.pl\/ro\/wp-json\/wp\/v2\/product_cat?post=1485"},{"taxonomy":"product_tag","embeddable":true,"href":"https:\/\/sammler.com.pl\/ro\/wp-json\/wp\/v2\/product_tag?post=1485"}],"curies":[{"name":"wp","href":"https:\/\/api.w.org\/{rel}","templated":true}]}}