{"id":1482,"date":"2024-08-20T23:57:55","date_gmt":"2024-08-20T21:57:55","guid":{"rendered":"https:\/\/sammler.com.pl\/?post_type=product&#038;p=1482"},"modified":"2026-02-16T17:09:19","modified_gmt":"2026-02-16T16:09:19","slug":"agrowloknina-80g-m%c2%b2-czarna-16-m-z-uv","status":"publish","type":"product","link":"https:\/\/sammler.com.pl\/ro\/produs\/80g-agroblock-m\u00b2-negru-16m-cu-uv\/","title":{"rendered":"Agro-tex\u00adtil 80g\/m\u00b2 negru 1,6 m cu UV"},"content":{"rendered":"<h2 style=\"font-size: 1em; margin: 10px auto;\">Avantajele utiliz\u0103rii agro-textilului negru 80g\/m\u00b2 1,6 m cu UV<\/h2>\n<p>Agrowo\u00adven 80g\/m\u00b2 negru 1,6 m cu UV este solu\u021bia ide\u00adal\u0103 pen\u00adtru a oferi o pro\u00adtec\u021bie com\u00adplet\u0103 gr\u0103\u00addinii dum\u00adneav\u00adoas\u00adtr\u0103. Uti\u00adliz\u00e2nd acest agro\u00adtex\u00adtil la mul\u00adcire, v\u0103 ve\u021bi pro\u00adte\u00adja efi\u00adcient plantele de buruie\u00adnile nedorite, per\u00admi\u021b\u00e2n\u00addu-le s\u0103 creasc\u0103 mai bine \u0219i s\u0103 extrag\u0103 to\u021bi nutrien\u021bii din sol. Pro\u00adtec\u021bia \u00eempotri\u00adva buruie\u00adnilor este unul din\u00adtre prin\u00adci\u00adpalele avan\u00adta\u00adje ale aces\u00adtui pro\u00addus. Agro\u00adtex\u00adtilul negru de 80 g\/m\u00b2 de 1,6 m cu UV este con\u00adceput pen\u00adtru a men\u021bine \u00een mod optim umid\u00adi\u00adtatea solu\u00adlui, ceea ce favorizeaz\u0103 cre\u0219terea s\u0103n\u0103\u00adtoas\u0103 a plantelor. Datorit\u0103 struc\u00adturii spe\u00adciale a mate\u00adri\u00adalu\u00adlui, care per\u00admite tre\u00adcerea apei \u0219i a aeru\u00adlui, per\u00admite\u021bi acce\u00adsul liber al r\u0103d\u0103cinilor la ele\u00admentele de care au nevoie, rezult\u00e2nd un sis\u00adtem radic\u00adu\u00adlar mai put\u00ader\u00adnic \u0219i plante mai s\u0103n\u0103\u00adtoase. \u00cen plus, uti\u00adlizarea agro-tex\u00adtilu\u00adlui \u00eembun\u0103t\u0103\u021be\u0219te sem\u00adni\u00adfica\u00adtiv estet\u00adi\u00adca gr\u0103\u00addinii, oferindu\u2011i un aspect \u00eengri\u00adjit \u0219i ordo\u00adnat. Acest pro\u00addus este rezis\u00adtent la UV, asigur\u00e2ndu\u2011i dura\u00adbil\u00adi\u00adtatea pen\u00adtru mul\u021bi ani. Alege\u021bi agro-tex\u00adtil 80g\/m\u00b2 negru 1,6 m cu UV \u0219i bucu\u00adra\u021bi-v\u0103 de ben\u00adefici\u00adile mul\u00adcirii pro\u00adfe\u00adsion\u00adale.<\/p>","protected":false},"excerpt":{"rendered":"<p>Zalety stosowania agrow\u0142\u00f3kniny 80g\/m\u00b2 czarnej 1,6 m z UV Agrow\u0142\u00f3knina 80g\/m\u00b2 czarna 1,6 m z UV to idealne rozwi\u0105zanie, kt\u00f3re zapewnia kompleksow\u0105 ochron\u0119 Twojego ogrodu. Stosuj\u0105c t\u0119 agrow\u0142\u00f3knin\u0119 podczas \u015bci\u00f3\u0142kowania, skutecznie zabezpieczysz swoje ro\u015bliny przed niepo\u017c\u0105danymi chwastami, co pozwoli im lepiej rozwija\u0107 si\u0119 i czerpa\u0107 pe\u0142ni\u0119 sk\u0142adnik\u00f3w od\u017cywczych z gleby. Ochrona przed chwastami to jedna [&hellip;]<\/p>\n","protected":false},"featured_media":1050,"template":"","meta":{"_acf_changed":false,"wp_typography_post_enhancements_disabled":false},"product_brand":[],"product_cat":[57,68,70,67,69],"product_tag":[],"class_list":{"0":"post-1482","1":"product","2":"type-product","3":"status-publish","4":"has-post-thumbnail","6":"product_cat-agrowloknina","7":"product_cat-agrowloknina-pod-kamienie","8":"product_cat-agrowloknina-pod-rosliny","9":"product_cat-agrowloknina-przeciw-chwastom","10":"product_cat-agrowloknina-sciolkujaca","11":"pa_gramatura-agrowloknina-p-80","13":"first","14":"instock","15":"taxable","16":"shipping-taxable","17":"purchasable","18":"product-type-variable","19":"has-default-attributes"},"acf":[],"_links":{"self":[{"href":"https:\/\/sammler.com.pl\/ro\/wp-json\/wp\/v2\/product\/1482","targetHints":{"allow":["GET"]}}],"collection":[{"href":"https:\/\/sammler.com.pl\/ro\/wp-json\/wp\/v2\/product"}],"about":[{"href":"https:\/\/sammler.com.pl\/ro\/wp-json\/wp\/v2\/types\/product"}],"wp:featuredmedia":[{"embeddable":true,"href":"https:\/\/sammler.com.pl\/ro\/wp-json\/wp\/v2\/media\/1050"}],"wp:attachment":[{"href":"https:\/\/sammler.com.pl\/ro\/wp-json\/wp\/v2\/media?parent=1482"}],"wp:term":[{"taxonomy":"product_brand","embeddable":true,"href":"https:\/\/sammler.com.pl\/ro\/wp-json\/wp\/v2\/product_brand?post=1482"},{"taxonomy":"product_cat","embeddable":true,"href":"https:\/\/sammler.com.pl\/ro\/wp-json\/wp\/v2\/product_cat?post=1482"},{"taxonomy":"product_tag","embeddable":true,"href":"https:\/\/sammler.com.pl\/ro\/wp-json\/wp\/v2\/product_tag?post=1482"}],"curies":[{"name":"wp","href":"https:\/\/api.w.org\/{rel}","templated":true}]}}