{"id":1461,"date":"2024-08-07T15:41:38","date_gmt":"2024-08-07T13:41:38","guid":{"rendered":"https:\/\/sammler.com.pl\/?post_type=product&#038;p=1461"},"modified":"2026-01-27T15:10:24","modified_gmt":"2026-01-27T14:10:24","slug":"agrowloknina-50g-m%c2%b2-brazowa-32-m-z-uv","status":"publish","type":"product","link":"https:\/\/sammler.com.pl\/ro\/produs\/agroblock-50g-m\u00b2-maro-32-m-cu-uv\/","title":{"rendered":"Agro-tex\u00adtil 50g\/m\u00b2 maro 3,2 m cu UV"},"content":{"rendered":"<h2 style=\"font-size: 1em; margin: 10px auto;\">Aplicarea de agro-textil 50g\/m\u00b2 maro 3,2 m cu UV<\/h2>\n<p>Agro\u00adtex\u00adtile 50g\/m\u00b2 maro 3,2 m cu UV este un instru\u00adment indis\u00adpens\u00adabil \u00een gr\u0103d\u00adin\u0103rit\u00adul pro\u00adfe\u00adsion\u00adal \u0219i ama\u00adtor care va g\u0103si o gam\u0103 larg\u0103 de apli\u00adca\u021bii. Datorit\u0103 pro\u00adpri\u00adet\u0103\u021bilor sale, este per\u00adfect pen\u00adtru mul\u00adcire \u0219i pro\u00adte\u00adjarea solu\u00adlui de buruie\u00adnile nedorite. Prin pro\u00adte\u00adjarea solu\u00adlui, face\u021bi mai mult loc pen\u00adtru ca plantele s\u0103 creasc\u0103 s\u0103n\u0103\u00adtos \u0219i cre\u0219te\u021bi estet\u00adi\u00adca gr\u0103\u00addinii dum\u00adneav\u00adoas\u00adtr\u0103. Agro\u00adtex\u00adtilul maro de 50 g\/m\u00b2 de 3,2 m cu UV men\u021bine \u00een mod efi\u00adcient umid\u00adi\u00adtatea opti\u00adm\u0103 a solu\u00adlui, care este esen\u021bial\u0103 pen\u00adtru cre\u0219terea s\u0103n\u0103\u00adtoas\u0103 a plantelor. Struc\u00adtura sa per\u00admite apei \u0219i aeru\u00adlui s\u0103 cir\u00adcule liber, ceea ce favorizeaz\u0103 \u00eenr\u0103d\u0103cinarea core\u00adspun\u00adz\u0103\u00adtoare \u0219i \u00eencu\u00adra\u00adjeaz\u0103 cre\u0219terea dinam\u00adic\u0103 a plantelor. Pro\u00adte\u00adjarea solu\u00adlui nu \u00eenseam\u00adn\u0103 doar com\u00adbat\u00aderea buruie\u00adnilor, ci \u0219i crearea unor condi\u021bii mai bune pen\u00adtru plante, care ob\u021bin condi\u021bii mai bune de cre\u0219tere datorit\u0103 agro-tex\u00adtilu\u00adlui. Alege\u021bi pro\u00adduse\u00adle noas\u00adtre de la Samm\u00adler RecBord \u0219i prof\u00adi\u00adta\u021bi de ofer\u00adta noas\u00adtr\u0103!<\/p>","protected":false},"excerpt":{"rendered":"<p>Zastosowanie agrow\u0142\u00f3kniny 50g\/m\u00b2 br\u0105zowej 3,2 m z UV Agrow\u0142\u00f3knina 50g\/m\u00b2 br\u0105zowa 3,2 m z UV to niezast\u0105pione narz\u0119dzie w profesjonalnym i amatorskim ogrodnictwie, kt\u00f3re znajdzie szerokie zastosowanie. Dzi\u0119ki swoim w\u0142a\u015bciwo\u015bciom jest doskona\u0142a do \u015bci\u00f3\u0142kowania i ochrony gleby przed niepo\u017c\u0105danymi chwastami. Chroni\u0105c gleb\u0119, sprawiasz, \u017ce ro\u015bliny maj\u0105 wi\u0119cej miejsca na zdrowy rozw\u00f3j oraz zwi\u0119kszasz estetyk\u0119 ogrodu. [&hellip;]<\/p>\n","protected":false},"featured_media":1691,"template":"","meta":{"_acf_changed":false,"wp_typography_post_enhancements_disabled":false},"product_brand":[],"product_cat":[57,68,70,67,69],"product_tag":[],"class_list":{"0":"post-1461","1":"product","2":"type-product","3":"status-publish","4":"has-post-thumbnail","6":"product_cat-agrowloknina","7":"product_cat-agrowloknina-pod-kamienie","8":"product_cat-agrowloknina-pod-rosliny","9":"product_cat-agrowloknina-przeciw-chwastom","10":"product_cat-agrowloknina-sciolkujaca","11":"pa_gramatura-agrowloknina-p-50","13":"first","14":"instock","15":"taxable","16":"shipping-taxable","17":"purchasable","18":"product-type-variable","19":"has-default-attributes"},"acf":[],"_links":{"self":[{"href":"https:\/\/sammler.com.pl\/ro\/wp-json\/wp\/v2\/product\/1461","targetHints":{"allow":["GET"]}}],"collection":[{"href":"https:\/\/sammler.com.pl\/ro\/wp-json\/wp\/v2\/product"}],"about":[{"href":"https:\/\/sammler.com.pl\/ro\/wp-json\/wp\/v2\/types\/product"}],"wp:featuredmedia":[{"embeddable":true,"href":"https:\/\/sammler.com.pl\/ro\/wp-json\/wp\/v2\/media\/1691"}],"wp:attachment":[{"href":"https:\/\/sammler.com.pl\/ro\/wp-json\/wp\/v2\/media?parent=1461"}],"wp:term":[{"taxonomy":"product_brand","embeddable":true,"href":"https:\/\/sammler.com.pl\/ro\/wp-json\/wp\/v2\/product_brand?post=1461"},{"taxonomy":"product_cat","embeddable":true,"href":"https:\/\/sammler.com.pl\/ro\/wp-json\/wp\/v2\/product_cat?post=1461"},{"taxonomy":"product_tag","embeddable":true,"href":"https:\/\/sammler.com.pl\/ro\/wp-json\/wp\/v2\/product_tag?post=1461"}],"curies":[{"name":"wp","href":"https:\/\/api.w.org\/{rel}","templated":true}]}}