{"id":1457,"date":"2024-08-07T15:38:35","date_gmt":"2024-08-07T13:38:35","guid":{"rendered":"https:\/\/sammler.com.pl\/?post_type=product&#038;p=1457"},"modified":"2026-01-27T15:11:39","modified_gmt":"2026-01-27T14:11:39","slug":"agrowloknina-50g-m%c2%b2-brazowa-16-m-z-uv","status":"publish","type":"product","link":"https:\/\/sammler.com.pl\/ro\/produs\/agroblock-50g-m\u00b2-maro-16-m-cu-uv\/","title":{"rendered":"Agro-tex\u00adtil 50g\/m\u00b2 maro 1,6 m cu UV"},"content":{"rendered":"<h2 style=\"font-size: 1em; margin: 10px auto;\">Avantajele utiliz\u0103rii agro-textilului 50g\/m\u00b2 maro 1,6 m cu UV<\/h2>\n<p>Agro\u00adtex\u00adtile 50g\/m\u00b2 maro 1,6 m cu UV v\u0103 va oferi ben\u00adeficii ines\u00adtima\u00adbile \u00een \u00eengri\u00adjirea gr\u0103\u00addinii dum\u00adneav\u00adoas\u00adtr\u0103. \u00cen primul r\u00e2nd, mul\u00adcirea efi\u00adcien\u00adt\u0103 cu aces\u00adta ofer\u0103 o pro\u00adtec\u021bie efi\u00adcien\u00adt\u0103 \u00eempotri\u00adva buruie\u00adnilor, \u00eempiedic\u00e2n\u00addu-le acce\u00adsul la lumin\u0103 \u0219i lim\u00adit\u00e2n\u00addu-le cre\u0219terea, per\u00admi\u021b\u00e2nd plantelor dvs. s\u0103 se dez\u00advolte s\u0103n\u0103\u00adtos. Un alt avan\u00adtaj este c\u0103 men\u021bine umid\u00adi\u00adtatea opti\u00adm\u0103 a solu\u00adlui, ceea ce este extrem de impor\u00adtant \u00een perioad\u00adele de secet\u0103. \u021aes\u0103\u00adtu\u00adra agro\u00adtex\u00adtil\u0103 per\u00admite tre\u00adcerea apei, per\u00admi\u021b\u00e2nd solu\u00adlui \u0219i r\u0103d\u0103cinilor plantelor s\u0103 fie iri\u00adgate, reduc\u00e2nd \u00een ace\u00adla\u0219i timp evap\u00ado\u00adrarea. Acest lucru asig\u00adur\u0103 c\u0103 plantele dvs. primesc can\u00adti\u00adtatea potriv\u00adit\u0103 de ap\u0103 \u0219i nutrien\u021bi. \u021aes\u0103\u00adtu\u00adra agro-tex\u00adtil UV de 50 g\/m\u00b2 maro de 1,6 m \u00eembun\u0103t\u0103\u021be\u0219te, de aseme\u00adnea, mult estet\u00adi\u00adca gr\u0103\u00addinii dvs., oferindu\u2011i un aspect \u00eengri\u00adjit \u0219i ordo\u00adnat. Culoarea sa maro se \u00eembin\u0103 per\u00adfect cu \u00eempre\u00adjurim\u00adi\u00adle nat\u00adu\u00adrale, f\u0103c\u00e2nd ca gr\u0103\u00add\u00adi\u00adna dvs. s\u0103 aib\u0103 un aspect armo\u00adnios \u0219i estet\u00adic pl\u0103\u00adcut pe tot par\u00adcur\u00adsul anu\u00adlui. Prof\u00adi\u00adta\u021bi de ofer\u00adta noas\u00adtr\u0103 \u0219i convinge\u021bi-v\u0103 sin\u00adguri c\u00e2t de multe ben\u00adeficii v\u0103 poate aduce agro-tex\u00adtilul Samm\u00adler RecBord.<\/p>","protected":false},"excerpt":{"rendered":"<p>Zalety stosowania agrow\u0142\u00f3kniny 50g\/m\u00b2 br\u0105zowej 1,6 m z UV Agrow\u0142\u00f3knina 50g\/m\u00b2 br\u0105zowa 1,6 m z UV zapewni Ci nieocenione korzy\u015bci w piel\u0119gnacji ogrodu. Po pierwsze, efektywne \u015bci\u00f3\u0142kowanie z jej wykorzystaniem zapewnia skuteczn\u0105 ochron\u0119 przed chwastami, uniemo\u017cliwiaj\u0105c im dost\u0119p do \u015bwiat\u0142a i ograniczaj\u0105c ich wzrost, co pozwala Twoim ro\u015blinom na zdrowy rozw\u00f3j. Kolejnym atutem jest utrzymanie [&hellip;]<\/p>\n","protected":false},"featured_media":1691,"template":"","meta":{"_acf_changed":false,"wp_typography_post_enhancements_disabled":false},"product_brand":[],"product_cat":[57,68,70,67,69],"product_tag":[],"class_list":{"0":"post-1457","1":"product","2":"type-product","3":"status-publish","4":"has-post-thumbnail","6":"product_cat-agrowloknina","7":"product_cat-agrowloknina-pod-kamienie","8":"product_cat-agrowloknina-pod-rosliny","9":"product_cat-agrowloknina-przeciw-chwastom","10":"product_cat-agrowloknina-sciolkujaca","11":"pa_gramatura-agrowloknina-p-50","13":"first","14":"instock","15":"taxable","16":"shipping-taxable","17":"purchasable","18":"product-type-variable","19":"has-default-attributes"},"acf":[],"_links":{"self":[{"href":"https:\/\/sammler.com.pl\/ro\/wp-json\/wp\/v2\/product\/1457","targetHints":{"allow":["GET"]}}],"collection":[{"href":"https:\/\/sammler.com.pl\/ro\/wp-json\/wp\/v2\/product"}],"about":[{"href":"https:\/\/sammler.com.pl\/ro\/wp-json\/wp\/v2\/types\/product"}],"wp:featuredmedia":[{"embeddable":true,"href":"https:\/\/sammler.com.pl\/ro\/wp-json\/wp\/v2\/media\/1691"}],"wp:attachment":[{"href":"https:\/\/sammler.com.pl\/ro\/wp-json\/wp\/v2\/media?parent=1457"}],"wp:term":[{"taxonomy":"product_brand","embeddable":true,"href":"https:\/\/sammler.com.pl\/ro\/wp-json\/wp\/v2\/product_brand?post=1457"},{"taxonomy":"product_cat","embeddable":true,"href":"https:\/\/sammler.com.pl\/ro\/wp-json\/wp\/v2\/product_cat?post=1457"},{"taxonomy":"product_tag","embeddable":true,"href":"https:\/\/sammler.com.pl\/ro\/wp-json\/wp\/v2\/product_tag?post=1457"}],"curies":[{"name":"wp","href":"https:\/\/api.w.org\/{rel}","templated":true}]}}