{"id":1454,"date":"2024-08-07T15:37:12","date_gmt":"2024-08-07T13:37:12","guid":{"rendered":"https:\/\/sammler.com.pl\/?post_type=product&#038;p=1454"},"modified":"2026-01-27T15:16:18","modified_gmt":"2026-01-27T14:16:18","slug":"agrowloknina-50g-m%c2%b2-brazowa-11-m-z-uv","status":"publish","type":"product","link":"https:\/\/sammler.com.pl\/ro\/produs\/agroblock-50g-m\u00b2-maro-11m-cu-uv\/","title":{"rendered":"Agro-tex\u00adtil 50g\/m\u00b2 maro 1,1 m cu UV"},"content":{"rendered":"<h2 style=\"font-size: 1em; margin: 10px auto;\">Avantajele agro-textilului maro 50g\/m\u00b2 1,1 m cu UV<\/h2>\n<p>Agro\u00adtex\u00adtilul UV de 50 g\/m\u00b2 maro de 1,1 m ofer\u00adit de Samm\u00adler RecBord este o solu\u021bie indis\u00adpens\u00adabil\u0103 pen\u00adtru oricine caut\u0103 o modal\u00adi\u00adtate efi\u00adcien\u00adt\u0103 de mul\u00adcire \u0219i pro\u00adtec\u021bie \u00eempotri\u00adva buruie\u00adnilor \u00een gr\u0103\u00add\u00adi\u00adna sa. Datorit\u0103 struc\u00adturii sale robuste, aces\u00adta asig\u00adur\u0103 o dura\u00adbil\u00adi\u00adtate \u00eendelun\u00adgat\u0103 a mate\u00adri\u00adalu\u00adlui, ceea ce se tra\u00adduce prin per\u00adfor\u00adman\u021be efi\u00adciente pen\u00adtru mai multe sezoane. Adi\u00adtivul UV din agro-tex\u00adtil garan\u00adteaz\u0103 rezis\u00adten\u021ba sa la UV, f\u0103c\u00e2ndu\u2011l \u0219i mai efi\u00adcient \u00een lumi\u00adna put\u00ader\u00adnic\u0103 a soare\u00adlui. Ca urmare, pute\u021bi fi sig\u00aduri c\u0103 plantele dvs. vor avea condi\u021bii exce\u00adlente de cre\u0219tere \u0219i ve\u021bi economisi timp \u0219i efort \u00een com\u00adbat\u00aderea buruie\u00adnilor nedorite. \u021aes\u0103\u00adtu\u00adra agro-\u021besut\u0103 cu UV de 50 g\/m\u00b2 maro de 1,1 m este com\u00adbi\u00adna\u021bia per\u00adfec\u00adt\u0103 de func\u021bion\u00adal\u00adi\u00adtate \u0219i estet\u00adic\u0103 pen\u00adtru a da gr\u0103\u00addinii dvs. o nou\u0103 str\u0103lu\u00adcire, r\u0103m\u00e2n\u00e2nd \u00een ace\u00adla\u0219i timp \u00eengri\u00adjit\u0103 \u0219i ordo\u00adnat\u0103. Prof\u00adi\u00adta\u021bi de gama Samm\u00adler RecBord \u0219i bucu\u00adra\u021bi-v\u0103 de fru\u00admuse\u021bea \u0219i s\u0103n\u0103\u00adtatea gr\u0103\u00addinii dvs. pe tot par\u00adcur\u00adsul anu\u00adlui.<\/p>","protected":false},"excerpt":{"rendered":"<p>Zalety agrow\u0142\u00f3kniny 50g\/m\u00b2 br\u0105zowej 1,1 m z UV Agrow\u0142\u00f3knina 50g\/m\u00b2 br\u0105zowa 1,1 m z UV oferowana przez firm\u0119 Sammler RecBord to niezast\u0105pione rozwi\u0105zanie dla ka\u017cdego, kto szuka skutecznego sposobu na \u015bci\u00f3\u0142kowanie oraz ochron\u0119 przed chwastami w swoim ogrodzie. Dzi\u0119ki swojej wytrzyma\u0142ej strukturze zapewnia d\u0142ugotrwa\u0142\u0105 trwa\u0142o\u015b\u0107 materia\u0142u, co przek\u0142ada si\u0119 na jego wydajne dzia\u0142anie przez wiele [&hellip;]<\/p>\n","protected":false},"featured_media":1691,"template":"","meta":{"_acf_changed":false,"wp_typography_post_enhancements_disabled":false},"product_brand":[],"product_cat":[57,68,70,67,69],"product_tag":[],"class_list":{"0":"post-1454","1":"product","2":"type-product","3":"status-publish","4":"has-post-thumbnail","6":"product_cat-agrowloknina","7":"product_cat-agrowloknina-pod-kamienie","8":"product_cat-agrowloknina-pod-rosliny","9":"product_cat-agrowloknina-przeciw-chwastom","10":"product_cat-agrowloknina-sciolkujaca","11":"pa_gramatura-agrowloknina-p-50","13":"first","14":"instock","15":"taxable","16":"shipping-taxable","17":"purchasable","18":"product-type-variable","19":"has-default-attributes"},"acf":[],"_links":{"self":[{"href":"https:\/\/sammler.com.pl\/ro\/wp-json\/wp\/v2\/product\/1454","targetHints":{"allow":["GET"]}}],"collection":[{"href":"https:\/\/sammler.com.pl\/ro\/wp-json\/wp\/v2\/product"}],"about":[{"href":"https:\/\/sammler.com.pl\/ro\/wp-json\/wp\/v2\/types\/product"}],"wp:featuredmedia":[{"embeddable":true,"href":"https:\/\/sammler.com.pl\/ro\/wp-json\/wp\/v2\/media\/1691"}],"wp:attachment":[{"href":"https:\/\/sammler.com.pl\/ro\/wp-json\/wp\/v2\/media?parent=1454"}],"wp:term":[{"taxonomy":"product_brand","embeddable":true,"href":"https:\/\/sammler.com.pl\/ro\/wp-json\/wp\/v2\/product_brand?post=1454"},{"taxonomy":"product_cat","embeddable":true,"href":"https:\/\/sammler.com.pl\/ro\/wp-json\/wp\/v2\/product_cat?post=1454"},{"taxonomy":"product_tag","embeddable":true,"href":"https:\/\/sammler.com.pl\/ro\/wp-json\/wp\/v2\/product_tag?post=1454"}],"curies":[{"name":"wp","href":"https:\/\/api.w.org\/{rel}","templated":true}]}}