{"id":1448,"date":"2024-08-07T15:23:19","date_gmt":"2024-08-07T13:23:19","guid":{"rendered":"https:\/\/sammler.com.pl\/?post_type=product&#038;p=1448"},"modified":"2026-02-23T15:41:39","modified_gmt":"2026-02-23T14:41:39","slug":"agrowloknina-50g-m%c2%b2-brazowa-08-m-z-uv","status":"publish","type":"product","link":"https:\/\/sammler.com.pl\/ro\/produs\/agroblock-50g-m\u00b2-maro-08-m-cu-uv\/","title":{"rendered":"Agro-tex\u00adtil 50g\/m\u00b2 maro 0,8 m cu UV"},"content":{"rendered":"<h2 style=\"font-size: 1em; margin: 10px auto;\">Avantajele folosirii l\u00e2nii agro \u00een gr\u0103din\u0103<\/h2>\n<p>Agro\u00adtex\u00adtile 50g\/m\u00b2 maro 0,8 m cu UV este o solu\u021bie ver\u00adsa\u00adtil\u0103 care aduce o vari\u00adetate de ben\u00adeficii gr\u0103\u00addinii dum\u00adneav\u00adoas\u00adtr\u0103. \u00cen primul r\u00e2nd, este efi\u00adcient \u00een pro\u00adte\u00adjarea solu\u00adlui de cre\u0219terea buruie\u00adnilor sup\u0103r\u0103\u00adtoare, facil\u00adit\u00e2nd men\u021binerea gr\u0103\u00addinii ordo\u00adnate f\u0103r\u0103 a fi nevoie s\u0103 folosi\u021bi pro\u00adduse chim\u00adice. \u00cen plus, agro-tex\u00adtilul maro de 50 g\/m\u00b2 de 0,8 m cu UV ajut\u0103 la men\u021binerea umid\u00adit\u0103\u021bii optime a solu\u00adlui, care este esen\u021bial\u0103 pen\u00adtru cre\u0219terea s\u0103n\u0103\u00adtoas\u0103 \u0219i put\u00ader\u00adnic\u0103 a plantelor. Men\u021binerea nivelu\u00adlui corect de umid\u00adi\u00adtate spri\u00adjin\u0103 sis\u00adtemul radic\u00adu\u00adlar, f\u0103c\u00e2ndu\u2011l mai rezis\u00adtent la secet\u0103. Pe l\u00e2ng\u0103 ben\u00adefici\u00adile prac\u00adtice, agro-tex\u00adtilul maro de 50 g\/m\u00b2 de 0,8 m cu UV \u00eembun\u0103t\u0103\u021be\u0219te sem\u00adni\u00adfica\u00adtiv \u0219i estet\u00adi\u00adca gr\u0103\u00addinii, oferindu\u2011i un aspect \u00eengri\u00adjit \u0219i ordo\u00adnat. \u021aes\u0103\u00adtu\u00adra ne\u021be\u00adsut\u0103 este per\u00adme\u00adabil\u0103 la ap\u0103 \u0219i aer, ceea ce pro\u00admoveaz\u0103 un mediu s\u0103n\u0103\u00adtos pen\u00adtru r\u0103d\u0103ci\u00adni. P\u00e2n\u00adza Agro este disponi\u00adbil\u0103 la Samm\u00adler RecBord \u00eentr\u2011o vari\u00adetate de dimen\u00adsi\u00adu\u00adni pen\u00adtru a se potrivi diferitelor nevoi ale gr\u0103\u00addinii. Prof\u00adi\u00adta\u021bi de gama noas\u00adtr\u0103 \u0219i bucu\u00adra\u021bi-v\u0103 de o gr\u0103d\u00adin\u0103 fru\u00admoas\u0103 \u0219i s\u0103n\u0103\u00adtoas\u0103 pe tot par\u00adcur\u00adsul anu\u00adlui.<\/p>","protected":false},"excerpt":{"rendered":"<p>Zalety stosowania agrow\u0142\u00f3kniny w ogrodzie Agrow\u0142\u00f3knina 50g\/m\u00b2 br\u0105zowa 0,8 m z UV to wszechstronne rozwi\u0105zanie, kt\u00f3re niesie ze sob\u0105 r\u00f3\u017cnorodne zalety dla Twojego ogrodu. Przede wszystkim skutecznie zapewnia ochron\u0119 gleby przed wyrastaniem uci\u0105\u017cliwych chwast\u00f3w, co u\u0142atwia utrzymanie porz\u0105dku w ogrodzie bez konieczno\u015bci stosowania \u015brodk\u00f3w chemicznych. Dodatkowo agrow\u0142\u00f3knina 50g\/m\u00b2 br\u0105zowa 0,8 m z UV pomaga w [&hellip;]<\/p>\n","protected":false},"featured_media":1691,"template":"","meta":{"_acf_changed":false,"wp_typography_post_enhancements_disabled":false},"product_brand":[],"product_cat":[57,68,70,67,69],"product_tag":[],"class_list":{"0":"post-1448","1":"product","2":"type-product","3":"status-publish","4":"has-post-thumbnail","6":"product_cat-agrowloknina","7":"product_cat-agrowloknina-pod-kamienie","8":"product_cat-agrowloknina-pod-rosliny","9":"product_cat-agrowloknina-przeciw-chwastom","10":"product_cat-agrowloknina-sciolkujaca","11":"pa_gramatura-agrowloknina-p-50","13":"first","14":"instock","15":"taxable","16":"shipping-taxable","17":"purchasable","18":"product-type-variable","19":"has-default-attributes"},"acf":[],"_links":{"self":[{"href":"https:\/\/sammler.com.pl\/ro\/wp-json\/wp\/v2\/product\/1448","targetHints":{"allow":["GET"]}}],"collection":[{"href":"https:\/\/sammler.com.pl\/ro\/wp-json\/wp\/v2\/product"}],"about":[{"href":"https:\/\/sammler.com.pl\/ro\/wp-json\/wp\/v2\/types\/product"}],"wp:featuredmedia":[{"embeddable":true,"href":"https:\/\/sammler.com.pl\/ro\/wp-json\/wp\/v2\/media\/1691"}],"wp:attachment":[{"href":"https:\/\/sammler.com.pl\/ro\/wp-json\/wp\/v2\/media?parent=1448"}],"wp:term":[{"taxonomy":"product_brand","embeddable":true,"href":"https:\/\/sammler.com.pl\/ro\/wp-json\/wp\/v2\/product_brand?post=1448"},{"taxonomy":"product_cat","embeddable":true,"href":"https:\/\/sammler.com.pl\/ro\/wp-json\/wp\/v2\/product_cat?post=1448"},{"taxonomy":"product_tag","embeddable":true,"href":"https:\/\/sammler.com.pl\/ro\/wp-json\/wp\/v2\/product_tag?post=1448"}],"curies":[{"name":"wp","href":"https:\/\/api.w.org\/{rel}","templated":true}]}}