{"id":1442,"date":"2024-08-07T15:19:04","date_gmt":"2024-08-07T13:19:04","guid":{"rendered":"https:\/\/sammler.com.pl\/?post_type=product&#038;p=1442"},"modified":"2026-01-27T15:19:40","modified_gmt":"2026-01-27T14:19:40","slug":"agrowloknina-50g-m%c2%b2-czarna-32-m-z-uv","status":"publish","type":"product","link":"https:\/\/sammler.com.pl\/ro\/produs\/agro-laminat-50g-m\u00b2-negru-32m-cu-uv\/","title":{"rendered":"Agro-tex\u00adtil 50g\/m\u00b2 negru 3,2 m cu UV"},"content":{"rendered":"<h2 style=\"font-size: 1em; margin: 10px auto;\">Avantajele utiliz\u0103rii agrotextilului negru 50g\/m\u00b2 3,2 m cu UV<\/h2>\n<p>Agro\u00adtex\u00adtile 50g\/m\u00b2 negru 3,2 m cu UV este o solu\u021bie cu numeroase avan\u00adta\u00adje care va sat\u00adis\u00adface orice gr\u0103\u00add\u00adi\u00adnar. Acest pro\u00addus pro\u00adte\u00adjeaz\u0103 efi\u00adcient solul de cre\u0219terea buruie\u00adnilor, economisind timp \u0219i efort \u00een \u00eende\u00adp\u0103rtarea buruie\u00adnilor. \u00cen plus, agro-tex\u00adtilul ajut\u0103 la men\u021binerea umid\u00adit\u0103\u021bii optime a solu\u00adlui, ceea ce favorizeaz\u0103 cre\u0219terea s\u0103n\u0103\u00adtoas\u0103 a plantelor. Struc\u00adtura mate\u00adri\u00adalu\u00adlui per\u00admite tre\u00adcerea at\u00e2t a apei, c\u00e2t \u0219i a aeru\u00adlui, ceea ce este esen\u021bial pen\u00adtru asig\u00adu\u00adrarea condi\u021bi\u00adilor potriv\u00adite pen\u00adtru r\u0103d\u0103ci\u00adni. \u00cen plus, agro\u00adtex\u00adtilul ne\u021be\u00adsut UV de 50 g\/m\u00b2 negru de 3,2 m se car\u00adac\u00adter\u00adizeaz\u0103 prin dura\u00adbil\u00adi\u00adtate excep\u021bion\u00adal\u0103 \u0219i rezis\u00adten\u021b\u0103 la UV, ast\u00adfel \u00eenc\u00e2t poate fi uti\u00adlizat mult timp, r\u0103m\u00e2n\u00e2nd \u00een stare exce\u00adlen\u00adt\u0103. Alegerea aces\u00adtei \u021bes\u0103\u00adturi agro-\u021besute este, de aseme\u00adnea, o modal\u00adi\u00adtate de a \u00eembun\u0103t\u0103\u021bi estet\u00adi\u00adca gr\u0103\u00addinii dum\u00adneav\u00adoas\u00adtr\u0103, deoarece creeaz\u0103 un spa\u021biu \u00eengri\u00adjit \u0219i ordo\u00adnat. Prof\u00adi\u00adta\u021bi de gama de pro\u00adduse Samm\u00adler RecBord \u0219i descoper\u00adi\u021bi c\u00e2t de multe ben\u00adeficii poate aduce gr\u0103\u00addinii dvs. \u021bes\u0103\u00adtu\u00adra agro\u021be\u00adsut\u0103 50g\/m\u00b2 negru 3,2m cu UV.<\/p>","protected":false},"excerpt":{"rendered":"<p>Zalety stosowania agrow\u0142\u00f3kniny 50g\/m\u00b2 czarnej 3,2 m z UV Agrow\u0142\u00f3knina 50g\/m\u00b2 czarna 3,2 m z UV to rozwi\u0105zanie o licznych zaletach, kt\u00f3re zadowoli ka\u017cdego ogrodnika. Produkt ten skutecznie chroni gleb\u0119 przed wyrastaniem chwast\u00f3w, co pozwala zaoszcz\u0119dzi\u0107 czas i wysi\u0142ek zwi\u0105zany z ich usuwaniem. Ponadto agrow\u0142\u00f3knina pomaga utrzyma\u0107 optymaln\u0105 wilgotno\u015b\u0107 gleby, co sprzyja zdrowemu wzrostowi ro\u015blin. [&hellip;]<\/p>\n","protected":false},"featured_media":1050,"template":"","meta":{"_acf_changed":false,"wp_typography_post_enhancements_disabled":false},"product_brand":[],"product_cat":[57,68,70,67,69],"product_tag":[],"class_list":{"0":"post-1442","1":"product","2":"type-product","3":"status-publish","4":"has-post-thumbnail","6":"product_cat-agrowloknina","7":"product_cat-agrowloknina-pod-kamienie","8":"product_cat-agrowloknina-pod-rosliny","9":"product_cat-agrowloknina-przeciw-chwastom","10":"product_cat-agrowloknina-sciolkujaca","11":"pa_gramatura-agrowloknina-p-50","13":"first","14":"instock","15":"taxable","16":"shipping-taxable","17":"purchasable","18":"product-type-variable","19":"has-default-attributes"},"acf":[],"_links":{"self":[{"href":"https:\/\/sammler.com.pl\/ro\/wp-json\/wp\/v2\/product\/1442","targetHints":{"allow":["GET"]}}],"collection":[{"href":"https:\/\/sammler.com.pl\/ro\/wp-json\/wp\/v2\/product"}],"about":[{"href":"https:\/\/sammler.com.pl\/ro\/wp-json\/wp\/v2\/types\/product"}],"wp:featuredmedia":[{"embeddable":true,"href":"https:\/\/sammler.com.pl\/ro\/wp-json\/wp\/v2\/media\/1050"}],"wp:attachment":[{"href":"https:\/\/sammler.com.pl\/ro\/wp-json\/wp\/v2\/media?parent=1442"}],"wp:term":[{"taxonomy":"product_brand","embeddable":true,"href":"https:\/\/sammler.com.pl\/ro\/wp-json\/wp\/v2\/product_brand?post=1442"},{"taxonomy":"product_cat","embeddable":true,"href":"https:\/\/sammler.com.pl\/ro\/wp-json\/wp\/v2\/product_cat?post=1442"},{"taxonomy":"product_tag","embeddable":true,"href":"https:\/\/sammler.com.pl\/ro\/wp-json\/wp\/v2\/product_tag?post=1442"}],"curies":[{"name":"wp","href":"https:\/\/api.w.org\/{rel}","templated":true}]}}