{"id":1439,"date":"2024-08-07T15:16:11","date_gmt":"2024-08-07T13:16:11","guid":{"rendered":"https:\/\/sammler.com.pl\/?post_type=product&#038;p=1439"},"modified":"2026-03-25T21:05:04","modified_gmt":"2026-03-25T20:05:04","slug":"agrowloknina-50g-m%c2%b2-czarna-21-m-z-uv","status":"publish","type":"product","link":"https:\/\/sammler.com.pl\/ro\/produs\/agro-laminat-50g-m\u00b2-negru-21m-cu-uv\/","title":{"rendered":"Agro-tex\u00adtil 50g\/m\u00b2 negru 2,1 m cu UV"},"content":{"rendered":"<h2 style=\"font-size: 1em; margin: 10px auto;\">Excelen\u021b\u0103 \u00een controlul buruienilor \u0219i men\u021binerea umidit\u0103\u021bii<\/h2>\n<p>Agro\u00adtex\u00adtile 50g\/m\u00b2 negru 2,1 m cu UV este solu\u021bia per\u00adfec\u00adt\u0103 pen\u00adtru fiecare gr\u0103\u00add\u00adi\u00adnar care dore\u0219te s\u0103 \u00ee\u0219i pro\u00adte\u00adjeze efi\u00adcient solul de buruie\u00adnile nedorite, asig\u00adur\u00e2nd \u00een ace\u00adla\u0219i timp o umid\u00adi\u00adtate opti\u00adm\u0103 a solu\u00adlui. Com\u00adpa\u00adnia noas\u00adtr\u0103 Samm\u00adler ofer\u0103 un pro\u00addus care, datorit\u0103 struc\u00adturii sale, per\u00admite tre\u00adcerea apei \u0219i a aeru\u00adlui, per\u00admi\u021b\u00e2nd sis\u00adtemu\u00adlui radic\u00adu\u00adlar al plantelor s\u0103 se dez\u00advolte s\u0103n\u0103\u00adtos. Aleg\u00e2nd agro-tex\u00adtilul negru de 50 g\/m\u00b2 de 2,1 m cu UV, pute\u021bi fi sig\u00aduri c\u0103 plantele dvs. vor avea condi\u021bii ide\u00adale de cre\u0219tere \u0219i c\u0103 solul va p\u0103s\u00adtra sufi\u00adcien\u00adt\u0103 umid\u00adi\u00adtate. Dura\u00adbil\u00adi\u00adtatea excep\u021bion\u00adal\u0103 \u0219i rezis\u00adten\u021ba la UV a ne\u021be\u00adsu\u00adtu\u00adlui 50g\/m\u00b2 negru 2,1 m cu UV asig\u00adur\u0103 pro\u00adtec\u021bia solu\u00adlui pe ter\u00admen lung, elim\u00adin\u00e2nd nevoia de pliv\u00adit con\u00adstant. A\u0219adar, de ce s\u0103 nu prof\u00adi\u00adta\u021bi de gama noas\u00adtr\u0103 \u0219i s\u0103 \u00eencor\u00adpo\u00adra\u021bi agro-tex\u00adtilul 50g\/m\u00b2 negru 2,1m cu UV \u00een gr\u0103\u00add\u00adi\u00adna dvs. pen\u00adtru a v\u0103 bucu\u00adra de plante mai s\u0103n\u0103\u00adtoase \u0219i de un mediu \u00eengri\u00adjit, estet\u00adic. Disponi\u00adbil \u00eentr\u2011o gam\u0103 larg\u0103 de dimen\u00adsi\u00adu\u00adni, acest pro\u00addus va sat\u00adis\u00adface a\u0219tep\u00adt\u0103rile pro\u00adfe\u00adsion\u00adi\u0219tilor \u0219i ama\u00adto\u00adrilor deopotriv\u0103.<\/p>","protected":false},"excerpt":{"rendered":"<p>Doskona\u0142o\u015b\u0107 w ochronie przed chwastami i utrzymaniu wilgotno\u015bci Agrow\u0142\u00f3knina 50g\/m\u00b2 czarna 2,1 m z UV to doskona\u0142e rozwi\u0105zanie dla ka\u017cdego ogrodnika, kt\u00f3ry pragnie skutecznie chroni\u0107 swoj\u0105 gleb\u0119 przed niechcianymi chwastami, jednocze\u015bnie dbaj\u0105c o jej optymaln\u0105 wilgotno\u015b\u0107. Nasza firma Sammler oferuje produkt, kt\u00f3ry dzi\u0119ki swojej strukturze przepuszcza wod\u0119 oraz powietrze, co pozwala na zdrowy rozw\u00f3j systemu [&hellip;]<\/p>\n","protected":false},"featured_media":1050,"template":"","meta":{"_acf_changed":false,"wp_typography_post_enhancements_disabled":false},"product_brand":[],"product_cat":[57,68,70,67,69],"product_tag":[],"class_list":{"0":"post-1439","1":"product","2":"type-product","3":"status-publish","4":"has-post-thumbnail","6":"product_cat-agrowloknina","7":"product_cat-agrowloknina-pod-kamienie","8":"product_cat-agrowloknina-pod-rosliny","9":"product_cat-agrowloknina-przeciw-chwastom","10":"product_cat-agrowloknina-sciolkujaca","11":"pa_gramatura-agrowloknina-p-50","13":"first","14":"outofstock","15":"taxable","16":"shipping-taxable","17":"purchasable","18":"product-type-variable","19":"has-default-attributes"},"acf":[],"_links":{"self":[{"href":"https:\/\/sammler.com.pl\/ro\/wp-json\/wp\/v2\/product\/1439","targetHints":{"allow":["GET"]}}],"collection":[{"href":"https:\/\/sammler.com.pl\/ro\/wp-json\/wp\/v2\/product"}],"about":[{"href":"https:\/\/sammler.com.pl\/ro\/wp-json\/wp\/v2\/types\/product"}],"wp:featuredmedia":[{"embeddable":true,"href":"https:\/\/sammler.com.pl\/ro\/wp-json\/wp\/v2\/media\/1050"}],"wp:attachment":[{"href":"https:\/\/sammler.com.pl\/ro\/wp-json\/wp\/v2\/media?parent=1439"}],"wp:term":[{"taxonomy":"product_brand","embeddable":true,"href":"https:\/\/sammler.com.pl\/ro\/wp-json\/wp\/v2\/product_brand?post=1439"},{"taxonomy":"product_cat","embeddable":true,"href":"https:\/\/sammler.com.pl\/ro\/wp-json\/wp\/v2\/product_cat?post=1439"},{"taxonomy":"product_tag","embeddable":true,"href":"https:\/\/sammler.com.pl\/ro\/wp-json\/wp\/v2\/product_tag?post=1439"}],"curies":[{"name":"wp","href":"https:\/\/api.w.org\/{rel}","templated":true}]}}