{"id":1436,"date":"2024-08-07T15:08:10","date_gmt":"2024-08-07T13:08:10","guid":{"rendered":"https:\/\/sammler.com.pl\/?post_type=product&#038;p=1436"},"modified":"2026-02-23T18:35:06","modified_gmt":"2026-02-23T17:35:06","slug":"agrowloknina-50g-m%c2%b2-czarna-16-m-z-uv","status":"publish","type":"product","link":"https:\/\/sammler.com.pl\/ro\/produs\/agro-laminat-50g-m\u00b2-negru-16m-cu-uv\/","title":{"rendered":"Agro-tex\u00adtil 50g\/m\u00b2 negru 1,6 m cu UV"},"content":{"rendered":"<h2 style=\"font-size: 1em; margin: 10px auto;\">Aplicarea de agro-textil 50g\/m\u00b2 negru 1,6 m cu UV<\/h2>\n<p>Agro\u00adtex\u00adtile 50g\/m\u00b2 negru 1,6 m cu UV este solu\u021bia per\u00adfec\u00adt\u0103 pen\u00adtru to\u021bi cei care doresc s\u0103 asig\u00adure dez\u00advoltarea s\u0103n\u0103\u00adtoas\u0103 a plantelor lor \u0219i aspec\u00adtul \u00eengri\u00adjit al gr\u0103\u00addinii lor. Prin\u00adci\u00adpalul s\u0103u avan\u00adtaj este pro\u00adtec\u021bia efi\u00adcien\u00adt\u0103 \u00eempotri\u00adva buruie\u00adnilor care pot afec\u00adta neg\u00ada\u00adtiv cre\u0219terea cul\u00adturilor. Datorit\u0103 dura\u00adbil\u00adit\u0103\u021bii \u0219i rezis\u00adten\u021bei sale la UV, acest pro\u00addus asig\u00adur\u0103 o pro\u00adtec\u021bie pe ter\u00admen lung a solu\u00adlui, f\u0103r\u0103 a se uza rapid. Struc\u00adtura \u021bes\u0103\u00adturii ne\u021be\u00adsute per\u00admite tre\u00adcerea apei \u0219i a aeru\u00adlui, ceea ce este esen\u021bial pen\u00adtru men\u021binerea umid\u00adit\u0103\u021bii optime a solu\u00adlui \u0219i spri\u00adjin\u0103, de aseme\u00adnea, dez\u00advoltarea s\u0103n\u0103\u00adtoas\u0103 a sis\u00adtemu\u00adlui radic\u00adu\u00adlar al plantelor. \u00cen plus, uti\u00adlizarea Agrofiber 50g\/m\u00b2 negru 1,6 m cu UV \u00eembun\u0103t\u0103\u021be\u0219te estet\u00adi\u00adca \u00eempre\u00adjurim\u00adilor, f\u0103c\u00e2nd gr\u0103\u00add\u00adi\u00adna s\u0103 arate \u00eengri\u00adjit\u0103 \u0219i ordo\u00adnat\u0103. Prof\u00adi\u00adta\u021bi de ofer\u00adta noas\u00adtr\u0103 \u0219i ofer\u00adi\u021bi plantelor dum\u00adneav\u00adoas\u00adtr\u0103 cele mai bune condi\u021bii de cre\u0219tere cu agro\u00adtex\u00adtile mar\u00adca Samm\u00adler RecBord.<\/p>","protected":false},"excerpt":{"rendered":"<p>Zastosowanie agrow\u0142\u00f3kniny 50g\/m\u00b2 czarnej 1,6 m z UV Agrow\u0142\u00f3knina 50g\/m\u00b2 czarna 1,6 m z UV to doskona\u0142e rozwi\u0105zanie dla ka\u017cdego, kto pragnie zadba\u0107 o zdrowy rozw\u00f3j swoich ro\u015blin oraz schludny wygl\u0105d ogrodu. Jej g\u0142\u00f3wn\u0105 zalet\u0105 jest efektywna ochrona przed chwastami, kt\u00f3re mog\u0105 negatywnie wp\u0142ywa\u0107 na wzrost ro\u015blin uprawnych. Dzi\u0119ki trwa\u0142o\u015bci oraz odporno\u015bci na promieniowanie UV, [&hellip;]<\/p>\n","protected":false},"featured_media":1050,"template":"","meta":{"_acf_changed":false,"wp_typography_post_enhancements_disabled":false},"product_brand":[],"product_cat":[57,68,70,67,69],"product_tag":[],"class_list":{"0":"post-1436","1":"product","2":"type-product","3":"status-publish","4":"has-post-thumbnail","6":"product_cat-agrowloknina","7":"product_cat-agrowloknina-pod-kamienie","8":"product_cat-agrowloknina-pod-rosliny","9":"product_cat-agrowloknina-przeciw-chwastom","10":"product_cat-agrowloknina-sciolkujaca","11":"pa_gramatura-agrowloknina-p-50","13":"first","14":"instock","15":"taxable","16":"shipping-taxable","17":"purchasable","18":"product-type-variable","19":"has-default-attributes"},"acf":[],"_links":{"self":[{"href":"https:\/\/sammler.com.pl\/ro\/wp-json\/wp\/v2\/product\/1436","targetHints":{"allow":["GET"]}}],"collection":[{"href":"https:\/\/sammler.com.pl\/ro\/wp-json\/wp\/v2\/product"}],"about":[{"href":"https:\/\/sammler.com.pl\/ro\/wp-json\/wp\/v2\/types\/product"}],"wp:featuredmedia":[{"embeddable":true,"href":"https:\/\/sammler.com.pl\/ro\/wp-json\/wp\/v2\/media\/1050"}],"wp:attachment":[{"href":"https:\/\/sammler.com.pl\/ro\/wp-json\/wp\/v2\/media?parent=1436"}],"wp:term":[{"taxonomy":"product_brand","embeddable":true,"href":"https:\/\/sammler.com.pl\/ro\/wp-json\/wp\/v2\/product_brand?post=1436"},{"taxonomy":"product_cat","embeddable":true,"href":"https:\/\/sammler.com.pl\/ro\/wp-json\/wp\/v2\/product_cat?post=1436"},{"taxonomy":"product_tag","embeddable":true,"href":"https:\/\/sammler.com.pl\/ro\/wp-json\/wp\/v2\/product_tag?post=1436"}],"curies":[{"name":"wp","href":"https:\/\/api.w.org\/{rel}","templated":true}]}}