{"id":1424,"date":"2024-08-06T18:03:31","date_gmt":"2024-08-06T16:03:31","guid":{"rendered":"https:\/\/sammler.com.pl\/?post_type=product&#038;p=1424"},"modified":"2026-02-23T17:34:23","modified_gmt":"2026-02-23T16:34:23","slug":"agrowloknina-80g-m%c2%b2-czarna-11-m-z-uv-kopia","status":"publish","type":"product","link":"https:\/\/sammler.com.pl\/ro\/produs\/80g-agroblock-m\u00b2-negru-11m-cu-copie-uv\/","title":{"rendered":"Agro-tex\u00adtil 80g\/m\u00b2 negru 1,1 m cu UV"},"content":{"rendered":"<h2 style=\"font-size: 1em; margin: 10px auto;\">Utilizarea polivalent\u0103 a p\u00e2nzei textile agricole \u00een horticultur\u0103<\/h2>\n<p>Agrowo\u00adven 80g\/m\u00b2 negru 1,1m cu UV este un instru\u00adment ver\u00adsa\u00adtil uti\u00adlizat \u00een hor\u00adti\u00adcul\u00adtur\u0103, oferind o vari\u00adetate de uti\u00adliz\u0103ri pen\u00adtru a face din gr\u0103\u00add\u00adi\u00adna dvs. un loc de cre\u0219tere a plantelor s\u0103n\u0103\u00adtos \u0219i pl\u0103\u00adcut din punct de vedere estet\u00adic. Ide\u00adal pen\u00adtru mul\u00adcire, aces\u00adta asig\u00adur\u0103 o pro\u00adtec\u021bie efi\u00adcien\u00adt\u0103 a plantelor \u00eempotri\u00adva buruie\u00adnilor, bloc\u00e2nd cre\u0219terea aces\u00adto\u00adra \u0219i min\u00adi\u00admiz\u00e2nd nevoia de erbi\u00adcide chim\u00adice. Agro\u00adtex\u00adtilul UV negru de 1,1 m, de 80 g\/m\u00b2, ajut\u0103, de aseme\u00adnea, la men\u021binerea umid\u00adit\u0103\u021bii optime a solu\u00adlui, care este esen\u021bial\u0103 pen\u00adtru dez\u00advoltarea s\u0103n\u0103\u00adtoas\u0103 a r\u0103d\u0103cinilor \u0219i sta\u00adbil\u00adi\u00adtatea \u00eentregii plante. Datorit\u0103 pro\u00adpri\u00adet\u0103\u021bilor sale per\u00adme\u00adabile la ap\u0103 \u0219i aer, acest pro\u00addus pro\u00admoveaz\u0103 un mediu s\u0103n\u0103\u00adtos pen\u00adtru r\u0103d\u0103ci\u00adni, care la r\u00e2n\u00addul s\u0103u accel\u00adereaz\u0103 cre\u0219terea plantelor. Ast\u00adfel, gr\u0103\u00add\u00adi\u00adnarii se pot bucu\u00adra de plante lux\u00adu\u00adri\u00adante \u0219i s\u0103n\u0103\u00adtoase. \u00cen plus, agro-tex\u00adtilul \u00eembun\u0103t\u0103\u021be\u0219te sem\u00adni\u00adfica\u00adtiv estet\u00adi\u00adca gr\u0103\u00addinii, oferindu\u2011i un aspect \u00eengri\u00adjit \u0219i ordo\u00adnat. Prof\u00adi\u00adta\u021bi de gama Samm\u00adler RecBord \u0219i \u00eembog\u0103\u021bi\u021bi-v\u0103 gr\u0103\u00add\u00adi\u00adna cu acest pro\u00addus indis\u00adpens\u00adabil!<\/p>","protected":false},"excerpt":{"rendered":"<p>Uniwersalne zastosowanie agrow\u0142\u00f3kniny w ogrodnictwie Agrow\u0142\u00f3knina 80g\/m\u00b2 czarna 1,1 m z UV to wszechstronne narz\u0119dzie stosowane w ogrodnictwie, oferuj\u0105ce r\u00f3\u017cnorodne zastosowania, dzi\u0119ki kt\u00f3rym Tw\u00f3j ogr\u00f3d stanie si\u0119 miejscem zdrowego i estetycznego wzrostu ro\u015blin. Idealna do \u015bci\u00f3\u0142kowania, zapewnia skuteczn\u0105 ochron\u0119 ro\u015blin przed chwastami, blokuj\u0105c ich wzrost i minimalizuj\u0105c potrzeb\u0119 stosowania chemicznych \u015brodk\u00f3w chwastob\u00f3jczych. Agrow\u0142\u00f3knina 80g\/m\u00b2 czarna [&hellip;]<\/p>\n","protected":false},"featured_media":1050,"template":"","meta":{"_acf_changed":false,"wp_typography_post_enhancements_disabled":false},"product_brand":[],"product_cat":[57,68,70,67,69],"product_tag":[],"class_list":{"0":"post-1424","1":"product","2":"type-product","3":"status-publish","4":"has-post-thumbnail","6":"product_cat-agrowloknina","7":"product_cat-agrowloknina-pod-kamienie","8":"product_cat-agrowloknina-pod-rosliny","9":"product_cat-agrowloknina-przeciw-chwastom","10":"product_cat-agrowloknina-sciolkujaca","11":"pa_gramatura-agrowloknina-p-80","13":"first","14":"instock","15":"taxable","16":"shipping-taxable","17":"purchasable","18":"product-type-variable","19":"has-default-attributes"},"acf":[],"_links":{"self":[{"href":"https:\/\/sammler.com.pl\/ro\/wp-json\/wp\/v2\/product\/1424","targetHints":{"allow":["GET"]}}],"collection":[{"href":"https:\/\/sammler.com.pl\/ro\/wp-json\/wp\/v2\/product"}],"about":[{"href":"https:\/\/sammler.com.pl\/ro\/wp-json\/wp\/v2\/types\/product"}],"wp:featuredmedia":[{"embeddable":true,"href":"https:\/\/sammler.com.pl\/ro\/wp-json\/wp\/v2\/media\/1050"}],"wp:attachment":[{"href":"https:\/\/sammler.com.pl\/ro\/wp-json\/wp\/v2\/media?parent=1424"}],"wp:term":[{"taxonomy":"product_brand","embeddable":true,"href":"https:\/\/sammler.com.pl\/ro\/wp-json\/wp\/v2\/product_brand?post=1424"},{"taxonomy":"product_cat","embeddable":true,"href":"https:\/\/sammler.com.pl\/ro\/wp-json\/wp\/v2\/product_cat?post=1424"},{"taxonomy":"product_tag","embeddable":true,"href":"https:\/\/sammler.com.pl\/ro\/wp-json\/wp\/v2\/product_tag?post=1424"}],"curies":[{"name":"wp","href":"https:\/\/api.w.org\/{rel}","templated":true}]}}