{"id":1038,"date":"2024-02-14T19:35:34","date_gmt":"2024-02-14T18:35:34","guid":{"rendered":"https:\/\/sammler.com.pl\/?post_type=product&#038;p=1038"},"modified":"2026-02-23T17:30:48","modified_gmt":"2026-02-23T16:30:48","slug":"agrowloknina-50g-m%c2%b2-czarna-11m-z-uv","status":"publish","type":"product","link":"https:\/\/sammler.com.pl\/ro\/produs\/agro-laminat-50g-m\u00b2-negru-11m-cu-uv\/","title":{"rendered":"Agro-tex\u00adtil 50g\/m\u00b2 negru 1,1 m cu UV"},"content":{"rendered":"<h2 style=\"font-size: 1em; margin: 10px auto;\">Utilizarea agro-textilului 50g\/m\u00b2 negru 1,1 m cu UV \u00een horticultur\u0103<\/h2>\n<p>Agro\u00adtex\u00adtile 50g\/m\u00b2 negru 1,1 m cu UV este o solu\u021bie hor\u00adti\u00adcol\u0103 indis\u00adpens\u00adabil\u0103 care ajut\u0103 la mul\u00adcirea efi\u00adcien\u00adt\u0103 \u0219i pro\u00adte\u00adjarea \u00eempotri\u00adva buruie\u00adnilor. Datorit\u0103 uti\u00adliz\u0103rii sale, solul nu este doar pro\u00adte\u00adjat de plantele nedorite, ci \u0219i men\u021bine o umid\u00adi\u00adtate adec\u00advat\u0103, care este cru\u00adcial\u0103 pen\u00adtru cre\u0219terea s\u0103n\u0103\u00adtoas\u0103 a plantelor. Agro-tex\u00adtilul nos\u00adtru este ide\u00adal pen\u00adtru uti\u00adlizarea \u00een toate tipurile de gr\u0103\u00addi\u00adni, oferind un aspect estet\u00adic pl\u0103\u00adcut \u0219i pro\u00admov\u00e2nd cre\u0219terea s\u0103n\u0103\u00adtoas\u0103 a plantelor. Agro-tex\u00adtilul UV de 50 g\/m\u00b2 negru de 1,1 m din gama Samm\u00adler RecBord se car\u00adac\u00adter\u00adizeaz\u0103 prin dura\u00adbil\u00adi\u00adtate excep\u021bion\u00adal\u0103 \u0219i rezis\u00adten\u021b\u0103 la UV, garan\u00adt\u00e2nd o uti\u00adlizare de lung\u0103 durat\u0103. Datorit\u0103 struc\u00adturii sale per\u00adme\u00adabile la ap\u0103 \u0219i aer, agro-tex\u00adtilul creeaz\u0103 condi\u021bii ide\u00adale pen\u00adtru r\u0103d\u0103ci\u00adni, ceea ce este impor\u00adtant pen\u00adtru s\u0103n\u0103\u00adtatea \u0219i dez\u00advoltarea plantelor. Prof\u00adi\u00adta\u021bi de ofer\u00adta noas\u00adtr\u0103 pen\u00adtru a v\u0103 bucu\u00adra de o gr\u0103d\u00adin\u0103 fru\u00admos \u00eengri\u00adjit\u0103, \u00een care plantele se vor dez\u00advol\u00adta f\u0103r\u0103 s\u0103 v\u0103 face\u021bi gri\u00adji cu privire la buruieni \u0219i pierderea exce\u00adsiv\u0103 de umid\u00adi\u00adtate.<\/p>","protected":false},"excerpt":{"rendered":"<p>Zastosowanie agrow\u0142\u00f3kniny 50g\/m\u00b2 czarnej 1,1 m z UV w ogrodnictwie Agrow\u0142\u00f3knina 50g\/m\u00b2 czarna 1,1 m z UV to niezast\u0105pione rozwi\u0105zanie w ogrodnictwie, kt\u00f3re pomaga w skutecznym \u015bci\u00f3\u0142kowaniu oraz ochronie przed chwastami. Dzi\u0119ki jej zastosowaniu gleba jest nie tylko chroniona przed niechcianymi ro\u015blinami, ale tak\u017ce utrzymuje odpowiedni\u0105 wilgotno\u015b\u0107, co jest kluczowe dla zdrowego wzrostu ro\u015blin. Nasza [&hellip;]<\/p>\n","protected":false},"featured_media":1050,"template":"","meta":{"_acf_changed":false,"wp_typography_post_enhancements_disabled":false},"product_brand":[],"product_cat":[57,68,70,67,69],"product_tag":[],"class_list":{"0":"post-1038","1":"product","2":"type-product","3":"status-publish","4":"has-post-thumbnail","6":"product_cat-agrowloknina","7":"product_cat-agrowloknina-pod-kamienie","8":"product_cat-agrowloknina-pod-rosliny","9":"product_cat-agrowloknina-przeciw-chwastom","10":"product_cat-agrowloknina-sciolkujaca","11":"pa_gramatura-agrowloknina-p-50","13":"first","14":"instock","15":"taxable","16":"shipping-taxable","17":"purchasable","18":"product-type-variable","19":"has-default-attributes"},"acf":[],"_links":{"self":[{"href":"https:\/\/sammler.com.pl\/ro\/wp-json\/wp\/v2\/product\/1038","targetHints":{"allow":["GET"]}}],"collection":[{"href":"https:\/\/sammler.com.pl\/ro\/wp-json\/wp\/v2\/product"}],"about":[{"href":"https:\/\/sammler.com.pl\/ro\/wp-json\/wp\/v2\/types\/product"}],"wp:featuredmedia":[{"embeddable":true,"href":"https:\/\/sammler.com.pl\/ro\/wp-json\/wp\/v2\/media\/1050"}],"wp:attachment":[{"href":"https:\/\/sammler.com.pl\/ro\/wp-json\/wp\/v2\/media?parent=1038"}],"wp:term":[{"taxonomy":"product_brand","embeddable":true,"href":"https:\/\/sammler.com.pl\/ro\/wp-json\/wp\/v2\/product_brand?post=1038"},{"taxonomy":"product_cat","embeddable":true,"href":"https:\/\/sammler.com.pl\/ro\/wp-json\/wp\/v2\/product_cat?post=1038"},{"taxonomy":"product_tag","embeddable":true,"href":"https:\/\/sammler.com.pl\/ro\/wp-json\/wp\/v2\/product_tag?post=1038"}],"curies":[{"name":"wp","href":"https:\/\/api.w.org\/{rel}","templated":true}]}}