{"id":369,"date":"2023-03-13T11:01:01","date_gmt":"2023-03-13T10:01:01","guid":{"rendered":"https:\/\/sammler.uxtivity.com\/?page_id=369"},"modified":"2023-03-13T11:31:40","modified_gmt":"2023-03-13T10:31:40","slug":"regulamin-newslettera","status":"publish","type":"page","link":"https:\/\/sammler.com.pl\/ro\/regulamente-buletin-de-informare\/","title":{"rendered":"Ter\u00admeni \u0219i condi\u021bii ale bulet\u00adinu\u00adlui infor\u00adma\u00adtiv"},"content":{"rendered":"<h2 class=\"wp-block-heading\">Termeni \u0219i condi\u021bii ale buletinului informativ al magazinului SAMMLER RECBORD<\/h2>\n\n\n\n<p><strong>Dis\u00adpoz\u00adi\u021bi\u00adile refer\u00adi\u00adtoare la \u00centre\u00adprinz\u0103\u00adtorul priv\u00adi\u00adle\u00adgiat se aplic\u0103 con\u00adtractelor \u00eencheiate \u00eencep\u00e2nd cu 1 ian\u00aduar\u00adie 2021.<\/strong><\/p>\n\n\n\n<p><strong>CUPRINS<\/strong><br><strong>\u00a7 1<\/strong>&nbsp;Defini\u021bii<br><strong>\u00a7 2<\/strong>&nbsp;Buletin infor\u00adma\u00adtiv<br><strong>\u00a7 3<\/strong>&nbsp;Recla\u00adma\u021bii<br><strong>\u00a7 4<\/strong>&nbsp;Date cu car\u00adac\u00adter per\u00adson\u00adal<br><strong>\u00a7 5<\/strong>&nbsp;Dis\u00adpoz\u00adi\u021bii finale<\/p>\n\n\n\n<h3 class=\"wp-block-heading\"><strong>\u00a7 1 DEFINI\u021aII<\/strong><\/h3>\n\n\n\n<p><strong>Con\u00adsuma\u00adtor<\/strong>&nbsp;\u2014 con\u00adsuma\u00adtor \u00een sen\u00adsul Codu\u00adlui civ\u00adil.<br><strong>Buletin infor\u00adma\u00adtiv<\/strong>&nbsp;\u2014 un ser\u00advi\u00adciu furnizat gra\u00adtu\u00adit prin mijloace elec\u00adtron\u00adice, prin care Clien\u00adtul poate pri\u00admi de la Furni\u00adzorul de ser\u00advicii, prin mijloace elec\u00adtron\u00adice, mesaje pre\u00adco\u00adman\u00addate refer\u00adi\u00adtoare la Mag\u00ada\u00adzin, inclu\u00adsiv infor\u00adma\u021bii privind ofer\u00adtele, pro\u00admo\u021bi\u00adile \u0219i nout\u0103\u021bile din Mag\u00ada\u00adzin.<br><strong>Com\u00ader\u00adciant priv\u00adi\u00adle\u00adgiat<\/strong>- o per\u00adsoan\u0103 fiz\u00adic\u0103 care \u00eencheie cu furni\u00adzorul de ser\u00advicii un con\u00adtract care este direct legat de activ\u00adi\u00adtatea sa com\u00ader\u00adcial\u0103, dar care nu are un car\u00adac\u00adter pro\u00adfe\u00adsion\u00adal pen\u00adtru aceas\u00adta (defini\u021bie aplic\u00ada\u00adbil\u0103 con\u00adtractelor \u00eencheiate \u00eencep\u00e2nd cu 1 ian\u00aduar\u00adie 2021).<br><strong>Mag\u00ada\u00adzin<\/strong>&nbsp;\u2014 Mag\u00ada\u00adz\u00adin\u00adul online SAMMLER RECBORD oper\u00adat de c\u0103tre Furni\u00adzorul de ser\u00advicii la urm\u0103\u00adtoarea adres\u0103 <a href=\"https:\/\/recbord.com.pl\" data-type=\"URL\" data-id=\"https:\/\/recbord.com.pl\" target=\"_blank\" rel=\"noopener\">https:\/\/recbord.com.pl<\/a><br><strong>Client<\/strong>&nbsp;\u2014 orice per\u00adsoan\u0103 care uti\u00adlizeaz\u0103 ser\u00advi\u00adci\u00adul Newslet\u00adter.<br><strong>Client pri\u00ador\u00adi\u00adtar<\/strong>&nbsp;\u2014 Priv\u00adi\u00adle\u00adgiat pen\u00adtru con\u00adsuma\u00adtori sau \u00eentre\u00adprinderi.<br><strong>Furni\u00adzor de ser\u00advicii<\/strong>&nbsp;\u2014 SAMMLER Sp\u00f3\u0142\u00adka z ogranic\u00adzon\u0105 odpowiedzial\u00adno\u015b\u00adci\u0105 [SAMMLER Soci\u00adetate cu r\u0103spun\u00addere lim\u00adi\u00adtat\u0103] cu sedi\u00adul social \u00een Poz\u00adna\u0144 (61\u2013696), ul. Serb\u00ads\u00adka 17\/6, \u00eenscris\u0103 \u00een Reg\u00adistrul antre\u00adpreno\u00adrilor din Reg\u00adistrul na\u021bion\u00adal al tri\u00adbunalelor \u021bin\u00adut de Tri\u00adbunalul dis\u00adtrict\u00adual Poz\u00adna\u0144 \u2014 Nowe Mias\u00adto \u0219i Wil\u00adda din Poz\u00adna\u0144, Divizia com\u00ader\u00adcial\u0103 VIII a Reg\u00adistru\u00adlui na\u021bion\u00adal al tri\u00adbunalelor, cu num\u0103rul: 0000412881, NIP: 7773224573, REGON: 302060570, cap\u00adi\u00adtal social de 75 000,00 PLN.<br><br><\/p>\n\n\n\n<h3 class=\"wp-block-heading\"><strong>\u00a7 2 Buletin informativ<\/strong><\/h3>\n\n\n\n<ol class=\"wp-block-list\" type=\"1\" start=\"1\">\n<li>Clien\u00adtul poate uti\u00adliza \u00een mod vol\u00adun\u00adtar ser\u00advi\u00adci\u00adul de buletin infor\u00adma\u00adtiv.<\/li>\n\n\n\n<li>Pen\u00adtru a uti\u00adliza ser\u00advi\u00adci\u00adul de buletin infor\u00adma\u00adtiv, este nece\u00adsar un dis\u00adpoz\u00adi\u00adtiv cu un brows\u00ader web \u00een cea mai recen\u00adt\u0103 ver\u00adsi\u00adune, care s\u0103 suporte JavaScript \u0219i cook\u00adie-uri, cu acces la Inter\u00adnet \u0219i un cont de e\u2011mail activ.<\/li>\n\n\n\n<li>E\u2011mailurile trim\u00adise ca parte a aces\u00adtui ser\u00advi\u00adciu vor fi trim\u00adise la adresa de e\u2011mail furniza\u00adt\u0103 de Client la \u00eenscrierea la Bulet\u00adinul infor\u00adma\u00adtiv.<\/li>\n\n\n\n<li>Pen\u00adtru a \u00eencheia un acord \u0219i a se \u00eenscrie la ser\u00advi\u00adci\u00adul de buletin infor\u00adma\u00adtiv, Clien\u00adtul tre\u00adbuie s\u0103 furnizeze \u00een primul pas \u00een Mag\u00ada\u00adzin adresa sa de e\u2011mail la care dore\u0219te s\u0103 primeasc\u0103 mesajele trim\u00adise \u00een cadrul bulet\u00adinu\u00adlui infor\u00adma\u00adtiv. \u00cen momen\u00adtul \u00eenscrierii la Newslet\u00adter, se \u00eencheie un con\u00adtract de ser\u00advicii \u0219i Presta\u00adtorul de ser\u00advicii va \u00eencepe s\u0103 furnizeze ser\u00advi\u00adci\u00adul c\u0103tre Client \u2014 sub rez\u00ader\u00adva sec\u021bi\u00adu\u00adnii 5.<\/li>\n\n\n\n<li>Pen\u00adtru exe\u00adcutarea corec\u00adt\u0103 a ser\u00advi\u00adci\u00adu\u00adlui de buletin infor\u00adma\u00adtiv, Clien\u00adtul este oblig\u00adat s\u0103 furnizeze adresa sa de e\u2011mail corec\u00adt\u0103.<\/li>\n\n\n\n<li>Mesajele trim\u00adise ca parte a bulet\u00adinu\u00adlui infor\u00adma\u00adtiv vor include infor\u00adma\u021bii despre posi\u00adbil\u00adi\u00adtatea de dez\u00adabonare, pre\u00adcum \u0219i un link pen\u00adtru dez\u00adabonare.<\/li>\n\n\n\n<li>Clien\u00adtul se poate dez\u00adabona de la bulet\u00adinul infor\u00adma\u00adtiv, f\u0103r\u0103 a da vre\u00adun motiv sau a supor\u00adta cos\u00adturi, \u00een orice moment, uti\u00adliz\u00e2nd op\u021bi\u00adunea men\u021bion\u00adat\u0103 la punc\u00adtul 6 sau trim\u00adi\u021b\u00e2nd un mesaj la adresa de e\u2011mail a furni\u00adzoru\u00adlui de ser\u00advicii:&nbsp;<a href=\"mailto:sprzedaz@sammler.com.pl\" data-type=\"mailto\" data-id=\"mailto:sprzedaz@sammler.com.pl\">sprzedaz@sammler.com.pl<\/a><\/li>\n\n\n\n<li>\u00cen cazul \u00een care Clien\u00adtul uti\u00adlizeaz\u0103 linkul de dez\u00adabonare din Bulet\u00adinul infor\u00adma\u00adtiv sau trim\u00adite un mesaj prin care solic\u00adit\u0103 dez\u00adabonarea de la Bulet\u00adinul infor\u00adma\u00adtiv, acest lucru va duce la rezilierea ime\u00addi\u00adat\u0103 a con\u00adtrac\u00adtu\u00adlui de furnizare a aces\u00adtui ser\u00advi\u00adciu.<\/li>\n<\/ol>\n\n\n\n<h3 class=\"wp-block-heading\"><strong>\u00a7 3 Pl\u00e2ngeri<\/strong><\/h3>\n\n\n\n<ol class=\"wp-block-list\" type=\"1\" start=\"1\">\n<li>Recla\u00adma\u021bi\u00adile refer\u00adi\u00adtoare la bulet\u00adinul infor\u00adma\u00adtiv tre\u00adbuie s\u0103 fie rapor\u00adtate Furni\u00adzoru\u00adlui de ser\u00advicii la adresa de e\u2011mail:&nbsp;<a href=\"mailto:sprzedaz@sammler.com.pl\" data-type=\"mailto\" data-id=\"mailto:sprzedaz@sammler.com.pl\">sprzedaz@sammler.com.pl<\/a><\/li>\n\n\n\n<li>Furni\u00adzorul de ser\u00advicii va r\u0103spunde la recla\u00adma\u021bie \u00een ter\u00admen de 14 zile de la prim\u00adirea aces\u00adteia.<br><br><strong>PROCEDURI EXTRAJUDICIARE DE PL\u00c2NGERE \u0218I DE RECURS<\/strong><\/li>\n\n\n\n<li>\u00cen cazul \u00een care pro\u00adce\u00addu\u00adra de recla\u00adma\u021bie nu pro\u00adduce rezul\u00adtat\u00adul scon\u00adtat de con\u00adsuma\u00adtorul-client, con\u00adsuma\u00adtorul poate recurge, print\u00adre altele, la:\n<ol class=\"wp-block-list\" type=\"1\" start=\"1\">\n<li>mediere efec\u00adtu\u00adat\u0103 de c\u0103tre Inspec\u00adtorat\u00adul de inspec\u021bie com\u00ader\u00adcial\u0103 al voievo\u00addat\u00adu\u00adlui com\u00adpe\u00adtent la niv\u00adel local, c\u0103ruia tre\u00adbuie s\u0103 i se prez\u00adinte o cerere de mediere. De reg\u00adul\u0103, pro\u00adce\u00addurile sunt gra\u00adtu\u00adite. Lista inspec\u00adtoratelor poate fi con\u00adsul\u00adtat\u0103 aici: <a href=\"https:\/\/www.uokik.gov.pl\/wazne_adresy.php#faq595\" data-type=\"URL\" data-id=\"https:\/\/www.uokik.gov.pl\/wazne_adresy.php#faq595\" target=\"_blank\" rel=\"noopener\">https:\/\/www.uokik.gov.pl\/wazne_adresy.php#faq595<\/a>;<\/li>\n\n\n\n<li>cu aju\u00adtorul instan\u021bei per\u00adma\u00adnente de arbi\u00adtraj pen\u00adtru con\u00adsuma\u00adtori com\u00adpe\u00adtente care func\u021bioneaz\u0103 pe l\u00e2ng\u0103 Inspec\u00adtorat\u00adul provin\u00adcial de inspec\u021bie com\u00ader\u00adcial\u0103, c\u0103reia tre\u00adbuie s\u0103 i se prez\u00adinte o cerere de exam\u00adinare a cazu\u00adlui \u00een fa\u021ba instan\u021bei de arbi\u00adtraj. De reg\u00adul\u0103, pro\u00adce\u00addurile sunt gra\u00adtu\u00adite. O list\u0103 a instan\u021belor este disponi\u00adbil\u0103 la adresa: <a href=\"https:\/\/www.uokik.gov.pl\/wazne_adresy.php#faq596\" data-type=\"URL\" data-id=\"https:\/\/www.uokik.gov.pl\/wazne_adresy.php#faq596\" target=\"_blank\" rel=\"noopener\">https:\/\/www.uokik.gov.pl\/wazne_adresy.php#faq596;<\/a><\/li>\n\n\n\n<li>asis\u00adten\u021b\u0103 gra\u00adtu\u00adit\u0103 din partea ombuds\u00adman\u00adu\u00adlui munic\u00adi\u00adpal sau dis\u00adtrict\u00adual al con\u00adsuma\u00adto\u00adrilor;<\/li>\n\n\n\n<li>Plat\u00adfor\u00adma online a ODR este disponi\u00adbil\u0103 la adresa: <a href=\"https:\/\/ec.europa.eu\/consumers\/odr\/main\/?event=main.home.howitworks\" data-type=\"URL\" data-id=\"https:\/\/ec.europa.eu\/consumers\/odr\/main\/?event=main.home.howitworks\" target=\"_blank\" rel=\"noopener\">https:\/\/ec.europa.eu\/consumers\/odr\/main\/?event=main.home.howitworks<\/a>.<\/li>\n<\/ol>\n<\/li>\n<\/ol>\n\n\n\n<h3 class=\"wp-block-heading\"><strong>\u00a7 4 Date cu caracter personal<\/strong><\/h3>\n\n\n\n<ol class=\"wp-block-list\" type=\"1\" start=\"1\">\n<li>Admin\u00adis\u00adtra\u00adtorul datelor cu car\u00adac\u00adter per\u00adson\u00adal furnizate de c\u0103tre Client \u00een leg\u0103\u00adtur\u0103 cu abonarea la Newslet\u00adter este Furni\u00adzorul de ser\u00advicii. Infor\u00adma\u021bii detal\u00adi\u00adate privind pre\u00adlu\u00adcrarea datelor cu car\u00adac\u00adter per\u00adson\u00adal de c\u0103tre Furni\u00adzorul de ser\u00advicii \u2014 inclu\u00adsiv cele\u00adlalte scop\u00aduri \u0219i motive de pre\u00adlu\u00adcrare a datelor, pre\u00adcum \u0219i des\u00adti\u00adnatarii datelor, pot fi g\u0103site \u00een Polit\u00adi\u00adca de con\u00adfi\u00adden\u021bial\u00adi\u00adtate disponi\u00adbil\u0103 \u00een Mag\u00ada\u00adzin \u2014 datorit\u0103 prin\u00adcip\u00adi\u00adu\u00adlui trans\u00adparen\u021bei con\u021bin\u00adut \u00een Reg\u00adu\u00adla\u00admen\u00adtul gen\u00ader\u00adal privind pro\u00adtec\u021bia datelor al Par\u00adla\u00admen\u00adtu\u00adlui Euro\u00adpean \u0219i al Con\u00adsil\u00adi\u00adu\u00adlui (UE) \u2014 \u201c<strong>RODO<\/strong>\u201d.<\/li>\n\n\n\n<li>Scop\u00adul pre\u00adlu\u00adcr\u0103rii datelor Clien\u00adtu\u00adlui este de a trim\u00adite Bulet\u00adinul infor\u00adma\u00adtiv. Temeiul pre\u00adlu\u00adcr\u0103rii datelor cu car\u00adac\u00adter per\u00adson\u00adal \u00een acest caz este con\u00adtrac\u00adtul de ser\u00advicii sau ac\u021bi\u00adu\u00adnile \u00eentre\u00adprinse la cer\u00aderea Ben\u00ade\u00adfi\u00adcia\u00adru\u00adlui de ser\u00advicii \u00een ved\u00aderea \u00eencheierii aces\u00adtu\u00adia [arti\u00adcolul 6 alin\u00adea\u00adt\u00adul (1) lit\u00adera (b) din RODO], pre\u00adcum \u0219i intere\u00adsul legit\u00adim al Presta\u00adtoru\u00adlui de ser\u00advicii con\u00adst\u00e2nd \u00een pre\u00adlu\u00adcrarea datelor \u00een scop\u00adul sta\u00adbilirii, inves\u00adtig\u0103rii sau ap\u0103r\u0103rii unor even\u00adtuale pre\u00adten\u021bii [arti\u00adcolul 6 alin\u00adea\u00adt\u00adul (1) lit\u00adera (f) din RODO].<\/li>\n\n\n\n<li>Furnizarea de date de c\u0103tre Client este vol\u00adun\u00adtar\u0103, dar \u00een ace\u00adla\u0219i timp nece\u00adsar\u0103 pen\u00adtru a furniza ser\u00advi\u00adci\u00adul de buletin infor\u00adma\u00adtiv. Nefurnizarea datelor \u00eenseam\u00adn\u0103 c\u0103 Furni\u00adzorul de ser\u00advicii nu va fi \u00een m\u0103sur\u0103 s\u0103 furnizeze acest ser\u00advi\u00adciu.<\/li>\n\n\n\n<li>Datele des\u00adti\u00adnataru\u00adlui ser\u00advi\u00adci\u00adu\u00adlui vor fi pre\u00adlu\u00adcrate p\u00e2n\u0103 la:\n<ol class=\"wp-block-list\" type=\"1\" start=\"1\">\n<li>Clien\u00adtul se va dez\u00adabona de la bulet\u00adinul infor\u00adma\u00adtiv;<\/li>\n\n\n\n<li>\u00eenceteaz\u0103 posi\u00adbil\u00adi\u00adtatea Clien\u00adtu\u00adlui sau a Presta\u00adtoru\u00adlui de ser\u00advicii de a for\u00admu\u00adla pre\u00adten\u021bii legate de Bulet\u00adinul infor\u00adma\u00adtiv;<\/li>\n\n\n\n<li>este accep\u00adtat\u0103 obiec\u021bia Clien\u00adtu\u00adlui cu privire la pre\u00adlu\u00adcrarea datelor sale cu car\u00adac\u00adter per\u00adson\u00adal \u2014 \u00een cazul \u00een care pre\u00adlu\u00adcrarea s\u2011a bazat pe intere\u00adsul legit\u00adim al Presta\u00adtoru\u00adlui de ser\u00advicii<\/li>\n<\/ol>\n<\/li>\n<\/ol>\n\n\n\n<p>- ori\u00adcare din\u00adtre aces\u00adtea este aplic\u00ada\u00adbil\u0103 \u00een cazul respec\u00adtiv \u0219i care este cea mai recen\u00adt\u0103.<\/p>\n\n\n\n<ol class=\"wp-block-list\" type=\"1\" start=\"5\">\n<li>Clien\u00adtul are drep\u00adtul de a solici\u00adta:\n<ol class=\"wp-block-list\" type=\"1\" start=\"1\">\n<li>acce\u00adsul la datele lor per\u00adson\u00adale,<\/li>\n\n\n\n<li>rec\u00adti\u00adfi\u00adcarea aces\u00adto\u00adra,<\/li>\n\n\n\n<li>\u0219terg\u00aderi,<\/li>\n\n\n\n<li>lim\u00aditarea pre\u00adlu\u00adcr\u0103rii,<\/li>\n\n\n\n<li>trans\u00adfer\u00adul de date c\u0103tre un alt oper\u00ada\u00adtor<br>pre\u00adcum \u0219i leg\u00adea:<\/li>\n\n\n\n<li>de a se opune \u00een orice moment pre\u00adlu\u00adcr\u0103rii datelor din motive legate de situ\u00ada\u021bia par\u00adtic\u00adu\u00adlar\u0103 a Ben\u00ade\u00adfi\u00adcia\u00adru\u00adlui ser\u00advi\u00adci\u00adu\u00adlui \u2014 la pre\u00adlu\u00adcrarea datelor cu car\u00adac\u00adter per\u00adson\u00adal care \u00eel privesc, \u00een temeiul arti\u00adcolu\u00adlui 6 alin\u00adea\u00adt\u00adul (1) lit\u00adera (f) din RODO (\u0219i anume, pe baza intere\u00adselor legit\u00adime urm\u0103rite de oper\u00ada\u00adtor).<\/li>\n<\/ol>\n<\/li>\n\n\n\n<li>Pen\u00adtru a\u2011\u0219i exerci\u00adta drep\u00adturile, clien\u00adtul tre\u00adbuie s\u0103 con\u00adtacteze furni\u00adzorul de ser\u00advicii.<\/li>\n\n\n\n<li>\u00cen cazul \u00een care des\u00adti\u00adnatarul ser\u00advi\u00adci\u00adu\u00adlui con\u00adsid\u00ader\u0103 c\u0103 datele sale sunt pre\u00adlu\u00adcrate \u00een mod ile\u00adgal, des\u00adti\u00adnatarul ser\u00advi\u00adci\u00adu\u00adlui poate depune o pl\u00e2n\u00adgere la pre\u0219ed\u00adin\u00adtele Autorit\u0103\u021bii pen\u00adtru pro\u00adtec\u021bia datelor.<\/li>\n<\/ol>\n\n\n\n<h3 class=\"wp-block-heading\"><strong>\u00a7 5 Dispozi\u021bii finale<\/strong><\/h3>\n\n\n\n<ol class=\"wp-block-list\" type=\"1\" start=\"1\">\n<li>Furni\u00adzorul de ser\u00advicii \u00ee\u0219i rez\u00aderv\u0103 drep\u00adtul de a mod\u00adi\u00adfi\u00adca ace\u0219ti ter\u00admeni \u0219i condi\u021bii numai din motive impor\u00adtante. Prin motiv impor\u00adtant se \u00een\u021belege nece\u00adsi\u00adtatea mod\u00adi\u00adfic\u0103rii regle\u00admen\u00adt\u0103rilor ca urmare a mod\u00adern\u00adiz\u0103rii ser\u00advi\u00adci\u00adu\u00adlui de buletin infor\u00adma\u00adtiv sau a mod\u00adi\u00adfic\u0103rii regle\u00admen\u00adt\u0103rilor legale care afecteaz\u0103 furnizarea ser\u00advi\u00adci\u00adu\u00adlui de c\u0103tre Furni\u00adzorul de ser\u00advicii.<\/li>\n\n\n\n<li>Infor\u00adma\u021bi\u00adile privind mod\u00adi\u00adfi\u00adcarea plan\u00adi\u00adfi\u00adcat\u0103 a regle\u00admen\u00adt\u0103rilor vor fi trim\u00adise la adresa de e\u2011mail a Clien\u00adtu\u00adlui furniza\u00adt\u0103 \u00een momen\u00adtul \u00eenscrierii la Bulet\u00adinul infor\u00adma\u00adtiv cu cel pu\u021bin 7 zile \u00eenainte de intrarea \u00een vigoare a mod\u00adi\u00adfic\u0103rii.<\/li>\n\n\n\n<li>\u00cen cazul \u00een care ben\u00ade\u00adfi\u00adcia\u00adrul ser\u00advi\u00adci\u00adu\u00adlui nu se opune mod\u00adi\u00adfic\u0103rilor plan\u00adi\u00adfi\u00adcate p\u00e2n\u0103 la data intr\u0103rii \u00een vigoare a aces\u00adto\u00adra, se con\u00adsid\u00ader\u0103 c\u0103 le\u2011a accep\u00adtat.<\/li>\n\n\n\n<li>\u00cen cazul \u00een care clien\u00adtul nu accep\u00adt\u0103 mod\u00adi\u00adfic\u0103rile plan\u00adi\u00adfi\u00adcate, aces\u00adta tre\u00adbuie s\u0103 trim\u00adit\u0103 infor\u00adma\u021bii la adresa de e\u2011mail a furni\u00adzoru\u00adlui de ser\u00advicii:&nbsp;<a href=\"mailto:bok@sammler.com.pl\">bok@sammler.com.pl<\/a>, ceea ce va duce la rezilierea con\u00adtrac\u00adtu\u00adlui de ser\u00advicii atun\u00adci c\u00e2nd mod\u00adi\u00adfic\u0103rile plan\u00adi\u00adfi\u00adcate vor intra \u00een vigoare.<\/li>\n\n\n\n<li>Furnizarea de con\u021bin\u00adut ile\u00adgal de c\u0103tre client este interzis\u0103.<\/li>\n\n\n\n<li>Con\u00adtrac\u00adtul de furnizare a ser\u00advici\u00adilor de buletin infor\u00adma\u00adtiv se \u00eencheie \u00een lim\u00adba polonez\u0103.<\/li>\n\n\n\n<li>\u00cen cazul unui client care nu este un client priv\u00adi\u00adle\u00adgiat, instan\u021ba com\u00adpe\u00adten\u00adt\u0103 va fi instan\u021ba care are juris\u00addic\u021bie asupra sedi\u00adu\u00adlui social al furni\u00adzoru\u00adlui de ser\u00advicii.<\/li>\n<\/ol>","protected":false},"excerpt":{"rendered":"<p>Regulamin newslettera sklepu SAMMLER RECBORD Postanowienia dotycz\u0105ce Przedsi\u0119biorcy uprzywilejowanego maj\u0105 zastosowanie do um\u00f3w zawartych od dnia 1 stycznia 2021 r. SPIS TRE\u015aCI\u00a7 1&nbsp;Definicje\u00a7 2&nbsp;Newsletter\u00a7 3&nbsp;Reklamacje\u00a7 4&nbsp;Dane osobowe\u00a7 5&nbsp;Postanowienia ko\u0144cowe \u00a7 1 DEFINICJE Konsument\u00a0\u2013 konsument w rozumieniu przepis\u00f3w Kodeksu cywilnego.Newsletter\u00a0\u2013 nieodp\u0142atnie \u015bwiadczona drog\u0105 elektroniczn\u0105 us\u0142uga, dzi\u0119ki kt\u00f3rej Us\u0142ugobiorca mo\u017ce otrzymywa\u0107 od Us\u0142ugodawcy drog\u0105 elektroniczn\u0105 uprzednio zam\u00f3wione [&hellip;]<\/p>\n","protected":false},"author":16,"featured_media":272,"parent":0,"menu_order":0,"comment_status":"closed","ping_status":"closed","template":"","meta":{"_acf_changed":false,"wp_typography_post_enhancements_disabled":false,"footnotes":""},"class_list":["post-369","page","type-page","status-publish","has-post-thumbnail","hentry"],"acf":[],"_links":{"self":[{"href":"https:\/\/sammler.com.pl\/ro\/wp-json\/wp\/v2\/pages\/369","targetHints":{"allow":["GET"]}}],"collection":[{"href":"https:\/\/sammler.com.pl\/ro\/wp-json\/wp\/v2\/pages"}],"about":[{"href":"https:\/\/sammler.com.pl\/ro\/wp-json\/wp\/v2\/types\/page"}],"author":[{"embeddable":true,"href":"https:\/\/sammler.com.pl\/ro\/wp-json\/wp\/v2\/users\/16"}],"replies":[{"embeddable":true,"href":"https:\/\/sammler.com.pl\/ro\/wp-json\/wp\/v2\/comments?post=369"}],"version-history":[{"count":0,"href":"https:\/\/sammler.com.pl\/ro\/wp-json\/wp\/v2\/pages\/369\/revisions"}],"wp:featuredmedia":[{"embeddable":true,"href":"https:\/\/sammler.com.pl\/ro\/wp-json\/wp\/v2\/media\/272"}],"wp:attachment":[{"href":"https:\/\/sammler.com.pl\/ro\/wp-json\/wp\/v2\/media?parent=369"}],"curies":[{"name":"wp","href":"https:\/\/api.w.org\/{rel}","templated":true}]}}