{"id":367,"date":"2023-03-13T10:54:14","date_gmt":"2023-03-13T09:54:14","guid":{"rendered":"https:\/\/sammler.uxtivity.com\/?page_id=367"},"modified":"2023-03-13T11:28:10","modified_gmt":"2023-03-13T10:28:10","slug":"regulamin-konta","status":"publish","type":"page","link":"https:\/\/sammler.com.pl\/ro\/reguli-de-cont\/","title":{"rendered":"Ter\u00admeni \u0219i condi\u021bii de cont"},"content":{"rendered":"<h2 class=\"wp-block-heading\">Termeni \u0219i condi\u021bii pentru contul SAMMLER RECBORD<\/h2>\n\n\n\n<p><strong>Dis\u00adpoz\u00adi\u021bi\u00adile refer\u00adi\u00adtoare la \u00centre\u00adprinz\u0103\u00adtorul priv\u00adi\u00adle\u00adgiat se aplic\u0103 con\u00adtractelor \u00eencheiate \u00eencep\u00e2nd cu 1 ian\u00aduar\u00adie 2021.<\/strong><\/p>\n\n\n\n<p><strong>CUPRINS<\/strong><br><strong>\u00a7 1<\/strong>&nbsp;Defini\u021bii<br><strong>\u00a7 2<\/strong>&nbsp;Con\u00adtact cu v\u00e2nz\u0103\u00adtorul<br><strong>\u00a7 3<\/strong>&nbsp;Cer\u00adin\u021be tehnice<br><strong>\u00a7 4<\/strong>&nbsp;Cont<br><strong>\u00a7 5<\/strong>&nbsp;Recla\u00adma\u021bii<br><strong>\u00a7 6<\/strong>&nbsp;Date cu car\u00adac\u00adter per\u00adson\u00adal<br><strong>\u00a7 7<\/strong>&nbsp;Rez\u00aderv\u0103ri<\/p>\n\n\n\n<h3 class=\"wp-block-heading\"><strong>\u00a7 1 DEFINI\u021aII<\/strong><\/h3>\n\n\n\n<p><strong>Con\u00adsuma\u00adtor<\/strong>&nbsp;\u2014 con\u00adsuma\u00adtor \u00een sen\u00adsul Codu\u00adlui civ\u00adil.<br><strong>Cont<\/strong>&nbsp;\u2014 o car\u00adac\u00adter\u00adis\u00adtic\u0103 gra\u00adtu\u00adit\u0103 a Mag\u00ada\u00adz\u00adin\u00adu\u00adlui (ser\u00advi\u00adciu) regle\u00admen\u00adtat\u0103 \u00een ace\u0219ti ter\u00admeni \u0219i condi\u021bii prin care Cump\u0103r\u0103\u00adtorul poate deschide un cont indi\u00advid\u00adual \u00een Mag\u00ada\u00adzin.<br><strong>Cump\u0103r\u0103\u00adtor<\/strong>&nbsp;\u2014 orice per\u00adsoan\u0103 care cump\u0103r\u0103 de la mag\u00ada\u00adzin.<br><strong>Cump\u0103r\u0103\u00adtor pri\u00ador\u00adi\u00adtar<\/strong>&nbsp;\u2014 Priv\u00adi\u00adle\u00adgiat pen\u00adtru con\u00adsuma\u00adtori sau \u00eentre\u00adprinderi.<br><strong>Com\u00ader\u00adciant priv\u00adi\u00adle\u00adgiat<\/strong>&nbsp;\u2014 o per\u00adsoan\u0103 fiz\u00adic\u0103 care \u00eencheie cu v\u00e2nz\u0103\u00adtorul un con\u00adtract care este direct legat de activ\u00adi\u00adtatea sa com\u00ader\u00adcial\u0103, dar care nu are un car\u00adac\u00adter pro\u00adfe\u00adsion\u00adal pen\u00adtru aceas\u00adta (defini\u021bie aplic\u00ada\u00adbil\u0103 con\u00adtractelor \u00eencheiate \u00eencep\u00e2nd cu 1 ian\u00aduar\u00adie 2021).<br><strong>Mag\u00ada\u00adzin<\/strong>&nbsp;\u2014 Mag\u00ada\u00adz\u00adin\u00adul online SAMMLER RECBORD oper\u00adat de c\u0103tre V\u00e2nz\u0103\u00adtor la urm\u0103\u00adtoarea adres\u0103 <a href=\"https:\/\/recbord.com.pl\" data-type=\"URL\" data-id=\"https:\/\/recbord.com.pl\" target=\"_blank\" rel=\"noopener\">https:\/\/recbord.com.pl<\/a><br><strong>V\u00e2nz\u0103\u00adtor<\/strong>&nbsp;\u2014 SAMMLER Sp\u00f3\u0142\u00adka z ogranic\u00adzon\u0105 odpowiedzial\u00adno\u015b\u00adci\u0105 [SAMMLER Soci\u00adetate cu r\u0103spun\u00addere lim\u00adi\u00adtat\u0103] cu sedi\u00adul social \u00een Poz\u00adna\u0144 (61\u2013696), ul. Serb\u00ads\u00adka 17\/6, \u00eenscris\u0103 \u00een Reg\u00adistrul antre\u00adpreno\u00adrilor din Reg\u00adistrul na\u021bion\u00adal al tri\u00adbunalelor \u021bin\u00adut de Tri\u00adbunalul dis\u00adtrict\u00adual Poz\u00adna\u0144 \u2014 Nowe Mias\u00adto \u0219i Wil\u00adda din Poz\u00adna\u0144, Divizia com\u00ader\u00adcial\u0103 VIII a Reg\u00adistru\u00adlui na\u021bion\u00adal al tri\u00adbunalelor, cu num\u0103rul: 0000412881, NIP: 7773224573, REGON: 302060570, cap\u00adi\u00adtal social de 75 000,00 PLN.<\/p>\n\n\n\n<h3 class=\"wp-block-heading\"><strong>\u00a7 2 CONTACTAREA V\u00c2NZ\u0102TORULUI<\/strong><\/h3>\n\n\n\n<ol class=\"wp-block-list\" type=\"1\" start=\"1\">\n<li>Adresa po\u0219\u00adtal\u0103: Rud\u00adni\u00adki 6F, 64\u2013330 Opaleni\u00adca<\/li>\n\n\n\n<li>Adresa de e\u2011mail: <a href=\"mailto:sprzedaz@sammler.com.pl\" data-type=\"mailto\" data-id=\"mailto:sprzedaz@sammler.com.pl\">sprzedaz@sammler.com.pl<\/a><\/li>\n\n\n\n<li>Tele\u00adfon: <a href=\"tel:+4850507249073\" data-type=\"tel\" data-id=\"tel:+48507249073\">+48 507249073<\/a><\/li>\n<\/ol>\n\n\n\n<h3 class=\"wp-block-heading\"><strong>\u00a7 3 CERIN\u021aE TEHNICE<\/strong><\/h3>\n\n\n\n<ol class=\"wp-block-list\" type=\"1\" start=\"1\">\n<li>Pen\u00adtru buna func\u021bionare \u0219i creare a unui Cont, ave\u021bi nevoie de:\n<ul class=\"wp-block-list\">\n<li>cont de e\u2011mail activ<\/li>\n\n\n\n<li>un dis\u00adpoz\u00adi\u00adtiv cu acces la inter\u00adnet<\/li>\n\n\n\n<li>un brows\u00ader web care accep\u00adt\u0103 JavaScript \u0219i cook\u00adie-uri<\/li>\n<\/ul>\n<\/li>\n<\/ol>\n\n\n\n<h3 class=\"wp-block-heading\"><strong>\u00a7 4 CONT<\/strong><\/h3>\n\n\n\n<ol class=\"wp-block-list\" type=\"1\" start=\"1\">\n<li>Crearea unui Cont este \u00een \u00eentregime vol\u00adun\u00adtar\u0103 \u0219i depinde de voin\u021ba Cump\u0103r\u0103\u00adtoru\u00adlui.<\/li>\n\n\n\n<li>Un cont ofer\u0103 Cump\u0103r\u0103\u00adtoru\u00adlui posi\u00adbil\u00adit\u0103\u021bi supli\u00admenta\u00adre, cum ar fi vizualizarea istoricu\u00adlui comen\u00adzilor plasate de Cump\u0103r\u0103\u00adtor \u00een Mag\u00ada\u00adzin, ver\u00adi\u00adfi\u00adcarea statu\u00adtu\u00adlui unei comen\u00adzi sau editarea datelor Cump\u0103r\u0103\u00adtoru\u00adlui.<\/li>\n\n\n\n<li>Pen\u00adtru a crea un Cont, tre\u00adbuie s\u0103 com\u00adple\u00adta\u021bi for\u00admu\u00adla\u00adrul core\u00adspun\u00adz\u0103\u00adtor din Mag\u00ada\u00adzin.<\/li>\n\n\n\n<li>\u00cen momen\u00adtul cre\u0103rii unui cont, se \u00eencheie un con\u00adtract pe o perioad\u0103 nede\u00adter\u00admi\u00adnat\u0103 de timp \u00eentre cump\u0103r\u0103\u00adtor \u0219i v\u00e2nz\u0103\u00adtor pen\u00adtru oper\u00adarea con\u00adtu\u00adlui \u00een ter\u00admenii \u0219i condi\u021bi\u00adile spec\u00adifi\u00adcate \u00een prezen\u00adtul reg\u00adu\u00adla\u00adment.<\/li>\n\n\n\n<li>Cump\u0103r\u0103\u00adtorul poate anu\u00adla con\u00adtul \u00een orice moment f\u0103r\u0103 a supor\u00adta cos\u00adturi.<\/li>\n\n\n\n<li>Pen\u00adtru a anu\u00adla con\u00adtul, tre\u00adbuie s\u0103 trim\u00adite\u021bi anu\u00adlarea dvs. c\u0103tre v\u00e2nz\u0103\u00adtor la adresa de e\u2011mail: sprzedaz@sammler.com.pl, ceea ce va duce la \u0219terg\u00aderea ime\u00addi\u00adat\u0103 a con\u00adtu\u00adlui \u0219i la rezilierea con\u00adtrac\u00adtu\u00adlui de cont.<\/li>\n<\/ol>\n\n\n\n<h3 class=\"wp-block-heading\"><strong>\u00a7 5 PL\u00c2NGERI<\/strong><\/h3>\n\n\n\n<ol class=\"wp-block-list\" type=\"1\" start=\"1\">\n<li>Recla\u00adma\u021bi\u00adile privind func\u021bionarea con\u00adtu\u00adlui tre\u00adbuie adresate la adresa de e\u2011mail: <a href=\"mailto:sprzedaz@sammler.com.pl\" data-type=\"mailto\" data-id=\"mailto:sprzedaz@sammler.com.pl\">sprzedaz@sammler.com.pl<\/a><\/li>\n\n\n\n<li>Recla\u00adma\u021bia va fi solu\u021bion\u00adat\u0103 de c\u0103tre v\u00e2nz\u0103\u00adtor \u00een ter\u00admen de 14 zile.<br><br><strong>PROCEDURI EXTRAJUDICIARE DE PL\u00c2NGERE \u0218I DE RECURS<\/strong><\/li>\n\n\n\n<li>\u00cen cazul \u00een care pro\u00adce\u00addu\u00adra de recla\u00adma\u021bie nu pro\u00adduce rezul\u00adtat\u00adul scon\u00adtat de con\u00adsuma\u00adtor, aces\u00adta poate recurge, print\u00adre altele, la:\n<ol class=\"wp-block-list\" type=\"1\" start=\"1\">\n<li>mediere efec\u00adtu\u00adat\u0103 de c\u0103tre Inspec\u00adtorat\u00adul de inspec\u021bie com\u00ader\u00adcial\u0103 al voievo\u00addat\u00adu\u00adlui com\u00adpe\u00adtent la niv\u00adel local, c\u0103ruia tre\u00adbuie s\u0103 i se prez\u00adinte o cerere de mediere. De reg\u00adul\u0103, pro\u00adce\u00addurile sunt gra\u00adtu\u00adite. Lista inspec\u00adtoratelor poate fi con\u00adsul\u00adtat\u0103 aici: <a href=\"https:\/\/www.uokik.gov.pl\/wazne_adresy.php#faq595\" data-type=\"URL\" data-id=\"https:\/\/www.uokik.gov.pl\/wazne_adresy.php#faq595\" target=\"_blank\" rel=\"noopener\">https:\/\/www.uokik.gov.pl\/wazne_adresy.php#faq595<\/a>;<\/li>\n\n\n\n<li>cu aju\u00adtorul instan\u021bei per\u00adma\u00adnente de arbi\u00adtraj pen\u00adtru con\u00adsuma\u00adtori com\u00adpe\u00adtente care func\u021bioneaz\u0103 pe l\u00e2ng\u0103 Inspec\u00adtorat\u00adul provin\u00adcial de inspec\u021bie com\u00ader\u00adcial\u0103, c\u0103reia tre\u00adbuie s\u0103 i se prez\u00adinte o cerere de exam\u00adinare a cazu\u00adlui \u00een fa\u021ba instan\u021bei de arbi\u00adtraj. De reg\u00adul\u0103, pro\u00adce\u00addurile sunt gra\u00adtu\u00adite. O list\u0103 a instan\u021belor este disponi\u00adbil\u0103 la adresa: <a href=\"https:\/\/www.uokik.gov.pl\/wazne_adresy.php#faq596\" data-type=\"URL\" data-id=\"https:\/\/www.uokik.gov.pl\/wazne_adresy.php#faq596\" target=\"_blank\" rel=\"noopener\">https:\/\/www.uokik.gov.pl\/wazne_adresy.php#faq596;<\/a><\/li>\n\n\n\n<li>asis\u00adten\u021b\u0103 gra\u00adtu\u00adit\u0103 din partea ombuds\u00adman\u00adu\u00adlui munic\u00adi\u00adpal sau dis\u00adtrict\u00adual al con\u00adsuma\u00adto\u00adrilor;<\/li>\n\n\n\n<li>Plat\u00adfor\u00adma online a ODR este disponi\u00adbil\u0103 la adresa: <a href=\"https:\/\/ec.europa.eu\/consumers\/odr\/main\/?event=main.home.howitworks\" data-type=\"URL\" data-id=\"https:\/\/ec.europa.eu\/consumers\/odr\/main\/?event=main.home.howitworks\" target=\"_blank\" rel=\"noopener\">https:\/\/ec.europa.eu\/consumers\/odr\/main\/?event=main.home.howitworks<\/a>.<\/li>\n<\/ol>\n<\/li>\n<\/ol>\n\n\n\n<h3 class=\"wp-block-heading\">\u00a7 6 DATE CU CARACTER PERSONAL<\/h3>\n\n\n\n<ol class=\"wp-block-list\" type=\"1\" start=\"1\">\n<li>Admin\u00adis\u00adtra\u00adtorul datelor cu car\u00adac\u00adter per\u00adson\u00adal furnizate de Cump\u0103r\u0103\u00adtor la uti\u00adlizarea Con\u00adtu\u00adlui este V\u00e2nz\u0103\u00adtorul. Infor\u00adma\u021bii detal\u00adi\u00adate cu privire la pre\u00adlu\u00adcrarea datelor cu car\u00adac\u00adter per\u00adson\u00adal de c\u0103tre V\u00e2nz\u0103\u00adtor \u2014 inclu\u00adsiv alte scop\u00aduri \u0219i motive de pre\u00adlu\u00adcrare a datelor, pre\u00adcum \u0219i des\u00adti\u00adnatarii datelor, pot fi g\u0103site \u00een Polit\u00adi\u00adca de con\u00adfi\u00adden\u021bial\u00adi\u00adtate disponi\u00adbil\u0103 \u00een Mag\u00ada\u00adzin \u2014 datorit\u0103 prin\u00adcip\u00adi\u00adu\u00adlui trans\u00adparen\u021bei, cuprins \u00een Reg\u00adu\u00adla\u00admen\u00adtul gen\u00ader\u00adal al Par\u00adla\u00admen\u00adtu\u00adlui Euro\u00adpean \u0219i al Con\u00adsil\u00adi\u00adu\u00adlui (UE) privind pro\u00adtec\u021bia datelor \u2014 \u201c<strong>RODO<\/strong>\u201d.<\/li>\n\n\n\n<li>Scop\u00adul pre\u00adlu\u00adcr\u0103rii datelor Cump\u0103r\u0103\u00adtoru\u00adlui este de a men\u021bine con\u00adtul. Temeiul pre\u00adlu\u00adcr\u0103rii datelor cu car\u00adac\u00adter per\u00adson\u00adal \u00een acest caz este un con\u00adtract de furnizare a unui ser\u00advi\u00adciu sau ac\u021bi\u00adu\u00adnile \u00eentre\u00adprinse la cer\u00aderea Cump\u0103r\u0103\u00adtoru\u00adlui \u00een ved\u00aderea \u00eencheierii unui ast\u00adfel de con\u00adtract [arti\u00adcolul 6 alin\u00adea\u00adt\u00adul (1) lit\u00adera (b) din RODO], pre\u00adcum \u0219i intere\u00adsul legit\u00adim al V\u00e2nz\u0103\u00adtoru\u00adlui, con\u00adst\u00e2nd \u00een pre\u00adlu\u00adcrarea datelor \u00een scop\u00adul sta\u00adbilirii, inves\u00adtig\u0103rii sau ap\u0103r\u0103rii unor even\u00adtuale pre\u00adten\u021bii [arti\u00adcolul 6 alin\u00adea\u00adt\u00adul (1) lit\u00adera (f) din RODO].<\/li>\n\n\n\n<li>Furnizarea de date de c\u0103tre Cump\u0103r\u0103\u00adtor este vol\u00adun\u00adtar\u0103, dar \u00een ace\u00adla\u0219i timp nece\u00adsar\u0103 pen\u00adtru a men\u021bine con\u00adtul. Nefurnizarea datelor \u00eenseam\u00adn\u0103 c\u0103 V\u00e2nz\u0103\u00adtorul nu va fi \u00een m\u0103sur\u0103 s\u0103 furnizeze ser\u00advi\u00adci\u00adul Cont.<\/li>\n\n\n\n<li>Datele Cump\u0103r\u0103\u00adtoru\u00adlui vor fi pre\u00adlu\u00adcrate p\u00e2n\u0103 la:\n<ol class=\"wp-block-list\" type=\"1\" start=\"1\">\n<li>Con\u00adtul va fi \u0219ters de c\u0103tre v\u00e2nz\u0103\u00adtor la cer\u00aderea cump\u0103r\u0103\u00adtoru\u00adlui.<\/li>\n\n\n\n<li>posi\u00adbil\u00adi\u00adtatea ca Cump\u0103r\u0103\u00adtorul sau V\u00e2nz\u0103\u00adtorul s\u0103 for\u00admuleze pre\u00adten\u021bii legate de cont \u00eenceteaz\u0103;<\/li>\n\n\n\n<li>este accep\u00adtat\u0103 obiec\u021bia Cump\u0103r\u0103\u00adtoru\u00adlui cu privire la pre\u00adlu\u00adcrarea datelor sale cu car\u00adac\u00adter per\u00adson\u00adal \u2014 \u00een cazul \u00een care baza pre\u00adlu\u00adcr\u0103rii datelor a fost intere\u00adsul legit\u00adim al V\u00e2nz\u0103\u00adtoru\u00adlui<\/li>\n<\/ol>\n<\/li>\n<\/ol>\n\n\n\n<p>- ori\u00adcare din\u00adtre aces\u00adtea este aplic\u00ada\u00adbil\u0103 \u00een cazul respec\u00adtiv \u0219i care este cea mai recen\u00adt\u0103.<\/p>\n\n\n\n<ol class=\"wp-block-list\" type=\"1\" start=\"5\">\n<li>Cump\u0103r\u0103\u00adtorul are drep\u00adtul de a cere:\n<ol class=\"wp-block-list\" type=\"1\" start=\"1\">\n<li>acce\u00adsul la datele lor per\u00adson\u00adale,<\/li>\n\n\n\n<li>rec\u00adti\u00adfi\u00adcarea aces\u00adto\u00adra,<\/li>\n\n\n\n<li>\u0219terg\u00aderi,<\/li>\n\n\n\n<li>lim\u00aditarea pre\u00adlu\u00adcr\u0103rii,<\/li>\n\n\n\n<li>trans\u00adfer\u00adul de date c\u0103tre un alt oper\u00ada\u00adtor<br>pre\u00adcum \u0219i leg\u00adea:<\/li>\n\n\n\n<li>de a se opune \u00een orice moment pre\u00adlu\u00adcr\u0103rii datelor din motive legate de situ\u00ada\u021bia par\u00adtic\u00adu\u00adlar\u0103 a Cump\u0103r\u0103\u00adtoru\u00adlui \u2014 la pre\u00adlu\u00adcrarea datelor cu car\u00adac\u00adter per\u00adson\u00adal care \u00eel privesc \u00een temeiul arti\u00adcolu\u00adlui 6 alin\u00adea\u00adt\u00adul (1) lit\u00adera (f) din RODO (\u0219i anume, pe baza intere\u00adselor legit\u00adime urm\u0103rite de oper\u00ada\u00adtor).<\/li>\n<\/ol>\n<\/li>\n\n\n\n<li>Pen\u00adtru a\u2011\u0219i exerci\u00adta drep\u00adturile, cump\u0103r\u0103\u00adtorul tre\u00adbuie s\u0103 con\u00adtacteze v\u00e2nz\u0103\u00adtorul.<\/li>\n\n\n\n<li>\u00cen cazul \u00een care cump\u0103r\u0103\u00adtorul con\u00adsid\u00ader\u0103 c\u0103 datele sale sunt pre\u00adlu\u00adcrate \u00een mod ile\u00adgal, cump\u0103r\u0103\u00adtorul poate depune o pl\u00e2n\u00adgere la pre\u0219ed\u00adin\u00adtele Autorit\u0103\u021bii pen\u00adtru pro\u00adtec\u021bia datelor cu car\u00adac\u00adter per\u00adson\u00adal.<\/li>\n<\/ol>\n\n\n\n<h3 class=\"wp-block-heading\"><strong>\u00a7 7 REZERVE<\/strong><\/h3>\n\n\n\n<ol class=\"wp-block-list\" type=\"1\" start=\"1\">\n<li>Furnizarea de con\u021bin\u00adut ile\u00adgal de c\u0103tre cump\u0103r\u0103\u00adtor este interzis\u0103.<\/li>\n\n\n\n<li>Con\u00adtrac\u00adtul de cont se \u00eencheie \u00een lim\u00adba polonez\u0103.<\/li>\n\n\n\n<li>\u00cen cazul \u00een care exist\u0103 motive \u00eente\u00admeiate, ast\u00adfel cum se men\u021bioneaz\u0103 la alin\u00adea\u00adt\u00adul (4), v\u00e2nz\u0103\u00adtorul are drep\u00adtul de a mod\u00adi\u00adfi\u00adca prezen\u00adtele reg\u00aduli de cont.<\/li>\n\n\n\n<li>Motivele val\u00ada\u00adbile men\u021bion\u00adate la alin\u00adea\u00adt\u00adul (3) sunt:\n<ol class=\"wp-block-list\" type=\"1\" start=\"1\">\n<li>nece\u00adsi\u00adtatea de a adap\u00adta mag\u00ada\u00adz\u00adin\u00adul la dis\u00adpoz\u00adi\u021bi\u00adile legale aplic\u00ada\u00adbile func\u021bion\u0103rii sale<\/li>\n\n\n\n<li>\u00eembun\u0103t\u0103\u021birea secu\u00adrit\u0103\u021bii ser\u00advi\u00adci\u00adu\u00adlui furnizat<\/li>\n\n\n\n<li>o mod\u00adi\u00adfi\u00adcare a func\u021bion\u00adal\u00adit\u0103\u021bii con\u00adtu\u00adlui care nece\u00adsit\u0103 o mod\u00adi\u00adfi\u00adcare a reg\u00adulilor con\u00adtu\u00adlui.<\/li>\n<\/ol>\n<\/li>\n\n\n\n<li>Cump\u0103r\u0103\u00adtorul este infor\u00admat cu privire la o mod\u00adi\u00adfi\u00adcare plan\u00adi\u00adfi\u00adcat\u0103 a regle\u00admen\u00adt\u0103rilor con\u00adtu\u00adlui cu cel pu\u021bin 7 zile \u00eenainte de intrarea \u00een vigoare a mod\u00adi\u00adfic\u0103rii prin inter\u00admedi\u00adul unui e\u2011mail trim\u00adis la adresa atribuit\u0103 con\u00adtu\u00adlui.<\/li>\n\n\n\n<li>\u00cen cazul \u00een care cump\u0103r\u0103\u00adtorul nu este de acord cu mod\u00adi\u00adfi\u00adcarea plan\u00adi\u00adfi\u00adcat\u0103, aces\u00adta tre\u00adbuie s\u0103 informeze v\u00e2nz\u0103\u00adtorul prin trim\u00aditerea unui mesaj core\u00adspun\u00adz\u0103\u00adtor la adresa de e\u2011mail a v\u00e2nz\u0103\u00adtoru\u00adlui. <a href=\"mailto:sprzedaz@sammler.com.pl\" data-type=\"mailto\" data-id=\"mailto:sprzedaz@sammler.com.pl\">sprzedaz@sammler.com.pl<\/a>care va avea ca rezul\u00adtat rezilierea acor\u00addu\u00adlui privind con\u00adtul de la data intr\u0103rii \u00een vigoare a mod\u00adi\u00adfic\u0103rii plan\u00adi\u00adfi\u00adcate sau mai devreme, dac\u0103 cump\u0103r\u0103\u00adtorul solic\u00adit\u0103 acest lucru.<\/li>\n\n\n\n<li>\u00cen cazul \u00een care cump\u0103r\u0103\u00adtorul nu se opune mod\u00adi\u00adfic\u0103rii plan\u00adi\u00adfi\u00adcate p\u00e2n\u0103 la data intr\u0103rii \u00een vigoare a aces\u00adteia, se con\u00adsid\u00ader\u0103 c\u0103 a acceptat\u2011o, ceea ce nu con\u00adsti\u00adtu\u00adie un obsta\u00adcol \u00een calea rezilierii viitoare a con\u00adtrac\u00adtu\u00adlui.<\/li>\n\n\n\n<li>\u00cen cazul unui even\u00adtu\u00adal litigiu cu un cump\u0103r\u0103\u00adtor care nu este un cump\u0103r\u0103\u00adtor pri\u00ador\u00adi\u00adtar, instan\u021ba com\u00adpe\u00adten\u00adt\u0103 este cea de la sedi\u00adul social al v\u00e2nz\u0103\u00adtoru\u00adlui.<\/li>\n<\/ol>","protected":false},"excerpt":{"rendered":"<p>Regulamin konta w sklepie SAMMLER RECBORD Postanowienia dotycz\u0105ce Przedsi\u0119biorcy uprzywilejowanego maj\u0105 zastosowanie do um\u00f3w zawartych od dnia 1 stycznia 2021 r. SPIS TRE\u015aCI\u00a7 1&nbsp;Definicje\u00a7 2&nbsp;Kontakt ze Sprzedawc\u0105\u00a7 3&nbsp;Wymogi techniczne\u00a7 4&nbsp;Konto\u00a7 5&nbsp;Reklamacje\u00a7 6&nbsp;Dane osobowe\u00a7 7&nbsp;Zastrze\u017cenia \u00a7 1 DEFINICJE Konsument\u00a0\u2013 konsument w rozumieniu przepis\u00f3w Kodeksu cywilnego.Konto\u00a0\u2013 uregulowana w niniejszym regulaminie nieodp\u0142atna funkcja Sklepu (us\u0142uga), dzi\u0119ki kt\u00f3rej Kupuj\u0105cy [&hellip;]<\/p>\n","protected":false},"author":16,"featured_media":272,"parent":0,"menu_order":0,"comment_status":"closed","ping_status":"closed","template":"","meta":{"_acf_changed":false,"wp_typography_post_enhancements_disabled":false,"footnotes":""},"class_list":["post-367","page","type-page","status-publish","has-post-thumbnail","hentry"],"acf":[],"_links":{"self":[{"href":"https:\/\/sammler.com.pl\/ro\/wp-json\/wp\/v2\/pages\/367","targetHints":{"allow":["GET"]}}],"collection":[{"href":"https:\/\/sammler.com.pl\/ro\/wp-json\/wp\/v2\/pages"}],"about":[{"href":"https:\/\/sammler.com.pl\/ro\/wp-json\/wp\/v2\/types\/page"}],"author":[{"embeddable":true,"href":"https:\/\/sammler.com.pl\/ro\/wp-json\/wp\/v2\/users\/16"}],"replies":[{"embeddable":true,"href":"https:\/\/sammler.com.pl\/ro\/wp-json\/wp\/v2\/comments?post=367"}],"version-history":[{"count":0,"href":"https:\/\/sammler.com.pl\/ro\/wp-json\/wp\/v2\/pages\/367\/revisions"}],"wp:featuredmedia":[{"embeddable":true,"href":"https:\/\/sammler.com.pl\/ro\/wp-json\/wp\/v2\/media\/272"}],"wp:attachment":[{"href":"https:\/\/sammler.com.pl\/ro\/wp-json\/wp\/v2\/media?parent=367"}],"curies":[{"name":"wp","href":"https:\/\/api.w.org\/{rel}","templated":true}]}}