{"id":414,"date":"2023-03-22T15:02:08","date_gmt":"2023-03-22T14:02:08","guid":{"rendered":"https:\/\/sammler.uxtivity.com\/?post_type=product&#038;p=414"},"modified":"2025-05-14T08:19:15","modified_gmt":"2025-05-14T06:19:15","slug":"kotwa-recbord-g-pin-20","status":"publish","type":"product","link":"https:\/\/sammler.com.pl\/en\/product\/anchor-record-g-pin-20\/","title":{"rendered":"RecBord G\u2011PIN 20 anchor peg"},"content":{"rendered":"<p class=\"margin-bottom margin-small\">Plas\u00adtic anchors are an excel\u00adlent alter\u00adna\u00adtive to tra\u00addi\u00adtion\u00adal ways of fix\u00ading agro-tex\u00adtile or agro-tex\u00adtile to the ground. These pegs are par\u00adtic\u00adu\u00adlar\u00adly help\u00adful dur\u00ading strong winds when spread\u00ading the fab\u00adric on the ground is dif\u00adfi\u00adcult. The addi\u00adtion\u00adal teeth on the peg pro\u00advide sta\u00adbil\u00adi\u00adty and pre\u00advent it from slip\u00adping out of the ground.The large diam\u00ade\u00adter of the head of the ground anchors ensures that the prod\u00aduct to be fixed is firm\u00adly pressed into the ground, effec\u00adtive\u00adly pre\u00advent\u00ading it from lift\u00ading and mov\u00ading. The sharp ends of the dow\u00adel allow thick lay\u00aders of agro-tex\u00adtile or nurs\u00adery mat\u00adting to be cut eas\u00adi\u00adly and safe\u00adly, with\u00adout the need for a knife.<\/p>\n<p>Anchor fea\u00adtures:<\/p>\n<ul>\n<li>ensure that the mate\u00adr\u00adi\u00adal to be attached adheres secure\u00adly to the sub\u00adstrate and can be used for many years and repeat\u00aded\u00adly<\/li>\n<li>are sharply point\u00aded and have a large head diam\u00ade\u00adter, which makes them much eas\u00adi\u00ader to dri\u00adve into the ground<\/li>\n<li>have addi\u00adtion\u00adal teeth which effec\u00adtive\u00adly pre\u00advent slip\u00adping out of place<\/li>\n<li>are weath\u00ader\u00adproof \u2014 best price\/quality<\/li>\n<\/ul>","protected":false},"excerpt":{"rendered":"<p>Plastikowe kotwy stanowi\u0105 doskona\u0142\u0105 alternatyw\u0119 dla tradycyjnych sposob\u00f3w mocowania agrow\u0142\u00f3kniny czy agrotkaniny do pod\u0142o\u017ca. Ko\u0142ki te s\u0105 szczeg\u00f3lnie pomocne podczas silnego wiatru, gdy rozk\u0142adanie tkaniny na pod\u0142o\u017cu jest utrudnione. Dodatkowe z\u0105bki na ko\u0142ku zapewniaj\u0105 stabilno\u015b\u0107 i zabezpieczaj\u0105 przed wysuni\u0119ciem si\u0119 z pod\u0142o\u017ca.Du\u017ca \u015brednica g\u0142\u00f3wki kotew gruntowych zapewnia solidne dociskanie mocowanego produktu do pod\u0142o\u017ca, co skutecznie [&hellip;]<\/p>\n","protected":false},"featured_media":419,"template":"","meta":{"_acf_changed":false,"wp_typography_post_enhancements_disabled":false},"product_brand":[],"product_cat":[82,38],"product_tag":[48,35],"class_list":{"0":"post-414","1":"product","2":"type-product","3":"status-publish","4":"has-post-thumbnail","6":"product_cat-kotwy","7":"product_cat-piny","8":"product_tag-48","9":"product_tag-obrzeza-ogrodowe","11":"first","12":"instock","13":"taxable","14":"shipping-taxable","15":"purchasable","16":"product-type-variable","17":"has-default-attributes"},"acf":[],"_links":{"self":[{"href":"https:\/\/sammler.com.pl\/en\/wp-json\/wp\/v2\/product\/414","targetHints":{"allow":["GET"]}}],"collection":[{"href":"https:\/\/sammler.com.pl\/en\/wp-json\/wp\/v2\/product"}],"about":[{"href":"https:\/\/sammler.com.pl\/en\/wp-json\/wp\/v2\/types\/product"}],"wp:featuredmedia":[{"embeddable":true,"href":"https:\/\/sammler.com.pl\/en\/wp-json\/wp\/v2\/media\/419"}],"wp:attachment":[{"href":"https:\/\/sammler.com.pl\/en\/wp-json\/wp\/v2\/media?parent=414"}],"wp:term":[{"taxonomy":"product_brand","embeddable":true,"href":"https:\/\/sammler.com.pl\/en\/wp-json\/wp\/v2\/product_brand?post=414"},{"taxonomy":"product_cat","embeddable":true,"href":"https:\/\/sammler.com.pl\/en\/wp-json\/wp\/v2\/product_cat?post=414"},{"taxonomy":"product_tag","embeddable":true,"href":"https:\/\/sammler.com.pl\/en\/wp-json\/wp\/v2\/product_tag?post=414"}],"curies":[{"name":"wp","href":"https:\/\/api.w.org\/{rel}","templated":true}]}}