{"id":394,"date":"2023-03-21T16:12:08","date_gmt":"2023-03-21T15:12:08","guid":{"rendered":"https:\/\/sammler.uxtivity.com\/?post_type=product&#038;p=394"},"modified":"2025-10-14T09:15:51","modified_gmt":"2025-10-14T07:15:51","slug":"kratka-parkingowa-recroad","status":"publish","type":"product","link":"https:\/\/sammler.com.pl\/en\/product\/grille-parking-recroad\/","title":{"rendered":"RecRoad S5 Eco Park\u00ading Grille"},"content":{"rendered":"<p>RecRoad\u00ad\u2019s eco park\u00ading grat\u00ading effec\u00adtive\u00adly sta\u00adbilis\u00ades the ground. It is an excel\u00adlent replace\u00adment for paving stones, flag\u00adstones and oth\u00ader types of paved sur\u00adface.<\/p>\n<p>&nbsp;<\/p>\n<p>The sur\u00adface of the RecRoad eco-park\u00ading grat\u00ading is a bio\u00adlog\u00adi\u00adcal\u00adly active sur\u00adface in the 87%. This makes the grat\u00ading per\u00adfect\u00adly com\u00adpat\u00adi\u00adble with any type of land\u00adscap\u00ading, opti\u00admis\u00ading aggre\u00adgate con\u00adsump\u00adtion and remain\u00ading in line with eco-friend\u00adly trends.<\/p>\n<p class=\"margin-top margin-small\"><strong>Bio\u00adlog\u00adi\u00adcal\u00adly active sur\u00adface<\/strong><\/p>\n<p class=\"margin-top margin-xsmall\"><span style=\"font-weight: 400;\">Bio\u00adlog\u00adi\u00adcal\u00adly active sur\u00adfaces are used in a vari\u00adety of con\u00adtexts, such as urban parks, pub\u00adlic gar\u00addens, but also on pri\u00advate prop\u00ader\u00adties. Their design requires con\u00adsid\u00ader\u00ada\u00adtion of local cli\u00admat\u00adic con\u00addi\u00adtions, soil type and the aes\u00adthet\u00adic and func\u00adtion\u00adal pref\u00ader\u00adences of the users. Today, bio\u00adlog\u00adi\u00adcal\u00adly active sur\u00adfaces are part of the sus\u00adtain\u00adable design of pub\u00adlic and pri\u00advate spaces. RecRoad park\u00ading and lawn grids are a great alter\u00adna\u00adtive to paving blocks, paving slabs and open\u00adwork .<\/span><\/p>\n<p>&nbsp;<\/p>\n<p>Why it\u2019s worth it:<\/p>\n<ul>\n<li>It pro\u00adtects against over\u00adex\u00adploita\u00adtion of the ground and makes it much eas\u00adi\u00ader to lev\u00adel the ground.<\/li>\n<li>It is cre\u00adat\u00aded from recy\u00adcled mate\u00adri\u00adals that are non-tox\u00adic to the envi\u00adron\u00adment.<\/li>\n<li>Extreme\u00adly pres\u00adsure-resis\u00adtant and resis\u00adtant to exter\u00adnal influ\u00adences (high and low tem\u00adper\u00ada\u00adtures, chem\u00adi\u00adcals).<\/li>\n<li>Easy to assem\u00adble and dis\u00adman\u00adtle.<\/li>\n<li>Aes\u00adthet\u00adi\u00adcal\u00adly pleas\u00ading, so that it sim\u00adply looks nice.<\/li>\n<\/ul>","protected":false},"excerpt":{"rendered":"<p>Eko Kratka parkingowa RecRoad skutecznie stabilizuje grunt. \u015awietnie zast\u0119puje kostk\u0119 brukow\u0105, p\u0142yty chodnikowe i inne typy nawierzchni utwardzonej. &nbsp; Powierzchnia eko kraty parkingowej RecRoad to w 87% nawierzchnia biologicznie czynna. Dzi\u0119ki temu kratka doskonale wkomponowuje si\u0119 w ka\u017cdy rodzaj zagospodarowania przestrzennego, optymalizuj\u0105c zu\u017cycie kruszywa i pozostaj\u0105c w zgodzie z proekologicznymi trendami. Nawierzchnia Biologicznie Czynna Nawierzchnie [&hellip;]<\/p>\n","protected":false},"featured_media":1030,"template":"","meta":{"_acf_changed":false,"wp_typography_post_enhancements_disabled":false},"product_brand":[],"product_cat":[71,74,73,72,44,56],"product_tag":[48,35],"class_list":{"0":"post-394","1":"product","2":"type-product","3":"status-publish","4":"has-post-thumbnail","6":"product_cat-kratki","7":"product_cat-kratki-na-podjazd","8":"product_cat-kratki-ogrodowe","9":"product_cat-kratki-parkingowe","10":"product_cat-kratki-trawnikowe","11":"product_cat-kratki-zabezpieczajace-powierzchnie","12":"product_tag-48","13":"product_tag-obrzeza-ogrodowe","15":"first","16":"instock","17":"taxable","18":"shipping-taxable","19":"purchasable","20":"product-type-simple"},"acf":[],"_links":{"self":[{"href":"https:\/\/sammler.com.pl\/en\/wp-json\/wp\/v2\/product\/394","targetHints":{"allow":["GET"]}}],"collection":[{"href":"https:\/\/sammler.com.pl\/en\/wp-json\/wp\/v2\/product"}],"about":[{"href":"https:\/\/sammler.com.pl\/en\/wp-json\/wp\/v2\/types\/product"}],"wp:featuredmedia":[{"embeddable":true,"href":"https:\/\/sammler.com.pl\/en\/wp-json\/wp\/v2\/media\/1030"}],"wp:attachment":[{"href":"https:\/\/sammler.com.pl\/en\/wp-json\/wp\/v2\/media?parent=394"}],"wp:term":[{"taxonomy":"product_brand","embeddable":true,"href":"https:\/\/sammler.com.pl\/en\/wp-json\/wp\/v2\/product_brand?post=394"},{"taxonomy":"product_cat","embeddable":true,"href":"https:\/\/sammler.com.pl\/en\/wp-json\/wp\/v2\/product_cat?post=394"},{"taxonomy":"product_tag","embeddable":true,"href":"https:\/\/sammler.com.pl\/en\/wp-json\/wp\/v2\/product_tag?post=394"}],"curies":[{"name":"wp","href":"https:\/\/api.w.org\/{rel}","templated":true}]}}