{"id":211,"date":"2023-02-07T16:42:09","date_gmt":"2023-02-07T15:42:09","guid":{"rendered":"https:\/\/sammler.uxtivity.com\/?post_type=product&#038;p=211"},"modified":"2024-08-06T15:21:07","modified_gmt":"2024-08-06T13:21:07","slug":"obrzeza-ogrodowe-78-mm","status":"publish","type":"product","link":"https:\/\/sammler.com.pl\/en\/product\/edging-garden-78-mm\/","title":{"rendered":"Gar\u00adden edg\u00ading 78 mm \u2014 4 pieces (pack)"},"content":{"rendered":"<p class=\"margin-bottom margin-small\">Edg\u00ading <strong>RecBord 78<\/strong> is designed for the cre\u00adation of alleys and paths in gar\u00addens. <strong>RecBord 78<\/strong> are most com\u00admon\u00adly used to sep\u00ada\u00adrate lawn from grit or bark. Thanks to the use of gar\u00adden edg\u00ading next to sur\u00adfaces made of con\u00adcrete ele\u00adments, e.g. cob\u00adble\u00adstones, paving slabs, we cre\u00adate a uni\u00adform and sta\u00adble sur\u00adface, pro\u00adtect\u00aded against slid\u00ading. The edg\u00ading works well both in the gar\u00adden and in pub\u00adlic places.<\/p>\n<p>Lawn edg\u00ading is made of plas\u00adtic obtained in <strong>100% from RECYCLING<\/strong>. As a result, they are flex\u00adi\u00adble, mak\u00ading it pos\u00adsi\u00adble to shape straight lines as well as curves and angles.<\/p>","protected":false},"excerpt":{"rendered":"<p>Obrze\u017ce RecBord 78 jest przeznaczone do wydzielania alejek oraz \u015bcie\u017cek w ogrodach. RecBord 78 najcz\u0119\u015bciej stosuje si\u0119 do oddzielenia trawnika od grysu lub kory. Dzi\u0119ki zastosowaniu obrze\u017cy ogrodowych przy nawierzchniach z element\u00f3w betonowych np. kostka brukowa, p\u0142yta chodnikowa, tworzymy jednolit\u0105 i stabiln\u0105 powierzchni\u0119, zabezpieczon\u0105 przed rozsuwaniem si\u0119. Obrze\u017ca sprawdzaj\u0105 si\u0119 zar\u00f3wno w ogrodzie jak i [&hellip;]<\/p>\n","protected":false},"featured_media":448,"template":"","meta":{"_acf_changed":false,"wp_typography_post_enhancements_disabled":false},"product_brand":[],"product_cat":[37],"product_tag":[48,35],"class_list":{"0":"post-211","1":"product","2":"type-product","3":"status-publish","4":"has-post-thumbnail","6":"product_cat-obrzeza","7":"product_tag-48","8":"product_tag-obrzeza-ogrodowe","10":"first","11":"instock","12":"taxable","13":"shipping-taxable","14":"purchasable","15":"product-type-simple"},"acf":[],"_links":{"self":[{"href":"https:\/\/sammler.com.pl\/en\/wp-json\/wp\/v2\/product\/211","targetHints":{"allow":["GET"]}}],"collection":[{"href":"https:\/\/sammler.com.pl\/en\/wp-json\/wp\/v2\/product"}],"about":[{"href":"https:\/\/sammler.com.pl\/en\/wp-json\/wp\/v2\/types\/product"}],"wp:featuredmedia":[{"embeddable":true,"href":"https:\/\/sammler.com.pl\/en\/wp-json\/wp\/v2\/media\/448"}],"wp:attachment":[{"href":"https:\/\/sammler.com.pl\/en\/wp-json\/wp\/v2\/media?parent=211"}],"wp:term":[{"taxonomy":"product_brand","embeddable":true,"href":"https:\/\/sammler.com.pl\/en\/wp-json\/wp\/v2\/product_brand?post=211"},{"taxonomy":"product_cat","embeddable":true,"href":"https:\/\/sammler.com.pl\/en\/wp-json\/wp\/v2\/product_cat?post=211"},{"taxonomy":"product_tag","embeddable":true,"href":"https:\/\/sammler.com.pl\/en\/wp-json\/wp\/v2\/product_tag?post=211"}],"curies":[{"name":"wp","href":"https:\/\/api.w.org\/{rel}","templated":true}]}}