{"id":1500,"date":"2024-08-21T00:33:35","date_gmt":"2024-08-20T22:33:35","guid":{"rendered":"https:\/\/sammler.com.pl\/?post_type=product&#038;p=1500"},"modified":"2026-01-27T14:14:50","modified_gmt":"2026-01-27T13:14:50","slug":"agrowloknina-80g-m%c2%b2-brazowa-32-m-z-uv","status":"publish","type":"product","link":"https:\/\/sammler.com.pl\/en\/product\/agroblock-80g-m\u00b2-brown-32-m-with-uv\/","title":{"rendered":"Agro-tex\u00adtile 80g\/m\u00b2 brown 3.2 m with UV"},"content":{"rendered":"<h2 style=\"font-size: 1em; margin: 10px auto;\">Advantages of using brown agro fleece for mulching<\/h2>\n<p>Agro\u00adtex\u00adtile 80g\/m\u00b2 brown 3,2 m with UV is the ide\u00adal mulching solu\u00adtion offered by our com\u00adpa\u00adny Samm\u00adler. By using this prod\u00aduct, you can effec\u00adtive\u00adly pro\u00adtect the soil from unwant\u00aded weeds, thus reduc\u00ading the time and effort spent on remov\u00ading them. The agro-tex\u00adtile keeps the soil at the opti\u00admum mois\u00adture lev\u00adel, which is cru\u00adcial for the healthy growth of your plants. In addi\u00adtion, it sup\u00adports their root sys\u00adtem, strength\u00aden\u00ading it and allow\u00ading deep\u00ader root\u00ading, which in turn enhances their devel\u00adop\u00adment. Anoth\u00ader ben\u00ade\u00adfit is that it improves the aes\u00adthet\u00adics of your gar\u00adden \u2014 the agro-tex\u00adtile gives it a neat, tidy look that is sure to be appre\u00adci\u00adat\u00aded by any nature lover. The prod\u00aduct allows water and air to pass through, which is impor\u00adtant for a healthy root envi\u00adron\u00adment. In addi\u00adtion, the 80g\/m\u00b2 brown agro-tex\u00adtile 3.2 m with UV is char\u00adac\u00adterised by its high dura\u00adbil\u00adi\u00adty and UV resis\u00adtance, which means it will last for a long time. Take advan\u00adtage of our offer and choose 80g\/m\u00b2 brown agro-tex\u00adtile 3,2 m with UV to enjoy a beau\u00adti\u00adful and well-kept gar\u00adden.<\/p>","protected":false},"excerpt":{"rendered":"<p>Zalety stosowania agrow\u0142\u00f3kniny br\u0105zowej do \u015bci\u00f3\u0142kowania Agrow\u0142\u00f3knina 80g\/m\u00b2 br\u0105zowa 3,2 m z UV to idealne rozwi\u0105zanie do \u015bci\u00f3\u0142kowania, oferowane przez nasz\u0105 firm\u0119 Sammler. Dzi\u0119ki zastosowaniu tego produktu mo\u017cesz skutecznie chroni\u0107 gleb\u0119 przed niechcianymi chwastami, co pozwala na zmniejszenie czasu i wysi\u0142ku po\u015bwi\u0119canego na ich usuwanie. Agrow\u0142\u00f3knina utrzymuje optymalny poziom wilgotno\u015bci gleby, co ma kluczowe znaczenie [&hellip;]<\/p>\n","protected":false},"featured_media":1691,"template":"","meta":{"_acf_changed":false,"wp_typography_post_enhancements_disabled":false},"product_brand":[],"product_cat":[57,68,70,67,69],"product_tag":[],"class_list":{"0":"post-1500","1":"product","2":"type-product","3":"status-publish","4":"has-post-thumbnail","6":"product_cat-agrowloknina","7":"product_cat-agrowloknina-pod-kamienie","8":"product_cat-agrowloknina-pod-rosliny","9":"product_cat-agrowloknina-przeciw-chwastom","10":"product_cat-agrowloknina-sciolkujaca","11":"pa_gramatura-agrowloknina-p-80","13":"first","14":"instock","15":"taxable","16":"shipping-taxable","17":"purchasable","18":"product-type-variable","19":"has-default-attributes"},"acf":[],"_links":{"self":[{"href":"https:\/\/sammler.com.pl\/en\/wp-json\/wp\/v2\/product\/1500","targetHints":{"allow":["GET"]}}],"collection":[{"href":"https:\/\/sammler.com.pl\/en\/wp-json\/wp\/v2\/product"}],"about":[{"href":"https:\/\/sammler.com.pl\/en\/wp-json\/wp\/v2\/types\/product"}],"wp:featuredmedia":[{"embeddable":true,"href":"https:\/\/sammler.com.pl\/en\/wp-json\/wp\/v2\/media\/1691"}],"wp:attachment":[{"href":"https:\/\/sammler.com.pl\/en\/wp-json\/wp\/v2\/media?parent=1500"}],"wp:term":[{"taxonomy":"product_brand","embeddable":true,"href":"https:\/\/sammler.com.pl\/en\/wp-json\/wp\/v2\/product_brand?post=1500"},{"taxonomy":"product_cat","embeddable":true,"href":"https:\/\/sammler.com.pl\/en\/wp-json\/wp\/v2\/product_cat?post=1500"},{"taxonomy":"product_tag","embeddable":true,"href":"https:\/\/sammler.com.pl\/en\/wp-json\/wp\/v2\/product_tag?post=1500"}],"curies":[{"name":"wp","href":"https:\/\/api.w.org\/{rel}","templated":true}]}}