{"id":1497,"date":"2024-08-21T00:29:57","date_gmt":"2024-08-20T22:29:57","guid":{"rendered":"https:\/\/sammler.com.pl\/?post_type=product&#038;p=1497"},"modified":"2025-03-03T09:18:37","modified_gmt":"2025-03-03T08:18:37","slug":"agrowloknina-80g-m%c2%b2-brazowa-21-m-z-uv-kopia","status":"publish","type":"product","link":"https:\/\/sammler.com.pl\/en\/product\/agroblock-80g-m\u00b2-brown-21-m-with-uv-copy\/","title":{"rendered":"Agro-tex\u00adtile 80g\/m\u00b2 brown 2.1 m with UV"},"content":{"rendered":"<h2 style=\"font-size: 1em; margin: 10px auto;\">Long-term garden protection and aesthetics<\/h2>\n<p>The 80g\/m\u00b2 brown agro-tex\u00adtile 2.1 m with UV avail\u00adable in our range is a reli\u00adable way to pro\u00adtect the soil from unwant\u00aded weeds in the long term, while sig\u00adnif\u00adi\u00adcant\u00adly improv\u00ading the aes\u00adthet\u00adics of your gar\u00adden. Thanks to its high UV resis\u00adtance, our prod\u00aduct retains its prop\u00ader\u00adties for many sea\u00adsons, guar\u00adan\u00adtee\u00ading max\u00adi\u00admum use of its poten\u00adtial. The dark brown colour of the agro-woven fab\u00adric blends in per\u00adfect\u00adly with the nat\u00adur\u00adal sur\u00adround\u00adings, giv\u00ading your gar\u00adden a neat and pro\u00adfes\u00adsion\u00adal look. The use of 80g\/m\u00b2 brown agro-tex\u00adtile 2.1m with UV not only allows you to main\u00adtain opti\u00admum soil mois\u00adture, but also to strength\u00aden the root sys\u00adtem of your plants, pro\u00admot\u00ading their healthy devel\u00adop\u00adment. This prod\u00aduct fea\u00adtures a per\u00adme\u00adable struc\u00adture that allows water and air to flow freely to the roots, which is cru\u00adcial for a healthy plant envi\u00adron\u00adment. By choos\u00ading agro-tex\u00adtile fab\u00adric from Samm\u00adler, you are invest\u00ading in the dura\u00adbil\u00adi\u00adty, func\u00adtion\u00adal\u00adi\u00adty and aes\u00adthet\u00adics of your gar\u00adden, mak\u00ading it a place of pride and relax\u00adation for you. Take advan\u00adtage of our offer and enjoy a beau\u00adti\u00adful and well-kept gar\u00adden for a long time.<\/p>","protected":false},"excerpt":{"rendered":"<p>D\u0142ugotrwa\u0142a ochrona i estetyka ogrodu Agrow\u0142\u00f3knina 80g\/m\u00b2 br\u0105zowa 2,1 m z UV dost\u0119pna w naszej ofercie to niezawodny spos\u00f3b na d\u0142ugotrwa\u0142\u0105 ochron\u0119 gleby przed niechcianymi chwastami, jednocze\u015bnie znacz\u0105co poprawiaj\u0105cy estetyk\u0119 ogrodu. Dzi\u0119ki wysokiej odporno\u015bci na promieniowanie UV, nasz produkt zachowuje swoje w\u0142a\u015bciwo\u015bci przez wiele sezon\u00f3w, co gwarantuje maksymalne wykorzystanie jego potencja\u0142u. Ciemnobr\u0105zowy kolor agrow\u0142\u00f3kniny idealnie [&hellip;]<\/p>\n","protected":false},"featured_media":1691,"template":"","meta":{"_acf_changed":false,"wp_typography_post_enhancements_disabled":false},"product_brand":[],"product_cat":[57,68,70,67,69],"product_tag":[],"class_list":{"0":"post-1497","1":"product","2":"type-product","3":"status-publish","4":"has-post-thumbnail","6":"product_cat-agrowloknina","7":"product_cat-agrowloknina-pod-kamienie","8":"product_cat-agrowloknina-pod-rosliny","9":"product_cat-agrowloknina-przeciw-chwastom","10":"product_cat-agrowloknina-sciolkujaca","11":"pa_gramatura-agrowloknina-p-80","13":"first","14":"outofstock","15":"taxable","16":"shipping-taxable","17":"purchasable","18":"product-type-variable","19":"has-default-attributes"},"acf":[],"_links":{"self":[{"href":"https:\/\/sammler.com.pl\/en\/wp-json\/wp\/v2\/product\/1497","targetHints":{"allow":["GET"]}}],"collection":[{"href":"https:\/\/sammler.com.pl\/en\/wp-json\/wp\/v2\/product"}],"about":[{"href":"https:\/\/sammler.com.pl\/en\/wp-json\/wp\/v2\/types\/product"}],"wp:featuredmedia":[{"embeddable":true,"href":"https:\/\/sammler.com.pl\/en\/wp-json\/wp\/v2\/media\/1691"}],"wp:attachment":[{"href":"https:\/\/sammler.com.pl\/en\/wp-json\/wp\/v2\/media?parent=1497"}],"wp:term":[{"taxonomy":"product_brand","embeddable":true,"href":"https:\/\/sammler.com.pl\/en\/wp-json\/wp\/v2\/product_brand?post=1497"},{"taxonomy":"product_cat","embeddable":true,"href":"https:\/\/sammler.com.pl\/en\/wp-json\/wp\/v2\/product_cat?post=1497"},{"taxonomy":"product_tag","embeddable":true,"href":"https:\/\/sammler.com.pl\/en\/wp-json\/wp\/v2\/product_tag?post=1497"}],"curies":[{"name":"wp","href":"https:\/\/api.w.org\/{rel}","templated":true}]}}