{"id":1494,"date":"2024-08-21T00:11:29","date_gmt":"2024-08-20T22:11:29","guid":{"rendered":"https:\/\/sammler.com.pl\/?post_type=product&#038;p=1494"},"modified":"2026-02-16T17:08:15","modified_gmt":"2026-02-16T16:08:15","slug":"agrowloknina-80g-m%c2%b2-brazowa-16-m-z-uv","status":"publish","type":"product","link":"https:\/\/sammler.com.pl\/en\/product\/agroblock-80g-m\u00b2-brown-16-m-with-uv\/","title":{"rendered":"Agro-tex\u00adtile 80g\/m\u00b2 brown 1.6 m with UV"},"content":{"rendered":"<h2 style=\"font-size: 1em; margin: 10px auto;\">Advantages of 80g\/m\u00b2 brown agro-textile fabric with 1.6 m width with UV<\/h2>\n<p>Agro\u00adtex\u00adtile 80g\/m\u00b2 brown 1.6m with UV from Samm\u00adler RecBord is an ide\u00adal mulching solu\u00adtion that guar\u00adan\u00adtees a range of ben\u00ade\u00adfits for your gar\u00adden. Thanks to its robust struc\u00adture, the prod\u00aduct pro\u00advides effec\u00adtive pro\u00adtec\u00adtion against weeds, elim\u00adi\u00adnat\u00ading the need for her\u00adbi\u00adcides and allow\u00ading the soil to main\u00adtain itself nat\u00adu\u00adral\u00adly. The mate\u00adr\u00adi\u00adal is excel\u00adlent at retain\u00ading mois\u00adture, keep\u00ading plants ade\u00adquate\u00adly hydrat\u00aded for longer peri\u00adods, which is invalu\u00adable espe\u00adcial\u00adly dur\u00ading hot and dry peri\u00adods. By opti\u00admal\u00adly ensur\u00ading soil mois\u00adture, the 80g\/m\u00b2 brown agro-tex\u00adtile 1.6 m with UV also sup\u00adports healthy plant growth and the devel\u00adop\u00adment of their root sys\u00adtems. In addi\u00adtion, its per\u00adme\u00adable struc\u00adture allows air cir\u00adcu\u00adla\u00adtion, which pro\u00admotes a healthy root envi\u00adron\u00adment. Thanks to its UV pro\u00adtec\u00adtion, the mate\u00adr\u00adi\u00adal is durable and resis\u00adtant to harm\u00adful weath\u00ader con\u00addi\u00adtions, ensur\u00ading long-last\u00ading and effec\u00adtive per\u00adfor\u00admance. By choos\u00ading 80g\/m\u00b2 brown agro-tex\u00adtile 1.6m with UV, you are assured that your gar\u00adden will look aes\u00adthet\u00adi\u00adcal\u00adly pleas\u00ading and be beau\u00adti\u00adful\u00adly cared for through\u00adout the sea\u00adson. Take advan\u00adtage of our offer and enjoy a beau\u00adti\u00adful and healthy gar\u00adden with\u00adout unwant\u00aded weeds.<\/p>","protected":false},"excerpt":{"rendered":"<p>Zalety agrow\u0142\u00f3kniny 80g\/m\u00b2 br\u0105zowej o szeroko\u015bci 1,6 m z UV Agrow\u0142\u00f3knina 80g\/m\u00b2 br\u0105zowa 1,6 m z UV od firmy Sammler RecBord to idealne rozwi\u0105zanie do \u015bci\u00f3\u0142kowania, kt\u00f3re gwarantuje szereg korzy\u015bci dla Twojego ogrodu. Dzi\u0119ki swojej solidnej strukturze produkt zapewnia skuteczn\u0105 ochron\u0119 przed chwastami, eliminuj\u0105c potrzeb\u0119 stosowania herbicyd\u00f3w i pozwalaj\u0105c na naturalne utrzymanie gleby. Materia\u0142 ten [&hellip;]<\/p>\n","protected":false},"featured_media":1691,"template":"","meta":{"_acf_changed":false,"wp_typography_post_enhancements_disabled":false},"product_brand":[],"product_cat":[57,68,70,67,69],"product_tag":[],"class_list":{"0":"post-1494","1":"product","2":"type-product","3":"status-publish","4":"has-post-thumbnail","6":"product_cat-agrowloknina","7":"product_cat-agrowloknina-pod-kamienie","8":"product_cat-agrowloknina-pod-rosliny","9":"product_cat-agrowloknina-przeciw-chwastom","10":"product_cat-agrowloknina-sciolkujaca","11":"pa_gramatura-agrowloknina-p-80","13":"first","14":"instock","15":"taxable","16":"shipping-taxable","17":"purchasable","18":"product-type-variable","19":"has-default-attributes"},"acf":[],"_links":{"self":[{"href":"https:\/\/sammler.com.pl\/en\/wp-json\/wp\/v2\/product\/1494","targetHints":{"allow":["GET"]}}],"collection":[{"href":"https:\/\/sammler.com.pl\/en\/wp-json\/wp\/v2\/product"}],"about":[{"href":"https:\/\/sammler.com.pl\/en\/wp-json\/wp\/v2\/types\/product"}],"wp:featuredmedia":[{"embeddable":true,"href":"https:\/\/sammler.com.pl\/en\/wp-json\/wp\/v2\/media\/1691"}],"wp:attachment":[{"href":"https:\/\/sammler.com.pl\/en\/wp-json\/wp\/v2\/media?parent=1494"}],"wp:term":[{"taxonomy":"product_brand","embeddable":true,"href":"https:\/\/sammler.com.pl\/en\/wp-json\/wp\/v2\/product_brand?post=1494"},{"taxonomy":"product_cat","embeddable":true,"href":"https:\/\/sammler.com.pl\/en\/wp-json\/wp\/v2\/product_cat?post=1494"},{"taxonomy":"product_tag","embeddable":true,"href":"https:\/\/sammler.com.pl\/en\/wp-json\/wp\/v2\/product_tag?post=1494"}],"curies":[{"name":"wp","href":"https:\/\/api.w.org\/{rel}","templated":true}]}}