{"id":1485,"date":"2024-08-21T00:01:18","date_gmt":"2024-08-20T22:01:18","guid":{"rendered":"https:\/\/sammler.com.pl\/?post_type=product&#038;p=1485"},"modified":"2026-02-23T18:43:41","modified_gmt":"2026-02-23T17:43:41","slug":"agrowloknina-80g-m%c2%b2-czarna-21-m-z-uv","status":"publish","type":"product","link":"https:\/\/sammler.com.pl\/en\/product\/80g-agroblock-m\u00b2-black-21m-with-uv\/","title":{"rendered":"Agro-tex\u00adtile 80g\/m\u00b2 black 2.1 m with UV"},"content":{"rendered":"<h2 style=\"font-size: 1em; margin: 10px auto;\">Advantages of the 80 g\/m\u00b2 black agro-textile<\/h2>\n<p>When you choose the 80g\/m\u00b2 black 2.1 m UV agro-tex\u00adtile from Samm\u00adler, you get a prod\u00aduct that makes car\u00ading for your gar\u00adden sig\u00adnif\u00adi\u00adcant\u00adly eas\u00adi\u00ader. The main advan\u00adtage of this non\u00adwo\u00adven agro-tex\u00adtile is the pro\u00adtec\u00adtion against weeds, which means you don\u2019t have to wor\u00adry about tedious weed\u00ading. By using it, your plants can grow freely with\u00adout com\u00adpet\u00ading with weeds for valu\u00adable nutri\u00adents. Anoth\u00ader ben\u00ade\u00adfit is opti\u00admum soil mois\u00adture. The agro-woven fab\u00adric retains mois\u00adture in the soil, which sig\u00adnif\u00adi\u00adcant\u00adly reduces the fre\u00adquen\u00adcy of water\u00ading your plants. This is ide\u00adal for both hot, dry days and peri\u00adods of less abun\u00addant rain\u00adfall. The struc\u00adture of the fleece allows air and water to flow freely, which has a pos\u00adi\u00adtive effect on the devel\u00adop\u00adment of the plants\u2019 root sys\u00adtem. As a result, they are health\u00adi\u00ader, devel\u00adop bet\u00adter and have a more lux\u00adu\u00adri\u00adant crop. The 80g\/m\u00b2 black 2.1 m UV non\u00adwo\u00adven fab\u00adric from Samm\u00adler not only improves the con\u00addi\u00adtion of your gar\u00adden, but also con\u00adtributes to its aes\u00adthet\u00adic appear\u00adance, keep\u00ading your domes\u00adtic space in a beau\u00adti\u00adful state.<\/p>","protected":false},"excerpt":{"rendered":"<p>Zalety czarnej agrow\u0142\u00f3kniny o gramaturze 80 g\/m\u00b2 Wybieraj\u0105c agrow\u0142\u00f3knin\u0119 80g\/m\u00b2 czarn\u0105 2,1 m z UV od Sammler, zyskujesz produkt, kt\u00f3ry znacz\u0105co u\u0142atwia dbanie o Tw\u00f3j ogr\u00f3d. G\u0142\u00f3wn\u0105 zalet\u0105 tej agrow\u0142\u00f3kniny jest ochrona przed chwastami, co sprawia, \u017ce nie musisz martwi\u0107 si\u0119 o uci\u0105\u017cliwe odchwaszczanie. Dzi\u0119ki jej zastosowaniu Twoje ro\u015bliny mog\u0105 swobodnie rosn\u0105\u0107 bez rywalizacji o [&hellip;]<\/p>\n","protected":false},"featured_media":1050,"template":"","meta":{"_acf_changed":false,"wp_typography_post_enhancements_disabled":false},"product_brand":[],"product_cat":[57,68,70,67,69],"product_tag":[],"class_list":{"0":"post-1485","1":"product","2":"type-product","3":"status-publish","4":"has-post-thumbnail","6":"product_cat-agrowloknina","7":"product_cat-agrowloknina-pod-kamienie","8":"product_cat-agrowloknina-pod-rosliny","9":"product_cat-agrowloknina-przeciw-chwastom","10":"product_cat-agrowloknina-sciolkujaca","11":"pa_gramatura-agrowloknina-p-80","13":"first","14":"instock","15":"taxable","16":"shipping-taxable","17":"purchasable","18":"product-type-variable","19":"has-default-attributes"},"acf":[],"_links":{"self":[{"href":"https:\/\/sammler.com.pl\/en\/wp-json\/wp\/v2\/product\/1485","targetHints":{"allow":["GET"]}}],"collection":[{"href":"https:\/\/sammler.com.pl\/en\/wp-json\/wp\/v2\/product"}],"about":[{"href":"https:\/\/sammler.com.pl\/en\/wp-json\/wp\/v2\/types\/product"}],"wp:featuredmedia":[{"embeddable":true,"href":"https:\/\/sammler.com.pl\/en\/wp-json\/wp\/v2\/media\/1050"}],"wp:attachment":[{"href":"https:\/\/sammler.com.pl\/en\/wp-json\/wp\/v2\/media?parent=1485"}],"wp:term":[{"taxonomy":"product_brand","embeddable":true,"href":"https:\/\/sammler.com.pl\/en\/wp-json\/wp\/v2\/product_brand?post=1485"},{"taxonomy":"product_cat","embeddable":true,"href":"https:\/\/sammler.com.pl\/en\/wp-json\/wp\/v2\/product_cat?post=1485"},{"taxonomy":"product_tag","embeddable":true,"href":"https:\/\/sammler.com.pl\/en\/wp-json\/wp\/v2\/product_tag?post=1485"}],"curies":[{"name":"wp","href":"https:\/\/api.w.org\/{rel}","templated":true}]}}