{"id":1461,"date":"2024-08-07T15:41:38","date_gmt":"2024-08-07T13:41:38","guid":{"rendered":"https:\/\/sammler.com.pl\/?post_type=product&#038;p=1461"},"modified":"2026-01-27T15:10:24","modified_gmt":"2026-01-27T14:10:24","slug":"agrowloknina-50g-m%c2%b2-brazowa-32-m-z-uv","status":"publish","type":"product","link":"https:\/\/sammler.com.pl\/en\/product\/agroblock-50g-m\u00b2-brown-32-m-with-uv\/","title":{"rendered":"Agro-tex\u00adtile 50g\/m\u00b2 brown 3.2 m with UV"},"content":{"rendered":"<h2 style=\"font-size: 1em; margin: 10px auto;\">Application of agro-textile 50g\/m\u00b2 brown 3.2 m with UV<\/h2>\n<p>Agro\u00adtex\u00adtile 50g\/m\u00b2 brown 3,2 m with UV is an indis\u00adpens\u00adable tool in pro\u00adfes\u00adsion\u00adal and ama\u00adteur gar\u00adden\u00ading that will find a wide range of appli\u00adca\u00adtions. Thanks to its prop\u00ader\u00adties, it is per\u00adfect for mulching and pro\u00adtect\u00ading the soil from unwant\u00aded weeds. By pro\u00adtect\u00ading the soil, you make more room for the plants to grow health\u00adily and increase the aes\u00adthet\u00adics of your gar\u00adden. The 50g\/m\u00b2 brown 3.2m agro-tex\u00adtile with UV effec\u00adtive\u00adly main\u00adtains opti\u00admum soil mois\u00adture, which is cru\u00adcial for healthy plant growth. Its struc\u00adture allows water and air to flow freely, which pro\u00admotes prop\u00ader root\u00ading and encour\u00adages dynam\u00adic plant growth. Pro\u00adtect\u00ading the soil is not only about fight\u00ading weeds, but also about cre\u00adat\u00ading bet\u00adter con\u00addi\u00adtions for plants, which gain bet\u00adter con\u00addi\u00adtions for growth thanks to the agro-tex\u00adtile. Choose our prod\u00aducts from Samm\u00adler RecBord and take advan\u00adtage of our offer!<\/p>","protected":false},"excerpt":{"rendered":"<p>Zastosowanie agrow\u0142\u00f3kniny 50g\/m\u00b2 br\u0105zowej 3,2 m z UV Agrow\u0142\u00f3knina 50g\/m\u00b2 br\u0105zowa 3,2 m z UV to niezast\u0105pione narz\u0119dzie w profesjonalnym i amatorskim ogrodnictwie, kt\u00f3re znajdzie szerokie zastosowanie. Dzi\u0119ki swoim w\u0142a\u015bciwo\u015bciom jest doskona\u0142a do \u015bci\u00f3\u0142kowania i ochrony gleby przed niepo\u017c\u0105danymi chwastami. Chroni\u0105c gleb\u0119, sprawiasz, \u017ce ro\u015bliny maj\u0105 wi\u0119cej miejsca na zdrowy rozw\u00f3j oraz zwi\u0119kszasz estetyk\u0119 ogrodu. [&hellip;]<\/p>\n","protected":false},"featured_media":1691,"template":"","meta":{"_acf_changed":false,"wp_typography_post_enhancements_disabled":false},"product_brand":[],"product_cat":[57,68,70,67,69],"product_tag":[],"class_list":{"0":"post-1461","1":"product","2":"type-product","3":"status-publish","4":"has-post-thumbnail","6":"product_cat-agrowloknina","7":"product_cat-agrowloknina-pod-kamienie","8":"product_cat-agrowloknina-pod-rosliny","9":"product_cat-agrowloknina-przeciw-chwastom","10":"product_cat-agrowloknina-sciolkujaca","11":"pa_gramatura-agrowloknina-p-50","13":"first","14":"instock","15":"taxable","16":"shipping-taxable","17":"purchasable","18":"product-type-variable","19":"has-default-attributes"},"acf":[],"_links":{"self":[{"href":"https:\/\/sammler.com.pl\/en\/wp-json\/wp\/v2\/product\/1461","targetHints":{"allow":["GET"]}}],"collection":[{"href":"https:\/\/sammler.com.pl\/en\/wp-json\/wp\/v2\/product"}],"about":[{"href":"https:\/\/sammler.com.pl\/en\/wp-json\/wp\/v2\/types\/product"}],"wp:featuredmedia":[{"embeddable":true,"href":"https:\/\/sammler.com.pl\/en\/wp-json\/wp\/v2\/media\/1691"}],"wp:attachment":[{"href":"https:\/\/sammler.com.pl\/en\/wp-json\/wp\/v2\/media?parent=1461"}],"wp:term":[{"taxonomy":"product_brand","embeddable":true,"href":"https:\/\/sammler.com.pl\/en\/wp-json\/wp\/v2\/product_brand?post=1461"},{"taxonomy":"product_cat","embeddable":true,"href":"https:\/\/sammler.com.pl\/en\/wp-json\/wp\/v2\/product_cat?post=1461"},{"taxonomy":"product_tag","embeddable":true,"href":"https:\/\/sammler.com.pl\/en\/wp-json\/wp\/v2\/product_tag?post=1461"}],"curies":[{"name":"wp","href":"https:\/\/api.w.org\/{rel}","templated":true}]}}