{"id":1457,"date":"2024-08-07T15:38:35","date_gmt":"2024-08-07T13:38:35","guid":{"rendered":"https:\/\/sammler.com.pl\/?post_type=product&#038;p=1457"},"modified":"2026-01-27T15:11:39","modified_gmt":"2026-01-27T14:11:39","slug":"agrowloknina-50g-m%c2%b2-brazowa-16-m-z-uv","status":"publish","type":"product","link":"https:\/\/sammler.com.pl\/en\/product\/agroblock-50g-m\u00b2-brown-16-m-with-uv\/","title":{"rendered":"Agro-tex\u00adtile 50g\/m\u00b2 brown 1.6 m with UV"},"content":{"rendered":"<h2 style=\"font-size: 1em; margin: 10px auto;\">Advantages of using agro-textile 50g\/m\u00b2 brown 1.6 m with UV<\/h2>\n<p>Agro\u00adtex\u00adtile 50g\/m\u00b2 brown 1,6 m with UV will pro\u00advide you with invalu\u00adable ben\u00ade\u00adfits in car\u00ading for your gar\u00adden. First\u00adly, effec\u00adtive mulching with it pro\u00advides effec\u00adtive pro\u00adtec\u00adtion against weeds, pre\u00advent\u00ading them from access\u00ading light and restrict\u00ading their growth, allow\u00ading your plants to devel\u00adop health\u00adily. Anoth\u00ader advan\u00adtage is that it main\u00adtains opti\u00admum soil mois\u00adture, which is extreme\u00adly impor\u00adtant dur\u00ading peri\u00adods of drought. The agro-tex\u00adtile fab\u00adric allows water to pass through, allow\u00ading the soil and plant roots to be irri\u00adgat\u00aded while reduc\u00ading evap\u00ado\u00adra\u00adtion. This ensures that your plants receive the right amount of water and nutri\u00adents. The 50g\/m\u00b2 brown 1.6 m UV agro-tex\u00adtile also great\u00adly improves the aes\u00adthet\u00adics of your gar\u00adden, giv\u00ading it a neat and tidy appear\u00adance. Its brown colour blends per\u00adfect\u00adly with the nat\u00adur\u00adal sur\u00adround\u00adings, mak\u00ading your gar\u00adden look har\u00admo\u00adnious and aes\u00adthet\u00adi\u00adcal\u00adly pleas\u00ading all year round. Take advan\u00adtage of our offer and see for your\u00adself how much ben\u00ade\u00adfit Samm\u00adler RecBord agro-tex\u00adtile can bring you.<\/p>","protected":false},"excerpt":{"rendered":"<p>Zalety stosowania agrow\u0142\u00f3kniny 50g\/m\u00b2 br\u0105zowej 1,6 m z UV Agrow\u0142\u00f3knina 50g\/m\u00b2 br\u0105zowa 1,6 m z UV zapewni Ci nieocenione korzy\u015bci w piel\u0119gnacji ogrodu. Po pierwsze, efektywne \u015bci\u00f3\u0142kowanie z jej wykorzystaniem zapewnia skuteczn\u0105 ochron\u0119 przed chwastami, uniemo\u017cliwiaj\u0105c im dost\u0119p do \u015bwiat\u0142a i ograniczaj\u0105c ich wzrost, co pozwala Twoim ro\u015blinom na zdrowy rozw\u00f3j. Kolejnym atutem jest utrzymanie [&hellip;]<\/p>\n","protected":false},"featured_media":1691,"template":"","meta":{"_acf_changed":false,"wp_typography_post_enhancements_disabled":false},"product_brand":[],"product_cat":[57,68,70,67,69],"product_tag":[],"class_list":{"0":"post-1457","1":"product","2":"type-product","3":"status-publish","4":"has-post-thumbnail","6":"product_cat-agrowloknina","7":"product_cat-agrowloknina-pod-kamienie","8":"product_cat-agrowloknina-pod-rosliny","9":"product_cat-agrowloknina-przeciw-chwastom","10":"product_cat-agrowloknina-sciolkujaca","11":"pa_gramatura-agrowloknina-p-50","13":"first","14":"instock","15":"taxable","16":"shipping-taxable","17":"purchasable","18":"product-type-variable","19":"has-default-attributes"},"acf":[],"_links":{"self":[{"href":"https:\/\/sammler.com.pl\/en\/wp-json\/wp\/v2\/product\/1457","targetHints":{"allow":["GET"]}}],"collection":[{"href":"https:\/\/sammler.com.pl\/en\/wp-json\/wp\/v2\/product"}],"about":[{"href":"https:\/\/sammler.com.pl\/en\/wp-json\/wp\/v2\/types\/product"}],"wp:featuredmedia":[{"embeddable":true,"href":"https:\/\/sammler.com.pl\/en\/wp-json\/wp\/v2\/media\/1691"}],"wp:attachment":[{"href":"https:\/\/sammler.com.pl\/en\/wp-json\/wp\/v2\/media?parent=1457"}],"wp:term":[{"taxonomy":"product_brand","embeddable":true,"href":"https:\/\/sammler.com.pl\/en\/wp-json\/wp\/v2\/product_brand?post=1457"},{"taxonomy":"product_cat","embeddable":true,"href":"https:\/\/sammler.com.pl\/en\/wp-json\/wp\/v2\/product_cat?post=1457"},{"taxonomy":"product_tag","embeddable":true,"href":"https:\/\/sammler.com.pl\/en\/wp-json\/wp\/v2\/product_tag?post=1457"}],"curies":[{"name":"wp","href":"https:\/\/api.w.org\/{rel}","templated":true}]}}