{"id":1454,"date":"2024-08-07T15:37:12","date_gmt":"2024-08-07T13:37:12","guid":{"rendered":"https:\/\/sammler.com.pl\/?post_type=product&#038;p=1454"},"modified":"2026-01-27T15:16:18","modified_gmt":"2026-01-27T14:16:18","slug":"agrowloknina-50g-m%c2%b2-brazowa-11-m-z-uv","status":"publish","type":"product","link":"https:\/\/sammler.com.pl\/en\/product\/agroblock-50g-m\u00b2-brown-11m-with-uv\/","title":{"rendered":"Agro-tex\u00adtile 50g\/m\u00b2 brown 1.1 m with UV"},"content":{"rendered":"<h2 style=\"font-size: 1em; margin: 10px auto;\">Advantages of 50g\/m\u00b2 brown agro-textile 1.1 m with UV<\/h2>\n<p>The 50g\/m\u00b2 brown 1.1m UV agro-tex\u00adtile offered by Samm\u00adler RecBord is a must-have solu\u00adtion for any\u00adone look\u00ading for an effec\u00adtive way to mulch and pro\u00adtect against weeds in their gar\u00adden. Thanks to its robust struc\u00adture, it pro\u00advides long-last\u00ading dura\u00adbil\u00adi\u00adty of the mate\u00adr\u00adi\u00adal, which trans\u00adlates into effi\u00adcient per\u00adfor\u00admance for many sea\u00adsons. The UV addi\u00adtive to the agro-tex\u00adtile guar\u00adan\u00adtees its UV resis\u00adtance, mak\u00ading it even more effec\u00adtive in bright sun\u00adlight. As a result, you can be sure that your plants will have per\u00adfect con\u00addi\u00adtions for growth, and you will save time and effort in fight\u00ading unwant\u00aded weeds. The 50g\/m\u00b2 brown 1.1m agro-woven fab\u00adric with UV is the per\u00adfect com\u00adbi\u00adna\u00adtion of func\u00adtion\u00adal\u00adi\u00adty and aes\u00adthet\u00adics to give your gar\u00adden a new shine while remain\u00ading neat and tidy. Take advan\u00adtage of the Samm\u00adler RecBord range and enjoy the beau\u00adty and health of your gar\u00adden all year round.<\/p>","protected":false},"excerpt":{"rendered":"<p>Zalety agrow\u0142\u00f3kniny 50g\/m\u00b2 br\u0105zowej 1,1 m z UV Agrow\u0142\u00f3knina 50g\/m\u00b2 br\u0105zowa 1,1 m z UV oferowana przez firm\u0119 Sammler RecBord to niezast\u0105pione rozwi\u0105zanie dla ka\u017cdego, kto szuka skutecznego sposobu na \u015bci\u00f3\u0142kowanie oraz ochron\u0119 przed chwastami w swoim ogrodzie. Dzi\u0119ki swojej wytrzyma\u0142ej strukturze zapewnia d\u0142ugotrwa\u0142\u0105 trwa\u0142o\u015b\u0107 materia\u0142u, co przek\u0142ada si\u0119 na jego wydajne dzia\u0142anie przez wiele [&hellip;]<\/p>\n","protected":false},"featured_media":1691,"template":"","meta":{"_acf_changed":false,"wp_typography_post_enhancements_disabled":false},"product_brand":[],"product_cat":[57,68,70,67,69],"product_tag":[],"class_list":{"0":"post-1454","1":"product","2":"type-product","3":"status-publish","4":"has-post-thumbnail","6":"product_cat-agrowloknina","7":"product_cat-agrowloknina-pod-kamienie","8":"product_cat-agrowloknina-pod-rosliny","9":"product_cat-agrowloknina-przeciw-chwastom","10":"product_cat-agrowloknina-sciolkujaca","11":"pa_gramatura-agrowloknina-p-50","13":"first","14":"instock","15":"taxable","16":"shipping-taxable","17":"purchasable","18":"product-type-variable","19":"has-default-attributes"},"acf":[],"_links":{"self":[{"href":"https:\/\/sammler.com.pl\/en\/wp-json\/wp\/v2\/product\/1454","targetHints":{"allow":["GET"]}}],"collection":[{"href":"https:\/\/sammler.com.pl\/en\/wp-json\/wp\/v2\/product"}],"about":[{"href":"https:\/\/sammler.com.pl\/en\/wp-json\/wp\/v2\/types\/product"}],"wp:featuredmedia":[{"embeddable":true,"href":"https:\/\/sammler.com.pl\/en\/wp-json\/wp\/v2\/media\/1691"}],"wp:attachment":[{"href":"https:\/\/sammler.com.pl\/en\/wp-json\/wp\/v2\/media?parent=1454"}],"wp:term":[{"taxonomy":"product_brand","embeddable":true,"href":"https:\/\/sammler.com.pl\/en\/wp-json\/wp\/v2\/product_brand?post=1454"},{"taxonomy":"product_cat","embeddable":true,"href":"https:\/\/sammler.com.pl\/en\/wp-json\/wp\/v2\/product_cat?post=1454"},{"taxonomy":"product_tag","embeddable":true,"href":"https:\/\/sammler.com.pl\/en\/wp-json\/wp\/v2\/product_tag?post=1454"}],"curies":[{"name":"wp","href":"https:\/\/api.w.org\/{rel}","templated":true}]}}