{"id":1448,"date":"2024-08-07T15:23:19","date_gmt":"2024-08-07T13:23:19","guid":{"rendered":"https:\/\/sammler.com.pl\/?post_type=product&#038;p=1448"},"modified":"2026-02-23T15:41:39","modified_gmt":"2026-02-23T14:41:39","slug":"agrowloknina-50g-m%c2%b2-brazowa-08-m-z-uv","status":"publish","type":"product","link":"https:\/\/sammler.com.pl\/en\/product\/agroblock-50g-m\u00b2-brown-08-m-with-uv\/","title":{"rendered":"Agro-tex\u00adtile 50g\/m\u00b2 brown 0.8 m with UV"},"content":{"rendered":"<h2 style=\"font-size: 1em; margin: 10px auto;\">Advantages of using agro fleece in the garden<\/h2>\n<p>Agro\u00adtex\u00adtile 50g\/m\u00b2 brown 0.8 m with UV is a ver\u00adsa\u00adtile solu\u00adtion that brings a vari\u00adety of ben\u00ade\u00adfits to your gar\u00adden. First and fore\u00admost, it is effec\u00adtive in pro\u00adtect\u00ading the soil from the growth of trou\u00adble\u00adsome weeds, mak\u00ading it eas\u00adi\u00ader to keep your gar\u00adden tidy with\u00adout hav\u00ading to use chem\u00adi\u00adcals. In addi\u00adtion, the 50g\/m\u00b2 brown 0.8m agro-tex\u00adtile with UV helps to main\u00adtain opti\u00admum soil mois\u00adture, which is cru\u00adcial for healthy and strong plant growth. Main\u00adtain\u00ading the right mois\u00adture lev\u00adel sup\u00adports the root sys\u00adtem, mak\u00ading it more drought resis\u00adtant. In addi\u00adtion to the prac\u00adti\u00adcal ben\u00ade\u00adfits, the 50g\/m\u00b2 brown 0.8m agro-tex\u00adtile with UV also sig\u00adnif\u00adi\u00adcant\u00adly improves the aes\u00adthet\u00adics of the gar\u00adden, giv\u00ading it a neat and tidy appear\u00adance. The non\u00adwo\u00adven fab\u00adric is per\u00adme\u00adable to water and air, which pro\u00admotes a healthy root envi\u00adron\u00adment. Agro fleece is avail\u00adable from Samm\u00adler RecBord in a vari\u00adety of sizes to suit dif\u00adfer\u00adent gar\u00adden needs. Take advan\u00adtage of our range and enjoy a beau\u00adti\u00adful, healthy gar\u00adden all year round.<\/p>","protected":false},"excerpt":{"rendered":"<p>Zalety stosowania agrow\u0142\u00f3kniny w ogrodzie Agrow\u0142\u00f3knina 50g\/m\u00b2 br\u0105zowa 0,8 m z UV to wszechstronne rozwi\u0105zanie, kt\u00f3re niesie ze sob\u0105 r\u00f3\u017cnorodne zalety dla Twojego ogrodu. Przede wszystkim skutecznie zapewnia ochron\u0119 gleby przed wyrastaniem uci\u0105\u017cliwych chwast\u00f3w, co u\u0142atwia utrzymanie porz\u0105dku w ogrodzie bez konieczno\u015bci stosowania \u015brodk\u00f3w chemicznych. Dodatkowo agrow\u0142\u00f3knina 50g\/m\u00b2 br\u0105zowa 0,8 m z UV pomaga w [&hellip;]<\/p>\n","protected":false},"featured_media":1691,"template":"","meta":{"_acf_changed":false,"wp_typography_post_enhancements_disabled":false},"product_brand":[],"product_cat":[57,68,70,67,69],"product_tag":[],"class_list":{"0":"post-1448","1":"product","2":"type-product","3":"status-publish","4":"has-post-thumbnail","6":"product_cat-agrowloknina","7":"product_cat-agrowloknina-pod-kamienie","8":"product_cat-agrowloknina-pod-rosliny","9":"product_cat-agrowloknina-przeciw-chwastom","10":"product_cat-agrowloknina-sciolkujaca","11":"pa_gramatura-agrowloknina-p-50","13":"first","14":"instock","15":"taxable","16":"shipping-taxable","17":"purchasable","18":"product-type-variable","19":"has-default-attributes"},"acf":[],"_links":{"self":[{"href":"https:\/\/sammler.com.pl\/en\/wp-json\/wp\/v2\/product\/1448","targetHints":{"allow":["GET"]}}],"collection":[{"href":"https:\/\/sammler.com.pl\/en\/wp-json\/wp\/v2\/product"}],"about":[{"href":"https:\/\/sammler.com.pl\/en\/wp-json\/wp\/v2\/types\/product"}],"wp:featuredmedia":[{"embeddable":true,"href":"https:\/\/sammler.com.pl\/en\/wp-json\/wp\/v2\/media\/1691"}],"wp:attachment":[{"href":"https:\/\/sammler.com.pl\/en\/wp-json\/wp\/v2\/media?parent=1448"}],"wp:term":[{"taxonomy":"product_brand","embeddable":true,"href":"https:\/\/sammler.com.pl\/en\/wp-json\/wp\/v2\/product_brand?post=1448"},{"taxonomy":"product_cat","embeddable":true,"href":"https:\/\/sammler.com.pl\/en\/wp-json\/wp\/v2\/product_cat?post=1448"},{"taxonomy":"product_tag","embeddable":true,"href":"https:\/\/sammler.com.pl\/en\/wp-json\/wp\/v2\/product_tag?post=1448"}],"curies":[{"name":"wp","href":"https:\/\/api.w.org\/{rel}","templated":true}]}}