{"id":1442,"date":"2024-08-07T15:19:04","date_gmt":"2024-08-07T13:19:04","guid":{"rendered":"https:\/\/sammler.com.pl\/?post_type=product&#038;p=1442"},"modified":"2026-01-27T15:19:40","modified_gmt":"2026-01-27T14:19:40","slug":"agrowloknina-50g-m%c2%b2-czarna-32-m-z-uv","status":"publish","type":"product","link":"https:\/\/sammler.com.pl\/en\/product\/agro-laminate-50g-m\u00b2-black-32m-with-uv\/","title":{"rendered":"Agro-tex\u00adtile 50g\/m\u00b2 black 3.2 m with UV"},"content":{"rendered":"<h2 style=\"font-size: 1em; margin: 10px auto;\">Advantages of using 50g\/m\u00b2 black agro-textile 3.2 m with UV<\/h2>\n<p>Agro\u00adtex\u00adtile 50g\/m\u00b2 black 3,2 m with UV is a solu\u00adtion with numer\u00adous advan\u00adtages that will sat\u00adis\u00adfy every gar\u00adden\u00ader. This prod\u00aduct effec\u00adtive\u00adly pro\u00adtects the soil from weed growth, which saves time and effort in remov\u00ading weeds. In addi\u00adtion, the agro-tex\u00adtile helps to main\u00adtain opti\u00admum soil mois\u00adture, which pro\u00admotes healthy plant growth. The struc\u00adture of the mate\u00adr\u00adi\u00adal allows both water and air to pass through, which is key to pro\u00advid\u00ading the right con\u00addi\u00adtions for the roots. In addi\u00adtion, the 50g\/m\u00b2 black 3,2 m UV non\u00adwo\u00adven agro-tex\u00adtile is char\u00adac\u00adterised by its excep\u00adtion\u00adal dura\u00adbil\u00adi\u00adty and UV resis\u00adtance, so it can be used for a long time, remain\u00ading in excel\u00adlent con\u00addi\u00adtion. Choos\u00ading this agro-woven fab\u00adric is also a way to improve the aes\u00adthet\u00adics of your gar\u00adden, as it cre\u00adates a neat and tidy space. Take advan\u00adtage of Samm\u00adler RecBor\u00add\u2019s range of prod\u00aducts and dis\u00adcov\u00ader how much ben\u00ade\u00adfit 50g\/m\u00b2 black 3.2m agrowo\u00adven fab\u00adric with UV can bring to your gar\u00adden.<\/p>","protected":false},"excerpt":{"rendered":"<p>Zalety stosowania agrow\u0142\u00f3kniny 50g\/m\u00b2 czarnej 3,2 m z UV Agrow\u0142\u00f3knina 50g\/m\u00b2 czarna 3,2 m z UV to rozwi\u0105zanie o licznych zaletach, kt\u00f3re zadowoli ka\u017cdego ogrodnika. Produkt ten skutecznie chroni gleb\u0119 przed wyrastaniem chwast\u00f3w, co pozwala zaoszcz\u0119dzi\u0107 czas i wysi\u0142ek zwi\u0105zany z ich usuwaniem. Ponadto agrow\u0142\u00f3knina pomaga utrzyma\u0107 optymaln\u0105 wilgotno\u015b\u0107 gleby, co sprzyja zdrowemu wzrostowi ro\u015blin. [&hellip;]<\/p>\n","protected":false},"featured_media":1050,"template":"","meta":{"_acf_changed":false,"wp_typography_post_enhancements_disabled":false},"product_brand":[],"product_cat":[57,68,70,67,69],"product_tag":[],"class_list":{"0":"post-1442","1":"product","2":"type-product","3":"status-publish","4":"has-post-thumbnail","6":"product_cat-agrowloknina","7":"product_cat-agrowloknina-pod-kamienie","8":"product_cat-agrowloknina-pod-rosliny","9":"product_cat-agrowloknina-przeciw-chwastom","10":"product_cat-agrowloknina-sciolkujaca","11":"pa_gramatura-agrowloknina-p-50","13":"first","14":"instock","15":"taxable","16":"shipping-taxable","17":"purchasable","18":"product-type-variable","19":"has-default-attributes"},"acf":[],"_links":{"self":[{"href":"https:\/\/sammler.com.pl\/en\/wp-json\/wp\/v2\/product\/1442","targetHints":{"allow":["GET"]}}],"collection":[{"href":"https:\/\/sammler.com.pl\/en\/wp-json\/wp\/v2\/product"}],"about":[{"href":"https:\/\/sammler.com.pl\/en\/wp-json\/wp\/v2\/types\/product"}],"wp:featuredmedia":[{"embeddable":true,"href":"https:\/\/sammler.com.pl\/en\/wp-json\/wp\/v2\/media\/1050"}],"wp:attachment":[{"href":"https:\/\/sammler.com.pl\/en\/wp-json\/wp\/v2\/media?parent=1442"}],"wp:term":[{"taxonomy":"product_brand","embeddable":true,"href":"https:\/\/sammler.com.pl\/en\/wp-json\/wp\/v2\/product_brand?post=1442"},{"taxonomy":"product_cat","embeddable":true,"href":"https:\/\/sammler.com.pl\/en\/wp-json\/wp\/v2\/product_cat?post=1442"},{"taxonomy":"product_tag","embeddable":true,"href":"https:\/\/sammler.com.pl\/en\/wp-json\/wp\/v2\/product_tag?post=1442"}],"curies":[{"name":"wp","href":"https:\/\/api.w.org\/{rel}","templated":true}]}}