{"id":1439,"date":"2024-08-07T15:16:11","date_gmt":"2024-08-07T13:16:11","guid":{"rendered":"https:\/\/sammler.com.pl\/?post_type=product&#038;p=1439"},"modified":"2026-03-25T21:05:04","modified_gmt":"2026-03-25T20:05:04","slug":"agrowloknina-50g-m%c2%b2-czarna-21-m-z-uv","status":"publish","type":"product","link":"https:\/\/sammler.com.pl\/en\/product\/agro-laminate-50g-m\u00b2-black-21m-with-uv\/","title":{"rendered":"Agro-tex\u00adtile 50g\/m\u00b2 black 2.1 m with UV"},"content":{"rendered":"<h2 style=\"font-size: 1em; margin: 10px auto;\">Excellence in weed control and moisture maintenance<\/h2>\n<p>Agro\u00adtex\u00adtile 50g\/m\u00b2 black 2,1 m with UV is the per\u00adfect solu\u00adtion for every gar\u00adden\u00ader who wants to effec\u00adtive\u00adly pro\u00adtect their soil from unwant\u00aded weeds, while at the same time ensur\u00ading opti\u00admal soil mois\u00adture. Our Samm\u00adler com\u00adpa\u00adny offers a prod\u00aduct that, thanks to its struc\u00adture, allows water and air to pass through, allow\u00ading the root sys\u00adtem of the plants to devel\u00adop health\u00adily. By choos\u00ading 50g\/m\u00b2 black 2.1 m agro-tex\u00adtile with UV, you can be sure that your plants will have ide\u00adal grow\u00ading con\u00addi\u00adtions and that the soil will retain suf\u00adfi\u00adcient mois\u00adture. The excep\u00adtion\u00adal dura\u00adbil\u00adi\u00adty and UV resis\u00adtance of the 50g\/m\u00b2 black 2,1 m UV non\u00adwo\u00adven ensures that the soil is pro\u00adtect\u00aded over the long term, elim\u00adi\u00adnat\u00ading the need for con\u00adstant weed\u00ading. So why not take advan\u00adtage of our range and incor\u00adpo\u00adrate agro-tex\u00adtile 50g\/m\u00b2 black 2.1m with UV into your gar\u00adden to enjoy health\u00adi\u00ader plants and a neat, aes\u00adthet\u00adi\u00adcal\u00adly pleas\u00ading envi\u00adron\u00adment. Avail\u00adable in a wide range of sizes, this prod\u00aduct will meet the expec\u00adta\u00adtions of pro\u00adfes\u00adsion\u00adals and ama\u00adteurs alike.<\/p>","protected":false},"excerpt":{"rendered":"<p>Doskona\u0142o\u015b\u0107 w ochronie przed chwastami i utrzymaniu wilgotno\u015bci Agrow\u0142\u00f3knina 50g\/m\u00b2 czarna 2,1 m z UV to doskona\u0142e rozwi\u0105zanie dla ka\u017cdego ogrodnika, kt\u00f3ry pragnie skutecznie chroni\u0107 swoj\u0105 gleb\u0119 przed niechcianymi chwastami, jednocze\u015bnie dbaj\u0105c o jej optymaln\u0105 wilgotno\u015b\u0107. Nasza firma Sammler oferuje produkt, kt\u00f3ry dzi\u0119ki swojej strukturze przepuszcza wod\u0119 oraz powietrze, co pozwala na zdrowy rozw\u00f3j systemu [&hellip;]<\/p>\n","protected":false},"featured_media":1050,"template":"","meta":{"_acf_changed":false,"wp_typography_post_enhancements_disabled":false},"product_brand":[],"product_cat":[57,68,70,67,69],"product_tag":[],"class_list":{"0":"post-1439","1":"product","2":"type-product","3":"status-publish","4":"has-post-thumbnail","6":"product_cat-agrowloknina","7":"product_cat-agrowloknina-pod-kamienie","8":"product_cat-agrowloknina-pod-rosliny","9":"product_cat-agrowloknina-przeciw-chwastom","10":"product_cat-agrowloknina-sciolkujaca","11":"pa_gramatura-agrowloknina-p-50","13":"first","14":"outofstock","15":"taxable","16":"shipping-taxable","17":"purchasable","18":"product-type-variable","19":"has-default-attributes"},"acf":[],"_links":{"self":[{"href":"https:\/\/sammler.com.pl\/en\/wp-json\/wp\/v2\/product\/1439","targetHints":{"allow":["GET"]}}],"collection":[{"href":"https:\/\/sammler.com.pl\/en\/wp-json\/wp\/v2\/product"}],"about":[{"href":"https:\/\/sammler.com.pl\/en\/wp-json\/wp\/v2\/types\/product"}],"wp:featuredmedia":[{"embeddable":true,"href":"https:\/\/sammler.com.pl\/en\/wp-json\/wp\/v2\/media\/1050"}],"wp:attachment":[{"href":"https:\/\/sammler.com.pl\/en\/wp-json\/wp\/v2\/media?parent=1439"}],"wp:term":[{"taxonomy":"product_brand","embeddable":true,"href":"https:\/\/sammler.com.pl\/en\/wp-json\/wp\/v2\/product_brand?post=1439"},{"taxonomy":"product_cat","embeddable":true,"href":"https:\/\/sammler.com.pl\/en\/wp-json\/wp\/v2\/product_cat?post=1439"},{"taxonomy":"product_tag","embeddable":true,"href":"https:\/\/sammler.com.pl\/en\/wp-json\/wp\/v2\/product_tag?post=1439"}],"curies":[{"name":"wp","href":"https:\/\/api.w.org\/{rel}","templated":true}]}}