{"id":1436,"date":"2024-08-07T15:08:10","date_gmt":"2024-08-07T13:08:10","guid":{"rendered":"https:\/\/sammler.com.pl\/?post_type=product&#038;p=1436"},"modified":"2026-02-23T18:35:06","modified_gmt":"2026-02-23T17:35:06","slug":"agrowloknina-50g-m%c2%b2-czarna-16-m-z-uv","status":"publish","type":"product","link":"https:\/\/sammler.com.pl\/en\/product\/agro-laminate-50g-m\u00b2-black-16m-with-uv\/","title":{"rendered":"Agro-tex\u00adtile 50g\/m\u00b2 black 1.6 m with UV"},"content":{"rendered":"<h2 style=\"font-size: 1em; margin: 10px auto;\">Application of agro-textile 50g\/m\u00b2 black 1.6 m with UV<\/h2>\n<p>Agro\u00adtex\u00adtile 50g\/m\u00b2 black 1,6 m with UV is the per\u00adfect solu\u00adtion for any\u00adone who wants to ensure the healthy devel\u00adop\u00adment of their plants and the neat appear\u00adance of their gar\u00adden. Its main advan\u00adtage is effec\u00adtive pro\u00adtec\u00adtion against weeds that can neg\u00ada\u00adtive\u00adly affect the growth of crops. Thanks to its dura\u00adbil\u00adi\u00adty and UV resis\u00adtance, this prod\u00aduct pro\u00advides long-term soil pro\u00adtec\u00adtion with\u00adout wear\u00ading out quick\u00adly. The struc\u00adture of the non-woven fab\u00adric allows water and air to pass through, which is key to main\u00adtain\u00ading opti\u00admum soil mois\u00adture and also sup\u00adports the healthy devel\u00adop\u00adment of the plant root sys\u00adtem. In addi\u00adtion, the use of Agrofiber 50g\/m\u00b2 black 1,6 m with UV improves the aes\u00adthet\u00adics of the sur\u00adround\u00adings, mak\u00ading the gar\u00adden look neat and tidy. Take advan\u00adtage of our offer and give your plants the best con\u00addi\u00adtions for growth with agro-tex\u00adtile by Samm\u00adler RecBord.<\/p>","protected":false},"excerpt":{"rendered":"<p>Zastosowanie agrow\u0142\u00f3kniny 50g\/m\u00b2 czarnej 1,6 m z UV Agrow\u0142\u00f3knina 50g\/m\u00b2 czarna 1,6 m z UV to doskona\u0142e rozwi\u0105zanie dla ka\u017cdego, kto pragnie zadba\u0107 o zdrowy rozw\u00f3j swoich ro\u015blin oraz schludny wygl\u0105d ogrodu. Jej g\u0142\u00f3wn\u0105 zalet\u0105 jest efektywna ochrona przed chwastami, kt\u00f3re mog\u0105 negatywnie wp\u0142ywa\u0107 na wzrost ro\u015blin uprawnych. Dzi\u0119ki trwa\u0142o\u015bci oraz odporno\u015bci na promieniowanie UV, [&hellip;]<\/p>\n","protected":false},"featured_media":1050,"template":"","meta":{"_acf_changed":false,"wp_typography_post_enhancements_disabled":false},"product_brand":[],"product_cat":[57,68,70,67,69],"product_tag":[],"class_list":{"0":"post-1436","1":"product","2":"type-product","3":"status-publish","4":"has-post-thumbnail","6":"product_cat-agrowloknina","7":"product_cat-agrowloknina-pod-kamienie","8":"product_cat-agrowloknina-pod-rosliny","9":"product_cat-agrowloknina-przeciw-chwastom","10":"product_cat-agrowloknina-sciolkujaca","11":"pa_gramatura-agrowloknina-p-50","13":"first","14":"instock","15":"taxable","16":"shipping-taxable","17":"purchasable","18":"product-type-variable","19":"has-default-attributes"},"acf":[],"_links":{"self":[{"href":"https:\/\/sammler.com.pl\/en\/wp-json\/wp\/v2\/product\/1436","targetHints":{"allow":["GET"]}}],"collection":[{"href":"https:\/\/sammler.com.pl\/en\/wp-json\/wp\/v2\/product"}],"about":[{"href":"https:\/\/sammler.com.pl\/en\/wp-json\/wp\/v2\/types\/product"}],"wp:featuredmedia":[{"embeddable":true,"href":"https:\/\/sammler.com.pl\/en\/wp-json\/wp\/v2\/media\/1050"}],"wp:attachment":[{"href":"https:\/\/sammler.com.pl\/en\/wp-json\/wp\/v2\/media?parent=1436"}],"wp:term":[{"taxonomy":"product_brand","embeddable":true,"href":"https:\/\/sammler.com.pl\/en\/wp-json\/wp\/v2\/product_brand?post=1436"},{"taxonomy":"product_cat","embeddable":true,"href":"https:\/\/sammler.com.pl\/en\/wp-json\/wp\/v2\/product_cat?post=1436"},{"taxonomy":"product_tag","embeddable":true,"href":"https:\/\/sammler.com.pl\/en\/wp-json\/wp\/v2\/product_tag?post=1436"}],"curies":[{"name":"wp","href":"https:\/\/api.w.org\/{rel}","templated":true}]}}