{"id":1424,"date":"2024-08-06T18:03:31","date_gmt":"2024-08-06T16:03:31","guid":{"rendered":"https:\/\/sammler.com.pl\/?post_type=product&#038;p=1424"},"modified":"2026-02-23T17:34:23","modified_gmt":"2026-02-23T16:34:23","slug":"agrowloknina-80g-m%c2%b2-czarna-11-m-z-uv-kopia","status":"publish","type":"product","link":"https:\/\/sammler.com.pl\/en\/product\/80g-agroblock-m\u00b2-black-11m-with-uv-copy\/","title":{"rendered":"Agro-tex\u00adtile 80g\/m\u00b2 black 1.1 m with UV"},"content":{"rendered":"<h2 style=\"font-size: 1em; margin: 10px auto;\">Versatile use of agro fleece in horticulture<\/h2>\n<p>Agrowo\u00adven 80g\/m\u00b2 black 1.1m with UV is a ver\u00adsa\u00adtile tool used in hor\u00adti\u00adcul\u00adture, offer\u00ading a vari\u00adety of uses to make your gar\u00adden a place of healthy and aes\u00adthet\u00adi\u00adcal\u00adly pleas\u00ading plant growth. Ide\u00adal for mulching, it pro\u00advides effec\u00adtive pro\u00adtec\u00adtion for plants against weeds, block\u00ading their growth and min\u00adimis\u00ading the need for chem\u00adi\u00adcal her\u00adbi\u00adcides. The 80g\/m\u00b2 black 1.1m UV agro-tex\u00adtile also helps to main\u00adtain opti\u00admum soil mois\u00adture, which is cru\u00adcial for healthy root devel\u00adop\u00adment and whole plant sta\u00adbil\u00adi\u00adty. Thanks to its water- and air-per\u00adme\u00adable prop\u00ader\u00adties, this prod\u00aduct pro\u00admotes a healthy root envi\u00adron\u00adment, which in turn accel\u00ader\u00adates plant growth. Thus, gar\u00adden\u00aders can enjoy lush and healthy plants. In addi\u00adtion, the agro-tex\u00adtile sig\u00adnif\u00adi\u00adcant\u00adly improves the aes\u00adthet\u00adics of the gar\u00adden, giv\u00ading it a neat and tidy appear\u00adance. Take advan\u00adtage of the Samm\u00adler RecBord range and enrich your gar\u00adden with this indis\u00adpens\u00adable prod\u00aduct!<\/p>","protected":false},"excerpt":{"rendered":"<p>Uniwersalne zastosowanie agrow\u0142\u00f3kniny w ogrodnictwie Agrow\u0142\u00f3knina 80g\/m\u00b2 czarna 1,1 m z UV to wszechstronne narz\u0119dzie stosowane w ogrodnictwie, oferuj\u0105ce r\u00f3\u017cnorodne zastosowania, dzi\u0119ki kt\u00f3rym Tw\u00f3j ogr\u00f3d stanie si\u0119 miejscem zdrowego i estetycznego wzrostu ro\u015blin. Idealna do \u015bci\u00f3\u0142kowania, zapewnia skuteczn\u0105 ochron\u0119 ro\u015blin przed chwastami, blokuj\u0105c ich wzrost i minimalizuj\u0105c potrzeb\u0119 stosowania chemicznych \u015brodk\u00f3w chwastob\u00f3jczych. Agrow\u0142\u00f3knina 80g\/m\u00b2 czarna [&hellip;]<\/p>\n","protected":false},"featured_media":1050,"template":"","meta":{"_acf_changed":false,"wp_typography_post_enhancements_disabled":false},"product_brand":[],"product_cat":[57,68,70,67,69],"product_tag":[],"class_list":{"0":"post-1424","1":"product","2":"type-product","3":"status-publish","4":"has-post-thumbnail","6":"product_cat-agrowloknina","7":"product_cat-agrowloknina-pod-kamienie","8":"product_cat-agrowloknina-pod-rosliny","9":"product_cat-agrowloknina-przeciw-chwastom","10":"product_cat-agrowloknina-sciolkujaca","11":"pa_gramatura-agrowloknina-p-80","13":"first","14":"instock","15":"taxable","16":"shipping-taxable","17":"purchasable","18":"product-type-variable","19":"has-default-attributes"},"acf":[],"_links":{"self":[{"href":"https:\/\/sammler.com.pl\/en\/wp-json\/wp\/v2\/product\/1424","targetHints":{"allow":["GET"]}}],"collection":[{"href":"https:\/\/sammler.com.pl\/en\/wp-json\/wp\/v2\/product"}],"about":[{"href":"https:\/\/sammler.com.pl\/en\/wp-json\/wp\/v2\/types\/product"}],"wp:featuredmedia":[{"embeddable":true,"href":"https:\/\/sammler.com.pl\/en\/wp-json\/wp\/v2\/media\/1050"}],"wp:attachment":[{"href":"https:\/\/sammler.com.pl\/en\/wp-json\/wp\/v2\/media?parent=1424"}],"wp:term":[{"taxonomy":"product_brand","embeddable":true,"href":"https:\/\/sammler.com.pl\/en\/wp-json\/wp\/v2\/product_brand?post=1424"},{"taxonomy":"product_cat","embeddable":true,"href":"https:\/\/sammler.com.pl\/en\/wp-json\/wp\/v2\/product_cat?post=1424"},{"taxonomy":"product_tag","embeddable":true,"href":"https:\/\/sammler.com.pl\/en\/wp-json\/wp\/v2\/product_tag?post=1424"}],"curies":[{"name":"wp","href":"https:\/\/api.w.org\/{rel}","templated":true}]}}